{"id":2399,"date":"2024-05-08T12:31:33","date_gmt":"2024-05-08T10:31:33","guid":{"rendered":"https:\/\/zabiegilaserowe.com\/?page_id=2399"},"modified":"2024-05-08T12:45:47","modified_gmt":"2024-05-08T10:45:47","slug":"cart_","status":"publish","type":"page","link":"https:\/\/zabiegilaserowe.com\/uk\/cart_\/","title":{"rendered":"cart_"},"content":{"rendered":"<div data-elementor-type=\"wp-page\" data-elementor-id=\"2399\" class=\"elementor elementor-2399\" data-elementor-post-type=\"page\">\n\t\t\t\t\t\t<section class=\"elementor-section elementor-top-section elementor-element elementor-element-67aa75d5 elementor-section-boxed elementor-section-height-default elementor-section-height-default\" data-id=\"67aa75d5\" data-element_type=\"section\">\n\t\t\t\t\t\t<div class=\"elementor-container elementor-column-gap-default\">\n\t\t\t\t\t<div class=\"elementor-column elementor-col-100 elementor-top-column elementor-element elementor-element-8c8911c\" data-id=\"8c8911c\" data-element_type=\"column\">\n\t\t\t<div class=\"elementor-widget-wrap elementor-element-populated\">\n\t\t\t\t\t\t<div class=\"elementor-element elementor-element-4df64738 elementor-widget elementor-widget-text-editor\" data-id=\"4df64738\" data-element_type=\"widget\" data-widget_type=\"text-editor.default\">\n\t\t\t\t<div class=\"elementor-widget-container\">\n\t\t\t\t\t\t\t\t\t\n<h2 class=\"wp-block-heading\">\u041a\u043e\u0448\u0438\u043a<\/h2>\n\n\n\n<hr class=\"wp-block-separator has-alpha-channel-opacity\"\/>\n\n\n\n<div data-block-name=\"woocommerce\/cart\" class=\"wp-block-woocommerce-cart alignwide is-loading wc-block-cart\">\n<div data-block-name=\"woocommerce\/filled-cart-block\" class=\"wp-block-woocommerce-filled-cart-block\">\n<div data-block-name=\"woocommerce\/cart-items-block\" class=\"wp-block-woocommerce-cart-items-block\">\n<div data-block-name=\"woocommerce\/cart-line-items-block\" class=\"wp-block-woocommerce-cart-line-items-block\"><\/div>\n<\/div>\n\n\n\n<div data-block-name=\"woocommerce\/cart-totals-block\" class=\"wp-block-woocommerce-cart-totals-block\">\n<div data-block-name=\"woocommerce\/cart-order-summary-block\" class=\"wp-block-woocommerce-cart-order-summary-block\">\n<div data-block-name=\"woocommerce\/cart-order-summary-heading-block\" data-content=\"Podsumowanie koszyka\" class=\"wp-block-woocommerce-cart-order-summary-heading-block\"><\/div><div data-block-name=\"woocommerce\/cart-order-summary-coupon-form-block\" class=\"wp-block-woocommerce-cart-order-summary-coupon-form-block\"><\/div><div data-block-name=\"woocommerce\/cart-order-summary-totals-block\" class=\"wp-block-woocommerce-cart-order-summary-totals-block\">\n<div data-block-name=\"woocommerce\/cart-order-summary-subtotal-block\" class=\"wp-block-woocommerce-cart-order-summary-subtotal-block\"><\/div>\n<div data-block-name=\"woocommerce\/cart-order-summary-discount-block\" class=\"wp-block-woocommerce-cart-order-summary-discount-block\"><\/div>\n<div data-block-name=\"woocommerce\/cart-order-summary-fee-block\" class=\"wp-block-woocommerce-cart-order-summary-fee-block\"><\/div>\n<div data-block-name=\"woocommerce\/cart-order-summary-shipping-block\" class=\"wp-block-woocommerce-cart-order-summary-shipping-block\"><\/div>\n<div data-block-name=\"woocommerce\/cart-order-summary-taxes-block\" class=\"wp-block-woocommerce-cart-order-summary-taxes-block\"><\/div><\/div>\n<\/div>\n\n\n\n<div data-block-name=\"woocommerce\/cart-express-payment-block\" class=\"wp-block-woocommerce-cart-express-payment-block\"><\/div>\n\n\n\n<div data-block-name=\"woocommerce\/proceed-to-checkout-block\" class=\"wp-block-woocommerce-proceed-to-checkout-block\"><\/div>\n\n\n\n<div data-block-name=\"woocommerce\/cart-accepted-payment-methods-block\" class=\"wp-block-woocommerce-cart-accepted-payment-methods-block\"><\/div>\n<\/div>\n<\/div>\n\n\n\n<div data-block-name=\"woocommerce\/empty-cart-block\" class=\"wp-block-woocommerce-empty-cart-block\">\n<h2 class=\"wp-block-heading has-text-align-center with-empty-cart-icon wc-block-cart__empty-cart__title\">\u041d\u0430\u0440\u0430\u0437\u0456 \u0432\u0430\u0448 \u043a\u043e\u0448\u0438\u043a \u043f\u043e\u0440\u043e\u0436\u043d\u0456\u0439!<\/h2>\n\n\n\n<p class=\"has-text-align-center\"><a href=\"https:\/\/zabiegilaserowe.com\/uk\/sklep\/\">\u041f\u0435\u0440\u0435\u0433\u043b\u044f\u043d\u044c\u0442\u0435 \u043c\u0430\u0433\u0430\u0437\u0438\u043d<\/a><\/p>\n\n\n\n<hr class=\"wp-block-separator has-alpha-channel-opacity is-style-dots\"\/>\n\n\n\n<h2 class=\"wp-block-heading has-text-align-center\">\u041d\u043e\u0432\u0438\u043d\u043a\u0438 \u0432 \u043c\u0430\u0433\u0430\u0437\u0438\u043d\u0456<\/h2>\n\n\n<div data-block-name=\"woocommerce\/product-new\" data-columns=\"4\" data-rows=\"1\" class=\"wc-block-grid wp-block-product-new wp-block-woocommerce-product-new wc-block-product-new has-4-columns\"><ul class=\"wc-block-grid__products\"><li class=\"wc-block-grid__product\">\n\t\t\t\t<a href=\"https:\/\/zabiegilaserowe.com\/uk\/product\/pakiet-terapii-manualnej-twarzy\/\" class=\"wc-block-grid__product-link\">\n\t\t\t\t\t<div class=\"wc-block-grid__product-onsale\">\n\t\t\t<span aria-hidden=\"true\" data-no-translation=\"\" data-trp-gettext=\"\">\u0420\u043e\u0437\u043f\u0440\u043e\u0434\u0430\u0436<\/span>\n\t\t\t<span class=\"screen-reader-text\" data-no-translation=\"\" data-trp-gettext=\"\">\u0422\u043e\u0432\u0430\u0440 \u0437\u0456 \u0437\u043d\u0438\u0436\u043a\u043e\u044e<\/span>\n\t\t<\/div>\n\t\t\t\t\t<div class=\"wc-block-grid__product-image\"><img fetchpriority=\"high\" decoding=\"async\" width=\"300\" height=\"300\" src=\"https:\/\/zabiegilaserowe.com\/wp-content\/uploads\/2025\/10\/kobido-e1760689143184-300x300.webp\" class=\"attachment-woocommerce_thumbnail size-woocommerce_thumbnail\" alt=\"Pakiet terapii manualnej twarzy\" srcset=\"https:\/\/zabiegilaserowe.com\/wp-content\/uploads\/2025\/10\/kobido-e1760689143184-300x300.webp 300w, https:\/\/zabiegilaserowe.com\/wp-content\/uploads\/2025\/10\/kobido-e1760689143184-150x150.webp 150w, https:\/\/zabiegilaserowe.com\/wp-content\/uploads\/2025\/10\/kobido-e1760689143184-12x12.webp 12w, https:\/\/zabiegilaserowe.com\/wp-content\/uploads\/2025\/10\/kobido-e1760689143184-600x600.webp 600w, https:\/\/zabiegilaserowe.com\/wp-content\/uploads\/2025\/10\/kobido-e1760689143184-100x100.webp 100w, https:\/\/zabiegilaserowe.com\/wp-content\/uploads\/2025\/10\/kobido-e1760689143184.webp 683w\" sizes=\"(max-width: 300px) 100vw, 300px\" \/><\/div>\n\t\t\t\t\t<div class=\"wc-block-grid__product-title\">\u041f\u0430\u043a\u0435\u0442 \u043c\u0430\u043d\u0443\u0430\u043b\u044c\u043d\u043e\u0457 \u0442\u0435\u0440\u0430\u043f\u0456\u0457 \u043e\u0431\u043b\u0438\u0447\u0447\u044f<\/div>\n\t\t\t\t<\/a>\n\t\t\t\t<div class=\"wc-block-grid__product-price price\"><del aria-hidden=\"true\"><span class=\"woocommerce-Price-amount amount\">1 000,00&nbsp;<span class=\"woocommerce-Price-currencySymbol\">&#122;&#322;<\/span><\/span><\/del> <span class=\"screen-reader-text\" data-no-translation=\"\" data-trp-gettext=\"\">\u041e\u0440\u0438\u0433\u0456\u043d\u0430\u043b\u044c\u043d\u0430 \u0446\u0456\u043d\u0430: 1 000,00&nbsp;&#122;&#322;.<\/span><ins aria-hidden=\"true\"><span class=\"woocommerce-Price-amount amount\">800,00&nbsp;<span class=\"woocommerce-Price-currencySymbol\">&#122;&#322;<\/span><\/span><\/ins><span class=\"screen-reader-text\" data-no-translation=\"\" data-trp-gettext=\"\">\u041f\u043e\u0442\u043e\u0447\u043d\u0430 \u0446\u0456\u043d\u0430: 800,00&nbsp;&#122;&#322;.<\/span> <small class=\"woocommerce-price-suffix\">\u0432 \u0442.\u0447. \u041f\u0414\u0412<\/small><\/div>\n\t\t\t\t\n\t\t\t\t<div class=\"wp-block-button wc-block-grid__product-add-to-cart\"><a href=\"\/uk\/wp-json\/wp\/v2\/pages\/2399?add-to-cart=3555\" aria-label=\"\u0414\u043e\u0434\u0430\u0442\u0438 \u0432 \u043a\u043e\u0448\u0438\u043a: \u201cPakiet terapii manualnej twarzy\u201d\" data-quantity=\"1\" data-product_id=\"3555\" data-product_sku=\"\" data-price=\"800\" rel=\"nofollow\" class=\"wp-block-button__link  add_to_cart_button ajax_add_to_cart\" data-no-translation=\"\" data-trp-gettext=\"\" data-no-translation-aria-label=\"\">\u0414\u043e\u0434\u0430\u0442\u0438 \u0432 \u043a\u043e\u0448\u0438\u043a<\/a><\/div>\n\t\t\t<\/li><li class=\"wc-block-grid__product\">\n\t\t\t\t<a href=\"https:\/\/zabiegilaserowe.com\/uk\/product\/pakiet-zabiegow-terapii-laczonej\/\" class=\"wc-block-grid__product-link\">\n\t\t\t\t\t<div class=\"wc-block-grid__product-onsale\">\n\t\t\t<span aria-hidden=\"true\" data-no-translation=\"\" data-trp-gettext=\"\">\u0420\u043e\u0437\u043f\u0440\u043e\u0434\u0430\u0436<\/span>\n\t\t\t<span class=\"screen-reader-text\" data-no-translation=\"\" data-trp-gettext=\"\">\u0422\u043e\u0432\u0430\u0440 \u0437\u0456 \u0437\u043d\u0438\u0436\u043a\u043e\u044e<\/span>\n\t\t<\/div>\n\t\t\t\t\t<div class=\"wc-block-grid__product-image\"><img decoding=\"async\" width=\"300\" height=\"300\" src=\"https:\/\/zabiegilaserowe.com\/wp-content\/uploads\/2025\/10\/klatka_piersiowa-2-300x300.jpg\" class=\"attachment-woocommerce_thumbnail size-woocommerce_thumbnail\" alt=\"Pakiet zabieg\u00f3w terapii \u0142\u0105czonej\" srcset=\"https:\/\/zabiegilaserowe.com\/wp-content\/uploads\/2025\/10\/klatka_piersiowa-2-300x300.jpg 300w, https:\/\/zabiegilaserowe.com\/wp-content\/uploads\/2025\/10\/klatka_piersiowa-2-1024x1024.jpg 1024w, https:\/\/zabiegilaserowe.com\/wp-content\/uploads\/2025\/10\/klatka_piersiowa-2-150x150.jpg 150w, https:\/\/zabiegilaserowe.com\/wp-content\/uploads\/2025\/10\/klatka_piersiowa-2-768x768.jpg 768w, https:\/\/zabiegilaserowe.com\/wp-content\/uploads\/2025\/10\/klatka_piersiowa-2-1536x1536.jpg 1536w, https:\/\/zabiegilaserowe.com\/wp-content\/uploads\/2025\/10\/klatka_piersiowa-2-12x12.jpg 12w, https:\/\/zabiegilaserowe.com\/wp-content\/uploads\/2025\/10\/klatka_piersiowa-2-700x700.jpg 700w, https:\/\/zabiegilaserowe.com\/wp-content\/uploads\/2025\/10\/klatka_piersiowa-2-600x600.jpg 600w, https:\/\/zabiegilaserowe.com\/wp-content\/uploads\/2025\/10\/klatka_piersiowa-2-100x100.jpg 100w, https:\/\/zabiegilaserowe.com\/wp-content\/uploads\/2025\/10\/klatka_piersiowa-2.jpg 2048w\" sizes=\"(max-width: 300px) 100vw, 300px\" \/><\/div>\n\t\t\t\t\t<div class=\"wc-block-grid__product-title\">\u041a\u043e\u043c\u0431\u0456\u043d\u043e\u0432\u0430\u043d\u0430 \u0442\u0435\u0440\u0430\u043f\u0456\u044f \u043b\u0456\u043a\u0443\u0432\u0430\u043b\u044c\u043d\u0438\u0439 \u043f\u0430\u043a\u0435\u0442<\/div>\n\t\t\t\t<\/a>\n\t\t\t\t<div class=\"wc-block-grid__product-price price\"><del aria-hidden=\"true\"><span class=\"woocommerce-Price-amount amount\">1 400,00&nbsp;<span class=\"woocommerce-Price-currencySymbol\">&#122;&#322;<\/span><\/span><\/del> <span class=\"screen-reader-text\" data-no-translation=\"\" data-trp-gettext=\"\">\u041e\u0440\u0438\u0433\u0456\u043d\u0430\u043b\u044c\u043d\u0430 \u0446\u0456\u043d\u0430: 1 400,00&nbsp;&#122;&#322;.<\/span><ins aria-hidden=\"true\"><span class=\"woocommerce-Price-amount amount\">1 000,00&nbsp;<span class=\"woocommerce-Price-currencySymbol\">&#122;&#322;<\/span><\/span><\/ins><span class=\"screen-reader-text\" data-no-translation=\"\" data-trp-gettext=\"\">\u041f\u043e\u0442\u043e\u0447\u043d\u0430 \u0446\u0456\u043d\u0430: 1 000,00&nbsp;&#122;&#322;.<\/span> <small class=\"woocommerce-price-suffix\">\u0432 \u0442.\u0447. \u041f\u0414\u0412<\/small><\/div>\n\t\t\t\t\n\t\t\t\t<div class=\"wp-block-button wc-block-grid__product-add-to-cart\"><a href=\"\/uk\/wp-json\/wp\/v2\/pages\/2399?add-to-cart=3552\" aria-label=\"\u0414\u043e\u0434\u0430\u0442\u0438 \u0432 \u043a\u043e\u0448\u0438\u043a: \u201cPakiet zabieg\u00f3w terapii \u0142\u0105czonej\u201d\" data-quantity=\"1\" data-product_id=\"3552\" data-product_sku=\"\" data-price=\"1000\" rel=\"nofollow\" class=\"wp-block-button__link  add_to_cart_button ajax_add_to_cart\" data-no-translation=\"\" data-trp-gettext=\"\" data-no-translation-aria-label=\"\">\u0414\u043e\u0434\u0430\u0442\u0438 \u0432 \u043a\u043e\u0448\u0438\u043a<\/a><\/div>\n\t\t\t<\/li><li class=\"wc-block-grid__product\">\n\t\t\t\t<a href=\"https:\/\/zabiegilaserowe.com\/uk\/product\/pakiet-endermologii-na-cialo-lpg-alliance\/\" class=\"wc-block-grid__product-link\">\n\t\t\t\t\t<div class=\"wc-block-grid__product-onsale\">\n\t\t\t<span aria-hidden=\"true\" data-no-translation=\"\" data-trp-gettext=\"\">\u0420\u043e\u0437\u043f\u0440\u043e\u0434\u0430\u0436<\/span>\n\t\t\t<span class=\"screen-reader-text\" data-no-translation=\"\" data-trp-gettext=\"\">\u0422\u043e\u0432\u0430\u0440 \u0437\u0456 \u0437\u043d\u0438\u0436\u043a\u043e\u044e<\/span>\n\t\t<\/div>\n\t\t\t\t\t<div class=\"wc-block-grid__product-image\"><img decoding=\"async\" width=\"300\" height=\"300\" src=\"https:\/\/zabiegilaserowe.com\/wp-content\/uploads\/2025\/10\/LPG-300x300.png\" class=\"attachment-woocommerce_thumbnail size-woocommerce_thumbnail\" alt=\"Pakiet endermologii na cia\u0142o LPG Alliance\" srcset=\"https:\/\/zabiegilaserowe.com\/wp-content\/uploads\/2025\/10\/LPG-300x300.png 300w, https:\/\/zabiegilaserowe.com\/wp-content\/uploads\/2025\/10\/LPG-150x150.png 150w, https:\/\/zabiegilaserowe.com\/wp-content\/uploads\/2025\/10\/LPG-768x768.png 768w, https:\/\/zabiegilaserowe.com\/wp-content\/uploads\/2025\/10\/LPG-12x12.png 12w, https:\/\/zabiegilaserowe.com\/wp-content\/uploads\/2025\/10\/LPG-700x700.png 700w, https:\/\/zabiegilaserowe.com\/wp-content\/uploads\/2025\/10\/LPG-600x600.png 600w, https:\/\/zabiegilaserowe.com\/wp-content\/uploads\/2025\/10\/LPG-100x100.png 100w, https:\/\/zabiegilaserowe.com\/wp-content\/uploads\/2025\/10\/LPG.png 1024w\" sizes=\"(max-width: 300px) 100vw, 300px\" \/><\/div>\n\t\t\t\t\t<div class=\"wc-block-grid__product-title\">\u041f\u0430\u043a\u0435\u0442 \u0435\u043d\u0434\u0435\u0440\u043c\u043e\u043b\u043e\u0433\u0456\u0457 \u0442\u0456\u043b\u0430 LPG Alliance<\/div>\n\t\t\t\t<\/a>\n\t\t\t\t<div class=\"wc-block-grid__product-price price\"><del aria-hidden=\"true\"><span class=\"woocommerce-Price-amount amount\">2 500,00&nbsp;<span class=\"woocommerce-Price-currencySymbol\">&#122;&#322;<\/span><\/span><\/del> <span class=\"screen-reader-text\" data-no-translation=\"\" data-trp-gettext=\"\">\u041e\u0440\u0438\u0433\u0456\u043d\u0430\u043b\u044c\u043d\u0430 \u0446\u0456\u043d\u0430: 2 500,00&nbsp;&#122;&#322;.<\/span><ins aria-hidden=\"true\"><span class=\"woocommerce-Price-amount amount\">1 800,00&nbsp;<span class=\"woocommerce-Price-currencySymbol\">&#122;&#322;<\/span><\/span><\/ins><span class=\"screen-reader-text\" data-no-translation=\"\" data-trp-gettext=\"\">\u041f\u043e\u0442\u043e\u0447\u043d\u0430 \u0446\u0456\u043d\u0430: 1 800,00&nbsp;&#122;&#322;.<\/span> <small class=\"woocommerce-price-suffix\">\u0432 \u0442.\u0447. \u041f\u0414\u0412<\/small><\/div>\n\t\t\t\t\n\t\t\t\t<div class=\"wp-block-button wc-block-grid__product-add-to-cart\"><a href=\"\/uk\/wp-json\/wp\/v2\/pages\/2399?add-to-cart=3549\" aria-label=\"\u0414\u043e\u0434\u0430\u0442\u0438 \u0432 \u043a\u043e\u0448\u0438\u043a: \u201cPakiet endermologii na cia\u0142o LPG Alliance\u201d\" data-quantity=\"1\" data-product_id=\"3549\" data-product_sku=\"\" data-price=\"1800\" rel=\"nofollow\" class=\"wp-block-button__link  add_to_cart_button ajax_add_to_cart\" data-no-translation=\"\" data-trp-gettext=\"\" data-no-translation-aria-label=\"\">\u0414\u043e\u0434\u0430\u0442\u0438 \u0432 \u043a\u043e\u0448\u0438\u043a<\/a><\/div>\n\t\t\t<\/li><li class=\"wc-block-grid__product\">\n\t\t\t\t<a href=\"https:\/\/zabiegilaserowe.com\/uk\/product\/epilacja-laserowa-cale-cialo-bez-limitu\/\" class=\"wc-block-grid__product-link\">\n\t\t\t\t\t<div class=\"wc-block-grid__product-onsale\">\n\t\t\t<span aria-hidden=\"true\" data-no-translation=\"\" data-trp-gettext=\"\">\u0420\u043e\u0437\u043f\u0440\u043e\u0434\u0430\u0436<\/span>\n\t\t\t<span class=\"screen-reader-text\" data-no-translation=\"\" data-trp-gettext=\"\">\u0422\u043e\u0432\u0430\u0440 \u0437\u0456 \u0437\u043d\u0438\u0436\u043a\u043e\u044e<\/span>\n\t\t<\/div>\n\t\t\t\t\t<div class=\"wc-block-grid__product-image\"><img loading=\"lazy\" decoding=\"async\" width=\"300\" height=\"300\" src=\"https:\/\/zabiegilaserowe.com\/wp-content\/uploads\/2023\/08\/depilacja-laserowa-Pakiet-cale-Cialo-5997-zl-1.5-h-300x300.jpeg\" class=\"attachment-woocommerce_thumbnail size-woocommerce_thumbnail\" alt=\"Epilacja laserowa ca\u0142e cia\u0142o bez limitu\" srcset=\"https:\/\/zabiegilaserowe.com\/wp-content\/uploads\/2023\/08\/depilacja-laserowa-Pakiet-cale-Cialo-5997-zl-1.5-h-300x300.jpeg 300w, https:\/\/zabiegilaserowe.com\/wp-content\/uploads\/2023\/08\/depilacja-laserowa-Pakiet-cale-Cialo-5997-zl-1.5-h-150x150.jpeg 150w, https:\/\/zabiegilaserowe.com\/wp-content\/uploads\/2023\/08\/depilacja-laserowa-Pakiet-cale-Cialo-5997-zl-1.5-h-12x12.jpeg 12w, https:\/\/zabiegilaserowe.com\/wp-content\/uploads\/2023\/08\/depilacja-laserowa-Pakiet-cale-Cialo-5997-zl-1.5-h-600x600.jpeg 600w, https:\/\/zabiegilaserowe.com\/wp-content\/uploads\/2023\/08\/depilacja-laserowa-Pakiet-cale-Cialo-5997-zl-1.5-h-100x100.jpeg 100w, https:\/\/zabiegilaserowe.com\/wp-content\/uploads\/2023\/08\/depilacja-laserowa-Pakiet-cale-Cialo-5997-zl-1.5-h.jpeg 675w\" sizes=\"(max-width: 300px) 100vw, 300px\" \/><\/div>\n\t\t\t\t\t<div class=\"wc-block-grid__product-title\">\u041b\u0430\u0437\u0435\u0440\u043d\u0430 \u0435\u043f\u0456\u043b\u044f\u0446\u0456\u044f \u0432\u0441\u044c\u043e\u0433\u043e \u0442\u0456\u043b\u0430 \u0431\u0435\u0437 \u043e\u0431\u043c\u0435\u0436\u0435\u043d\u044c<\/div>\n\t\t\t\t<\/a>\n\t\t\t\t<div class=\"wc-block-grid__product-price price\"><del aria-hidden=\"true\"><span class=\"woocommerce-Price-amount amount\">10 000,00&nbsp;<span class=\"woocommerce-Price-currencySymbol\">&#122;&#322;<\/span><\/span><\/del> <span class=\"screen-reader-text\" data-no-translation=\"\" data-trp-gettext=\"\">\u041e\u0440\u0438\u0433\u0456\u043d\u0430\u043b\u044c\u043d\u0430 \u0446\u0456\u043d\u0430: 10 000,00&nbsp;&#122;&#322;.<\/span><ins aria-hidden=\"true\"><span class=\"woocommerce-Price-amount amount\">5 000,00&nbsp;<span class=\"woocommerce-Price-currencySymbol\">&#122;&#322;<\/span><\/span><\/ins><span class=\"screen-reader-text\" data-no-translation=\"\" data-trp-gettext=\"\">\u041f\u043e\u0442\u043e\u0447\u043d\u0430 \u0446\u0456\u043d\u0430: 5 000,00&nbsp;&#122;&#322;.<\/span> <small class=\"woocommerce-price-suffix\">\u0432 \u0442.\u0447. \u041f\u0414\u0412<\/small><\/div>\n\t\t\t\t\n\t\t\t\t<div class=\"wp-block-button wc-block-grid__product-add-to-cart\"><a href=\"\/uk\/wp-json\/wp\/v2\/pages\/2399?add-to-cart=3545\" aria-label=\"\u0414\u043e\u0434\u0430\u0442\u0438 \u0432 \u043a\u043e\u0448\u0438\u043a: \u201cEpilacja laserowa ca\u0142e cia\u0142o bez limitu\u201d\" data-quantity=\"1\" data-product_id=\"3545\" data-product_sku=\"\" data-price=\"5000\" rel=\"nofollow\" class=\"wp-block-button__link  add_to_cart_button ajax_add_to_cart\" data-no-translation=\"\" data-trp-gettext=\"\" data-no-translation-aria-label=\"\">\u0414\u043e\u0434\u0430\u0442\u0438 \u0432 \u043a\u043e\u0448\u0438\u043a<\/a><\/div>\n\t\t\t<\/li><\/ul><\/div><\/div>\n<\/div>\n\t\t\t\t\t\t\t\t<\/div>\n\t\t\t\t<\/div>\n\t\t\t\t\t<\/div>\n\t\t<\/div>\n\t\t\t\t\t<\/div>\n\t\t<\/section>\n\t\t\t\t<\/div>","protected":false},"excerpt":{"rendered":"<p>\u041a\u043e\u0448\u0438\u043a<\/p>","protected":false},"author":5,"featured_media":0,"parent":0,"menu_order":0,"comment_status":"closed","ping_status":"closed","template":"","meta":{"footnotes":""},"class_list":["post-2399","page","type-page","status-publish","hentry"],"_links":{"self":[{"href":"https:\/\/zabiegilaserowe.com\/uk\/wp-json\/wp\/v2\/pages\/2399","targetHints":{"allow":["GET"]}}],"collection":[{"href":"https:\/\/zabiegilaserowe.com\/uk\/wp-json\/wp\/v2\/pages"}],"about":[{"href":"https:\/\/zabiegilaserowe.com\/uk\/wp-json\/wp\/v2\/types\/page"}],"author":[{"embeddable":true,"href":"https:\/\/zabiegilaserowe.com\/uk\/wp-json\/wp\/v2\/users\/5"}],"replies":[{"embeddable":true,"href":"https:\/\/zabiegilaserowe.com\/uk\/wp-json\/wp\/v2\/comments?post=2399"}],"version-history":[{"count":6,"href":"https:\/\/zabiegilaserowe.com\/uk\/wp-json\/wp\/v2\/pages\/2399\/revisions"}],"predecessor-version":[{"id":2408,"href":"https:\/\/zabiegilaserowe.com\/uk\/wp-json\/wp\/v2\/pages\/2399\/revisions\/2408"}],"wp:attachment":[{"href":"https:\/\/zabiegilaserowe.com\/uk\/wp-json\/wp\/v2\/media?parent=2399"}],"curies":[{"name":"wp","href":"https:\/\/api.w.org\/{rel}","templated":true}]}}