{"id":85,"date":"2022-03-04T14:39:41","date_gmt":"2022-03-04T13:39:41","guid":{"rendered":"https:\/\/zabiegilaserowe.com\/?page_id=85"},"modified":"2023-08-02T19:40:15","modified_gmt":"2023-08-02T17:40:15","slug":"zabiegi-arosha","status":"publish","type":"page","link":"https:\/\/zabiegilaserowe.com\/pl_pl\/zabiegi-arosha\/","title":{"rendered":"Zabiegi Arosha"},"content":{"rendered":"\t\t<div data-elementor-type=\"wp-page\" data-elementor-id=\"85\" class=\"elementor elementor-85\" data-elementor-post-type=\"page\">\n\t\t\t\t\t\t<section class=\"elementor-section elementor-top-section elementor-element elementor-element-625b4b80 elementor-section-full_width elementor-section-height-min-height elementor-section-items-stretch elementor-section-content-middle elementor-section-height-default\" data-id=\"625b4b80\" data-element_type=\"section\">\n\t\t\t\t\t\t<div class=\"elementor-container elementor-column-gap-no\">\n\t\t\t\t\t<div class=\"elementor-column elementor-col-50 elementor-top-column elementor-element elementor-element-19165688\" data-id=\"19165688\" data-element_type=\"column\" data-settings=\"{&quot;background_background&quot;:&quot;classic&quot;}\">\n\t\t\t<div class=\"elementor-widget-wrap elementor-element-populated\">\n\t\t\t\t\t\t<div class=\"elementor-element elementor-element-71648aff elementor-widget elementor-widget-spacer\" data-id=\"71648aff\" data-element_type=\"widget\" data-widget_type=\"spacer.default\">\n\t\t\t\t<div class=\"elementor-widget-container\">\n\t\t\t\t\t\t\t<div class=\"elementor-spacer\">\n\t\t\t<div class=\"elementor-spacer-inner\"><\/div>\n\t\t<\/div>\n\t\t\t\t\t\t<\/div>\n\t\t\t\t<\/div>\n\t\t\t\t\t<\/div>\n\t\t<\/div>\n\t\t\t\t<div class=\"elementor-column elementor-col-50 elementor-top-column elementor-element elementor-element-764a1883\" data-id=\"764a1883\" data-element_type=\"column\" data-settings=\"{&quot;background_background&quot;:&quot;classic&quot;}\">\n\t\t\t<div class=\"elementor-widget-wrap elementor-element-populated\">\n\t\t\t\t\t\t<div class=\"elementor-element elementor-element-398d155f elementor-widget elementor-widget-heading\" data-id=\"398d155f\" data-element_type=\"widget\" data-widget_type=\"heading.default\">\n\t\t\t\t<div class=\"elementor-widget-container\">\n\t\t\t\t\t<h4 class=\"elementor-heading-title elementor-size-default\">NA CZYM POLEGAJ\u0104 ZABIEGI AROSHA?<\/h4>\t\t\t\t<\/div>\n\t\t\t\t<\/div>\n\t\t\t\t<div class=\"elementor-element elementor-element-5cc5f670 elementor-widget elementor-widget-text-editor\" data-id=\"5cc5f670\" data-element_type=\"widget\" data-widget_type=\"text-editor.default\">\n\t\t\t\t<div class=\"elementor-widget-container\">\n\t\t\t\t\t\t\t\t\t<p>Arosha jest oryginaln\u0105 terapi\u0105, w kt\u00f3rej wykorzystuje si\u0119 innowacyjne, przebadane klinicznie banda\u017ce \u2013 nas\u0105czone kombinacj\u0105 sk\u0142adnik\u00f3w od\u017cywczych. Te nieinwazyjne zabiegi wyszczuplaj\u0105, drenuj\u0105, modeluj\u0105, uj\u0119drniaj\u0105, redukuj\u0105 cellulit. Rezultaty zabiegu s\u0105 widoczne od razu!<\/p>\t\t\t\t\t\t\t\t<\/div>\n\t\t\t\t<\/div>\n\t\t\t\t<div class=\"elementor-element elementor-element-ffd94c3 elementor-widget elementor-widget-heading\" data-id=\"ffd94c3\" data-element_type=\"widget\" data-widget_type=\"heading.default\">\n\t\t\t\t<div class=\"elementor-widget-container\">\n\t\t\t\t\t<h4 class=\"elementor-heading-title elementor-size-default\">W JAKI SPOS\u00d3B JA WYKONUJ\u0118 ZABIEG AROSHA?<\/h4>\t\t\t\t<\/div>\n\t\t\t\t<\/div>\n\t\t\t\t<div class=\"elementor-element elementor-element-e439e0b elementor-widget elementor-widget-text-editor\" data-id=\"e439e0b\" data-element_type=\"widget\" data-widget_type=\"text-editor.default\">\n\t\t\t\t<div class=\"elementor-widget-container\">\n\t\t\t\t\t\t\t\t\t<p>W pierwszej kolejno\u015bci zawsze przeprowadzam obszern\u0105 konsultacj\u0119. Wykorzystuj\u0119 takie narz\u0119dzia pomiarowe jak analizator sk\u0142adu cia\u0142a Tanity, miark\u0119 medyczn\u0105, detektor cellulitu. Po ustaleniu najwa\u017cniejszych kwestii rozpoczynam zabieg:<\/p><ul><li>Rozpoczynam Arosha od szczotkowania cia\u0142a. Przy okazji zach\u0119cam ka\u017cdego do regularnego szczotkowania cia\u0142a na sucho. Szczotka Aroshy wykonana jest ze specjalnego w\u0142\u00f3kna ro\u015blinnego, kt\u00f3re ro\u015bnie tylko w Meksyku \u2013 regularne szczotkowanie cia\u0142a poprawia mikrokr\u0105\u017cenie, redukuje cellulit, detoksykuje organizm, uj\u0119drnia i wyg\u0142adza sk\u00f3r\u0119, a nawet redukuje stres.<\/li><li>Nast\u0119pnie cia\u0142o Klienta peelinguje za pomoc\u0105 zwykle kwasu glikolowego.<\/li><li>Nast\u0119pnie rozprowadzam odpowiednio wybrane ampu\u0142ki w obszarze problemowym.<\/li><li>Przyst\u0119puje do banda\u017cowania cia\u0142a jednorazowymi, odpowiednio wybranymi przeze mnie banda\u017cami, nas\u0105czonymi sk\u0142adnikami aktywnymi.<\/li><li>Arosha zawsze wykonuj\u0119 z drena\u017cem limfatycznym i zazwyczaj stosuje dzia\u0142anie termiczne.<\/li><li>Nast\u0119pnie z wykorzystaniem synergicznych sk\u0142adnik\u00f3w Arosha, wykonuj\u0119 masa\u017c manualny antycellulitowy oraz nak\u0142adam odpowiedni krem wyko\u0144czeniowy.<\/li><\/ul>\t\t\t\t\t\t\t\t<\/div>\n\t\t\t\t<\/div>\n\t\t\t\t<div class=\"elementor-element elementor-element-f006a94 elementor-widget elementor-widget-heading\" data-id=\"f006a94\" data-element_type=\"widget\" data-widget_type=\"heading.default\">\n\t\t\t\t<div class=\"elementor-widget-container\">\n\t\t\t\t\t<h4 class=\"elementor-heading-title elementor-size-default\">JAK SZYBKO MOG\u0118 SPODZIEWA\u0106 SI\u0118 EFEKT\u00d3W PO ZABIEGU AROSHA?<\/h4>\t\t\t\t<\/div>\n\t\t\t\t<\/div>\n\t\t\t\t<div class=\"elementor-element elementor-element-38b9345 elementor-widget elementor-widget-text-editor\" data-id=\"38b9345\" data-element_type=\"widget\" data-widget_type=\"text-editor.default\">\n\t\t\t\t<div class=\"elementor-widget-container\">\n\t\t\t\t\t\t\t\t\t<p>Ju\u017c po pierwszym zabiegu mo\u017cna zaobserwowa\u0107 ubytek centymetr\u00f3w w obwodzie cia\u0142a oraz znaczn\u0105 popraw\u0119 kondycji sk\u00f3ry, kt\u00f3ra staje si\u0119 bardziej napi\u0119ta, g\u0142adka, od\u017cywiona i j\u0119drna.<\/p>\t\t\t\t\t\t\t\t<\/div>\n\t\t\t\t<\/div>\n\t\t\t\t<div class=\"elementor-element elementor-element-0682765 elementor-widget elementor-widget-heading\" data-id=\"0682765\" data-element_type=\"widget\" data-widget_type=\"heading.default\">\n\t\t\t\t<div class=\"elementor-widget-container\">\n\t\t\t\t\t<h4 class=\"elementor-heading-title elementor-size-default\">JAKA JEST CZ\u0118STOTLIWO\u015a\u0106 WYKONYWANIA ZABIEG\u00d3W?<\/h4>\t\t\t\t<\/div>\n\t\t\t\t<\/div>\n\t\t\t\t<div class=\"elementor-element elementor-element-3f0b444 elementor-widget elementor-widget-text-editor\" data-id=\"3f0b444\" data-element_type=\"widget\" data-widget_type=\"text-editor.default\">\n\t\t\t\t<div class=\"elementor-widget-container\">\n\t\t\t\t\t\t\t\t\t<p>Je\u017celi Aroha przeprowadzana jest z inn\u0105 terapi\u0105 na cia\u0142o, to zazwyczaj zabieg jest powtarzany raz w tygodniu. Wykonuj\u0119 przewa\u017cnie 8 zabieg\u00f3w na cia\u0142o.<\/p>\t\t\t\t\t\t\t\t<\/div>\n\t\t\t\t<\/div>\n\t\t\t\t\t<\/div>\n\t\t<\/div>\n\t\t\t\t\t<\/div>\n\t\t<\/section>\n\t\t\t\t<section class=\"elementor-section elementor-top-section elementor-element elementor-element-799420b elementor-section-boxed elementor-section-height-default elementor-section-height-default\" data-id=\"799420b\" data-element_type=\"section\">\n\t\t\t\t\t\t<div class=\"elementor-container elementor-column-gap-default\">\n\t\t\t\t\t<div class=\"elementor-column elementor-col-100 elementor-top-column elementor-element elementor-element-6f09dfc\" data-id=\"6f09dfc\" data-element_type=\"column\">\n\t\t\t<div class=\"elementor-widget-wrap elementor-element-populated\">\n\t\t\t\t\t\t<div class=\"elementor-element elementor-element-b87a2e4 elementor-widget elementor-widget-heading\" data-id=\"b87a2e4\" data-element_type=\"widget\" data-widget_type=\"heading.default\">\n\t\t\t\t<div class=\"elementor-widget-container\">\n\t\t\t\t\t<h4 class=\"elementor-heading-title elementor-size-default\">Efekt po wykonaniu 1 zabiegu AROSHA<\/h4>\t\t\t\t<\/div>\n\t\t\t\t<\/div>\n\t\t\t\t<div class=\"elementor-element elementor-element-e7f60d9 elementor-widget elementor-widget-gallery\" data-id=\"e7f60d9\" data-element_type=\"widget\" data-settings=\"{&quot;gallery_layout&quot;:&quot;justified&quot;,&quot;lazyload&quot;:&quot;yes&quot;,&quot;ideal_row_height&quot;:{&quot;unit&quot;:&quot;px&quot;,&quot;size&quot;:200,&quot;sizes&quot;:[]},&quot;ideal_row_height_tablet&quot;:{&quot;unit&quot;:&quot;px&quot;,&quot;size&quot;:150,&quot;sizes&quot;:[]},&quot;ideal_row_height_mobile&quot;:{&quot;unit&quot;:&quot;px&quot;,&quot;size&quot;:150,&quot;sizes&quot;:[]},&quot;gap&quot;:{&quot;unit&quot;:&quot;px&quot;,&quot;size&quot;:10,&quot;sizes&quot;:[]},&quot;gap_tablet&quot;:{&quot;unit&quot;:&quot;px&quot;,&quot;size&quot;:10,&quot;sizes&quot;:[]},&quot;gap_mobile&quot;:{&quot;unit&quot;:&quot;px&quot;,&quot;size&quot;:10,&quot;sizes&quot;:[]},&quot;content_hover_animation&quot;:&quot;fade-in&quot;}\" data-widget_type=\"gallery.default\">\n\t\t\t\t<div class=\"elementor-widget-container\">\n\t\t\t\t\t\t\t<div class=\"elementor-gallery__container\">\n\t\t\t\t\t\t\t<div class=\"e-gallery-item elementor-gallery-item elementor-animated-content\">\n\t\t\t\t\t<div class=\"e-gallery-image elementor-gallery-item__image\" data-thumbnail=\"https:\/\/zabiegilaserowe.com\/wp-content\/uploads\/2022\/05\/WhatsApp-Image-2022-05-25-at-18.55.55-300x300.jpeg\" data-width=\"300\" data-height=\"300\" aria-label=\"\" role=\"img\" ><\/div>\n\t\t\t\t\t\t\t\t\t\t\t\t\t\t<\/div>\n\t\t\t\t\t\t\t<div class=\"e-gallery-item elementor-gallery-item elementor-animated-content\">\n\t\t\t\t\t<div class=\"e-gallery-image elementor-gallery-item__image\" data-thumbnail=\"https:\/\/zabiegilaserowe.com\/wp-content\/uploads\/2022\/05\/WhatsApp-Image-2022-05-25-at-18.55.35-300x300.jpeg\" data-width=\"300\" data-height=\"300\" aria-label=\"\" role=\"img\" ><\/div>\n\t\t\t\t\t\t\t\t\t\t\t\t\t\t<\/div>\n\t\t\t\t\t\t\t<div class=\"e-gallery-item elementor-gallery-item elementor-animated-content\">\n\t\t\t\t\t<div class=\"e-gallery-image elementor-gallery-item__image\" data-thumbnail=\"https:\/\/zabiegilaserowe.com\/wp-content\/uploads\/2022\/05\/WhatsApp-Image-2022-05-25-at-18.55.45-300x300.jpeg\" data-width=\"300\" data-height=\"300\" aria-label=\"\" role=\"img\" ><\/div>\n\t\t\t\t\t\t\t\t\t\t\t\t\t\t<\/div>\n\t\t\t\t\t\t\t<div class=\"e-gallery-item elementor-gallery-item elementor-animated-content\">\n\t\t\t\t\t<div class=\"e-gallery-image elementor-gallery-item__image\" data-thumbnail=\"https:\/\/zabiegilaserowe.com\/wp-content\/uploads\/2022\/05\/WhatsApp-Image-2022-05-25-at-18.54.33-300x300.jpeg\" data-width=\"300\" data-height=\"300\" aria-label=\"\" role=\"img\" ><\/div>\n\t\t\t\t\t\t\t\t\t\t\t\t\t\t<\/div>\n\t\t\t\t\t\t\t<div class=\"e-gallery-item elementor-gallery-item elementor-animated-content\">\n\t\t\t\t\t<div class=\"e-gallery-image elementor-gallery-item__image\" data-thumbnail=\"https:\/\/zabiegilaserowe.com\/wp-content\/uploads\/2022\/05\/WhatsApp-Image-2022-05-25-at-18.54.21-300x300.jpeg\" data-width=\"300\" data-height=\"300\" aria-label=\"\" role=\"img\" ><\/div>\n\t\t\t\t\t\t\t\t\t\t\t\t\t\t<\/div>\n\t\t\t\t\t\t\t<div class=\"e-gallery-item elementor-gallery-item elementor-animated-content\">\n\t\t\t\t\t<div class=\"e-gallery-image elementor-gallery-item__image\" data-thumbnail=\"https:\/\/zabiegilaserowe.com\/wp-content\/uploads\/2022\/05\/WhatsApp-Image-2022-05-25-at-18.54.50-300x119.jpeg\" data-width=\"300\" data-height=\"119\" aria-label=\"\" role=\"img\" ><\/div>\n\t\t\t\t\t\t\t\t\t\t\t\t\t\t<\/div>\n\t\t\t\t\t\t\t<div class=\"e-gallery-item elementor-gallery-item elementor-animated-content\">\n\t\t\t\t\t<div class=\"e-gallery-image elementor-gallery-item__image\" data-thumbnail=\"https:\/\/zabiegilaserowe.com\/wp-content\/uploads\/2022\/05\/WhatsApp-Image-2022-05-25-at-18.55.23-300x149.jpeg\" data-width=\"300\" data-height=\"149\" aria-label=\"\" role=\"img\" ><\/div>\n\t\t\t\t\t\t\t\t\t\t\t\t\t\t<\/div>\n\t\t\t\t\t<\/div>\n\t\t\t\t\t<\/div>\n\t\t\t\t<\/div>\n\t\t\t\t\t<\/div>\n\t\t<\/div>\n\t\t\t\t\t<\/div>\n\t\t<\/section>\n\t\t\t\t<\/div>\n\t\t","protected":false},"excerpt":{"rendered":"<p>NA CZYM POLEGAJ\u0104 ZABIEGI AROSHA? Arosha jest oryginaln\u0105 terapi\u0105, w kt\u00f3rej wykorzystuje si\u0119 innowacyjne, przebadane klinicznie banda\u017ce \u2013 nas\u0105czone kombinacj\u0105 sk\u0142adnik\u00f3w od\u017cywczych. Te nieinwazyjne zabiegi wyszczuplaj\u0105, drenuj\u0105, modeluj\u0105, uj\u0119drniaj\u0105, redukuj\u0105 cellulit. Rezultaty zabiegu s\u0105 widoczne od razu! W JAKI SPOS\u00d3B JA WYKONUJ\u0118 ZABIEG AROSHA? W pierwszej kolejno\u015bci zawsze przeprowadzam obszern\u0105 konsultacj\u0119. Wykorzystuj\u0119 takie narz\u0119dzia pomiarowe [&hellip;]<\/p>\n","protected":false},"author":5,"featured_media":0,"parent":0,"menu_order":0,"comment_status":"closed","ping_status":"closed","template":"","meta":{"footnotes":""},"class_list":["post-85","page","type-page","status-publish","hentry"],"_links":{"self":[{"href":"https:\/\/zabiegilaserowe.com\/pl_pl\/wp-json\/wp\/v2\/pages\/85","targetHints":{"allow":["GET"]}}],"collection":[{"href":"https:\/\/zabiegilaserowe.com\/pl_pl\/wp-json\/wp\/v2\/pages"}],"about":[{"href":"https:\/\/zabiegilaserowe.com\/pl_pl\/wp-json\/wp\/v2\/types\/page"}],"author":[{"embeddable":true,"href":"https:\/\/zabiegilaserowe.com\/pl_pl\/wp-json\/wp\/v2\/users\/5"}],"replies":[{"embeddable":true,"href":"https:\/\/zabiegilaserowe.com\/pl_pl\/wp-json\/wp\/v2\/comments?post=85"}],"version-history":[{"count":61,"href":"https:\/\/zabiegilaserowe.com\/pl_pl\/wp-json\/wp\/v2\/pages\/85\/revisions"}],"predecessor-version":[{"id":2066,"href":"https:\/\/zabiegilaserowe.com\/pl_pl\/wp-json\/wp\/v2\/pages\/85\/revisions\/2066"}],"wp:attachment":[{"href":"https:\/\/zabiegilaserowe.com\/pl_pl\/wp-json\/wp\/v2\/media?parent=85"}],"curies":[{"name":"wp","href":"https:\/\/api.w.org\/{rel}","templated":true}]}}