{"id":396,"date":"2022-03-14T11:51:36","date_gmt":"2022-03-14T10:51:36","guid":{"rendered":"https:\/\/zabiegilaserowe.com\/?page_id=396"},"modified":"2025-10-21T10:01:34","modified_gmt":"2025-10-21T08:01:34","slug":"szkolenia","status":"publish","type":"page","link":"https:\/\/zabiegilaserowe.com\/pl_pl\/szkolenia\/","title":{"rendered":"Szkolenia"},"content":{"rendered":"\t\t<div data-elementor-type=\"wp-page\" data-elementor-id=\"396\" class=\"elementor elementor-396\" data-elementor-post-type=\"page\">\n\t\t\t\t<div class=\"elementor-element elementor-element-7bd8685 e-flex e-con-boxed e-con e-parent\" data-id=\"7bd8685\" data-element_type=\"container\">\n\t\t\t\t\t<div class=\"e-con-inner\">\n\t\t<div class=\"elementor-element elementor-element-fd4093e e-con-full e-flex e-con e-child\" data-id=\"fd4093e\" data-element_type=\"container\">\n\t\t\t\t<div class=\"elementor-element elementor-element-84bd344 elementor-widget elementor-widget-image\" data-id=\"84bd344\" data-element_type=\"widget\" data-widget_type=\"image.default\">\n\t\t\t\t<div class=\"elementor-widget-container\">\n\t\t\t\t\t\t\t\t\t\t\t\t\t\t\t<img fetchpriority=\"high\" decoding=\"async\" width=\"800\" height=\"800\" src=\"https:\/\/zabiegilaserowe.com\/wp-content\/uploads\/2025\/10\/logo-4-1024x1024.jpg\" class=\"attachment-large size-large wp-image-3688\" alt=\"\" srcset=\"https:\/\/zabiegilaserowe.com\/wp-content\/uploads\/2025\/10\/logo-4-1024x1024.jpg 1024w, https:\/\/zabiegilaserowe.com\/wp-content\/uploads\/2025\/10\/logo-4-300x300.jpg 300w, https:\/\/zabiegilaserowe.com\/wp-content\/uploads\/2025\/10\/logo-4-150x150.jpg 150w, https:\/\/zabiegilaserowe.com\/wp-content\/uploads\/2025\/10\/logo-4-768x768.jpg 768w, https:\/\/zabiegilaserowe.com\/wp-content\/uploads\/2025\/10\/logo-4-12x12.jpg 12w, https:\/\/zabiegilaserowe.com\/wp-content\/uploads\/2025\/10\/logo-4-700x700.jpg 700w, https:\/\/zabiegilaserowe.com\/wp-content\/uploads\/2025\/10\/logo-4-600x600.jpg 600w, https:\/\/zabiegilaserowe.com\/wp-content\/uploads\/2025\/10\/logo-4-100x100.jpg 100w, https:\/\/zabiegilaserowe.com\/wp-content\/uploads\/2025\/10\/logo-4.jpg 1186w\" sizes=\"(max-width: 800px) 100vw, 800px\" \/>\t\t\t\t\t\t\t\t\t\t\t\t\t\t\t<\/div>\n\t\t\t\t<\/div>\n\t\t\t\t<\/div>\n\t\t<div class=\"elementor-element elementor-element-f482829 e-con-full e-flex e-con e-child\" data-id=\"f482829\" data-element_type=\"container\">\n\t\t\t\t<div class=\"elementor-element elementor-element-7fc8f2d elementor-widget elementor-widget-heading\" data-id=\"7fc8f2d\" data-element_type=\"widget\" data-widget_type=\"heading.default\">\n\t\t\t\t<div class=\"elementor-widget-container\">\n\t\t\t\t\t<h4 class=\"elementor-heading-title elementor-size-default\">Szkolenia<\/h4>\t\t\t\t<\/div>\n\t\t\t\t<\/div>\n\t\t\t\t<div class=\"elementor-element elementor-element-4065397 elementor-button-align-start elementor-widget elementor-widget-form\" data-id=\"4065397\" data-element_type=\"widget\" data-settings=\"{&quot;step_next_label&quot;:&quot;Next&quot;,&quot;step_previous_label&quot;:&quot;Previous&quot;,&quot;button_width&quot;:&quot;25&quot;,&quot;step_type&quot;:&quot;number_text&quot;,&quot;step_icon_shape&quot;:&quot;circle&quot;}\" data-widget_type=\"form.default\">\n\t\t\t\t<div class=\"elementor-widget-container\">\n\t\t\t\t\t\t\t<form class=\"elementor-form\" method=\"post\" name=\"New Form\" aria-label=\"New Form\">\n\t\t\t<input type=\"hidden\" name=\"post_id\" value=\"396\"\/>\n\t\t\t<input type=\"hidden\" name=\"form_id\" value=\"4065397\"\/>\n\t\t\t<input type=\"hidden\" name=\"referer_title\" value=\"Szkolenia - Zabiegi na cialo oraz Depilacja Laserowa\" \/>\n\n\t\t\t\t\t\t\t<input type=\"hidden\" name=\"queried_id\" value=\"396\"\/>\n\t\t\t\n\t\t\t<div class=\"elementor-form-fields-wrapper elementor-labels-\">\n\t\t\t\t\t\t\t\t<div class=\"elementor-field-type-text elementor-field-group elementor-column elementor-field-group-name elementor-col-25\">\n\t\t\t\t\t\t\t\t\t\t\t\t<label for=\"form-field-name\" class=\"elementor-field-label elementor-screen-only\">\n\t\t\t\t\t\t\t\tName\t\t\t\t\t\t\t<\/label>\n\t\t\t\t\t\t\t\t\t\t\t\t\t\t<input size=\"1\" type=\"text\" name=\"form_fields[name]\" id=\"form-field-name\" class=\"elementor-field elementor-size-sm  elementor-field-textual\" placeholder=\"Name\">\n\t\t\t\t\t\t\t\t\t\t\t<\/div>\n\t\t\t\t\t\t\t\t<div class=\"elementor-field-type-email elementor-field-group elementor-column elementor-field-group-email elementor-col-25 elementor-field-required\">\n\t\t\t\t\t\t\t\t\t\t\t\t<label for=\"form-field-email\" class=\"elementor-field-label elementor-screen-only\">\n\t\t\t\t\t\t\t\tEmail\t\t\t\t\t\t\t<\/label>\n\t\t\t\t\t\t\t\t\t\t\t\t\t\t<input size=\"1\" type=\"email\" name=\"form_fields[email]\" id=\"form-field-email\" class=\"elementor-field elementor-size-sm  elementor-field-textual\" placeholder=\"Email\" required=\"required\">\n\t\t\t\t\t\t\t\t\t\t\t<\/div>\n\t\t\t\t\t\t\t\t<div class=\"elementor-field-group elementor-column elementor-field-type-submit elementor-col-25 e-form__buttons\">\n\t\t\t\t\t<button class=\"elementor-button elementor-size-sm elementor-animation-grow\" type=\"submit\">\n\t\t\t\t\t\t<span class=\"elementor-button-content-wrapper\">\n\t\t\t\t\t\t\t\t\t\t\t\t\t\t\t\t\t\t\t\t\t\t<span class=\"elementor-button-text\">Formularz zg\u0142oszeniowy<\/span>\n\t\t\t\t\t\t\t\t\t\t\t\t\t<\/span>\n\t\t\t\t\t<\/button>\n\t\t\t\t<\/div>\n\t\t\t<\/div>\n\t\t<\/form>\n\t\t\t\t\t\t<\/div>\n\t\t\t\t<\/div>\n\t\t\t\t<div class=\"elementor-element elementor-element-05374d4 elementor-widget elementor-widget-text-editor\" data-id=\"05374d4\" data-element_type=\"widget\" data-widget_type=\"text-editor.default\">\n\t\t\t\t<div class=\"elementor-widget-container\">\n\t\t\t\t\t\t\t\t\t<ol><li>Szkolenia i kursy trwaj\u0105 od 1-3 dni<\/li><li>Termin ustalany jest indywidualnie<\/li><li>Wyb\u00f3r terapii \u0142\u0105czonych ustalamy indywidualnie<\/li><li>Zapewniamy modelki<\/li><li>Koszt szkolenia ustalamy indywidualnie<\/li><\/ol>\t\t\t\t\t\t\t\t<\/div>\n\t\t\t\t<\/div>\n\t\t\t\t<\/div>\n\t\t\t\t\t<\/div>\n\t\t\t\t<\/div>\n\t\t\t\t<\/div>\n\t\t","protected":false},"excerpt":{"rendered":"<p>Szkolenia Szkolenia i kursy trwaj\u0105 od 1-3 dni Termin ustalany jest indywidualnie Wyb\u00f3r terapii \u0142\u0105czonych ustalamy indywidualnie Zapewniamy modelki Koszt szkolenia ustalamy indywidualnie<\/p>\n","protected":false},"author":5,"featured_media":0,"parent":0,"menu_order":0,"comment_status":"closed","ping_status":"closed","template":"","meta":{"footnotes":""},"class_list":["post-396","page","type-page","status-publish","hentry"],"_links":{"self":[{"href":"https:\/\/zabiegilaserowe.com\/pl_pl\/wp-json\/wp\/v2\/pages\/396","targetHints":{"allow":["GET"]}}],"collection":[{"href":"https:\/\/zabiegilaserowe.com\/pl_pl\/wp-json\/wp\/v2\/pages"}],"about":[{"href":"https:\/\/zabiegilaserowe.com\/pl_pl\/wp-json\/wp\/v2\/types\/page"}],"author":[{"embeddable":true,"href":"https:\/\/zabiegilaserowe.com\/pl_pl\/wp-json\/wp\/v2\/users\/5"}],"replies":[{"embeddable":true,"href":"https:\/\/zabiegilaserowe.com\/pl_pl\/wp-json\/wp\/v2\/comments?post=396"}],"version-history":[{"count":37,"href":"https:\/\/zabiegilaserowe.com\/pl_pl\/wp-json\/wp\/v2\/pages\/396\/revisions"}],"predecessor-version":[{"id":3694,"href":"https:\/\/zabiegilaserowe.com\/pl_pl\/wp-json\/wp\/v2\/pages\/396\/revisions\/3694"}],"wp:attachment":[{"href":"https:\/\/zabiegilaserowe.com\/pl_pl\/wp-json\/wp\/v2\/media?parent=396"}],"curies":[{"name":"wp","href":"https:\/\/api.w.org\/{rel}","templated":true}]}}