{"id":3,"date":"2022-03-04T12:19:02","date_gmt":"2022-03-04T11:19:02","guid":{"rendered":"http:\/\/s714366143.websitehome.co.uk\/zabieginacialo\/?page_id=3"},"modified":"2025-10-29T17:34:09","modified_gmt":"2025-10-29T16:34:09","slug":"polityka-prywatnosci","status":"publish","type":"page","link":"https:\/\/zabiegilaserowe.com\/pl_pl\/polityka-prywatnosci\/","title":{"rendered":"Polityka prywatno\u015bci"},"content":{"rendered":"\t\t<div data-elementor-type=\"wp-page\" data-elementor-id=\"3\" class=\"elementor elementor-3\" data-elementor-post-type=\"page\">\n\t\t\t\t\t\t<section class=\"elementor-section elementor-top-section elementor-element elementor-element-65c4ea71 elementor-section-boxed elementor-section-height-default elementor-section-height-default\" data-id=\"65c4ea71\" data-element_type=\"section\">\n\t\t\t\t\t\t<div class=\"elementor-container elementor-column-gap-default\">\n\t\t\t\t\t<div class=\"elementor-column elementor-col-100 elementor-top-column elementor-element elementor-element-1d5989c4\" data-id=\"1d5989c4\" data-element_type=\"column\">\n\t\t\t<div class=\"elementor-widget-wrap elementor-element-populated\">\n\t\t\t\t\t\t<div class=\"elementor-element elementor-element-60a33d8b elementor-widget elementor-widget-text-editor\" data-id=\"60a33d8b\" data-element_type=\"widget\" data-widget_type=\"text-editor.default\">\n\t\t\t\t<div class=\"elementor-widget-container\">\n\t\t\t\t\t\t\t\t\t<ol>\n<li>Polityka Prywatno\u015bci okre\u015bla zasady prywatno\u015bci i\u00a0przetwarzania danych osobowych u\u017cytkownik\u00f3w serwisu\u00a0<a href=\"https:\/\/zabiegilaserowe.com\/\" target=\"_blank\" rel=\"noopener\" data-saferedirecturl=\"https:\/\/www.google.com\/url?q=https:\/\/zabiegilaserowe.com&amp;source=gmail&amp;ust=1687265209995000&amp;usg=AOvVaw1K7O1n1QF-ryk5D0tTT9E6\">www.zabieginacialo.com<\/a>\u00a0prowadzonego w\u00a0sieci Internet (dalej jako\u00a0\u201eSerwis\u201d).<\/li>\n<li>Administratorem danych osobowych U\u017cytkownik\u00f3w jest Womenline Ewa Nieczypor, przy <span class=\"elementor-icon-list-text\">Pl. Wyszy\u0144skiego 54<\/span>, 58-500 Jelenia G\u00f3ra, REGON 0212192475, NIP 6912192475.. Z Administratorem mo\u017cna si\u0119 kontaktowa\u0107 si\u0119 poprzez e-mail: <a href=\"mailto:ewa.nieczypor@gmail.com\" target=\"_blank\" rel=\"noopener\">ewa.nieczypor@gmail.com<\/a> lub za po\u015brednictwem poczty tradycyjnej na adres: Womenline Ewa Nieczypor Ma\u0142a Kamienica 81 58-512 Ma\u0142a Kamienica.<\/li>\n<li>U Administratora wyznaczony zosta\u0142 inspektor ochrony danych, z\u00a0kt\u00f3rym mo\u017cna si\u0119 skontaktowa\u0107 poprzez email:\u00a0<a href=\"mailto:ewa.nieczypor@gmail.com\" target=\"_blank\" rel=\"noopener\">ewa.nieczypor@gmail.com<\/a> lub za po\u015brednictwem poczty tradycyjnej na adres: Womenline Ewa Nieczypor Ma\u0142a Kamienica 81 58-512 Ma\u0142a Kamienica.<\/li>\n<li>Odr\u0119bnym administratorem danych osobowych U\u017cytkownik\u00f3w w\u00a0zakresie ich wykorzystania przy realizacji proces\u00f3w p\u0142atno\u015bci za us\u0142ugi jest Blue Media S.A.\u00a0 z siedzib\u0105 w Sopocie, ul. Powsta\u0144c\u00f3w Warszawy 6, 81-718 Sopot,\u00a0 wpisana do rejestru przedsi\u0119biorc\u00f3w Krajowego Rejestru S\u0105dowego prowadzonego przez S\u0105d Rejonowy w Poznaniu &#8211; Nowe Miasto i Wilda w Poznaniu, VIII Wydz. Gospodarczy Krajowego Rejestru S\u0105dowego pod numerem KRS 0000320590, REGON: 191781561, NIP: 5851351185. Z administratorem mo\u017cna si\u0119 kontaktowa\u0107\u00a0 poprzez adres email:\u00a0<a href=\"mailto:odo@bm.pl\" target=\"_blank\" rel=\"noopener\">odo@bm.pl<\/a>\u00a0lub pisemnie na adres Blue Media S.A.\u00a0ul. Powsta\u0144c\u00f3w Warszawy 6, 81-718 Sopot.<\/li>\n<li>Administrator dzia\u0142a zgodnie z\u00a0Rozporz\u0105dzeniem Parlamentu Europejskiego i\u00a0Rady (UE) 2016\/679 z\u00a0dnia 27 kwietnia 2016 r. w\u00a0sprawie ochrony os\u00f3b fizycznych w\u00a0zwi\u0105zku z\u00a0przetwarzaniem danych osobowych i\u00a0w\u00a0sprawie swobodnego przep\u0142ywu takich danych oraz uchylenia dyrektywy 95\/46\/WE (dalej jako \u201eRODO\u201d), w\u00a0tym w\u00a0szczeg\u00f3lno\u015bci: odpowiednio zabezpiecza dane osobowe U\u017cytkownik\u00f3w przed niezgodnym z\u00a0prawem dost\u0119pem do danych osobowych przez osoby trzecie, w\u00a0szczeg\u00f3lno\u015bci szyfruje dane osobowe, archiwizuje dane osobowe, dokonuje oceny \u015brodk\u00f3w zabezpieczaj\u0105cych dane osobowe, zapewnia poufno\u015b\u0107, integralno\u015b\u0107, dost\u0119pno\u015b\u0107 oraz odporno\u015b\u0107 system\u00f3w i\u00a0us\u0142ug przetwarzania.<\/li>\n<li>Dane U\u017cytkownika, wprowadzane do Serwisu, stanowi\u0105 w\u0142asno\u015b\u0107 U\u017cytkownika.<\/li>\n<li>W zakresie danych zwyk\u0142ych takich jak imi\u0119, nazwisko, data urodzenia, telefon kontaktowy, e-mail (w przypadku za\u015b wyra\u017cenia ch\u0119ci otrzymania faktury VAT potwierdzaj\u0105cej zakup us\u0142ug przez U\u017cytkownika nazwy firmy, danych adresowych firmy oraz numeru NIP oraz numeru REGON firmy) dane U\u017cytkownika b\u0119d\u0105 przetwarzane wy\u0142\u0105cznie w\u00a0celu umo\u017cliwienia korzystania z\u00a0funkcjonalno\u015bci Serwisu, w\u00a0celu \u015bwiadczenia kompleksowych us\u0142ug depilacji laserowej, udzielania porad i\u00a0konsultacji kosmetycznych oraz innych us\u0142ug, a\u00a0tak\u017ce do dokonywania rozlicze\u0144 za zakupione us\u0142ugi, do kontaktu i\u00a0prowadzenia akt osobowych, jak r\u00f3wnie\u017c w\u00a0celu ewentualnego ustalenia, dochodzenia lub obrony przed roszczeniami, w\u00a0celach dowodowych, analitycznych, archiwalnych, prowadzenia ksi\u0119gowo\u015bci i\u00a0rachunkowo\u015bci, a\u00a0tak\u017ce w\u00a0celu oferowania przez Administratora produkt\u00f3w i\u00a0us\u0142ug bezpo\u015brednio (marketing bezpo\u015bredni), w\u00a0tym dobierania ich pod k\u0105tem potrzeb U\u017cytkownika za pomoc\u0105 profilowania, kt\u00f3re jednak nie b\u0119dzie istotnie wp\u0142ywa\u0107 na sytuacj\u0119 U\u017cytkownika ani wywo\u0142ywa\u0107 skutk\u00f3w prawnych wobec niego. Dane w\u00a0tych celach przetwarzane b\u0119d\u0105 na podstawie art. 6 ust. 1 lit. b), c) i\u00a0f) RODO, a\u00a0zatem, gdy:\n<ul>\n<li>przetwarzanie jest niezb\u0119dne do wykonania umowy, kt\u00f3rej stron\u0105 jest osoba, kt\u00f3rej dane dotycz\u0105, lub do podj\u0119cia dzia\u0142a\u0144 na \u017c\u0105danie osoby, kt\u00f3rej dane dotycz\u0105, przed zawarciem umowy,<\/li>\n<li>przetwarzanie jest niezb\u0119dne do wype\u0142nienia obowi\u0105zku prawnego ci\u0105\u017c\u0105cego na Administratorze,<\/li>\n<li>przetwarzanie jest niezb\u0119dne do cel\u00f3w wynikaj\u0105cych z\u00a0prawnie uzasadnionych interes\u00f3w realizowanych przez Administratora lub przez stron\u0119 trzeci\u0105, z\u00a0wyj\u0105tkiem sytuacji, w\u00a0kt\u00f3rych nadrz\u0119dny charakter wobec tych interes\u00f3w maj\u0105 interesy lub podstawowe prawa i\u00a0wolno\u015bci osoby, kt\u00f3rej dane dotycz\u0105, wymagaj\u0105ce ochrony danych osobowych.<\/li>\n<\/ul>\n<\/li>\n<li>W zakresie, w\u00a0jakim przetwarzane dane mog\u0105 obejmowa\u0107 dane szczeg\u00f3lnych kategorii \u2013 dane dotycz\u0105ce zdrowia \u2013 Administrator przetwarza dane wy\u0142\u0105cznie w\u00a0celu \u015bwiadczenia kompleksowych us\u0142ug depilacji laserowej, udzielania porad i\u00a0konsultacji kosmetycznych oraz prowadzenia akt osobowych, podstaw\u0105 prawn\u0105 przetwarzania danych U\u017cytkownika jest zgoda zgodnie z\u00a0art. 9 ust. 2 lit. a) RODO. Podanie danych oraz zgoda na przetwarzanie danych dotycz\u0105cych zdrowia jest dobrowolne,\u00a0jednak\u017ce ich niepodanie lub niewyra\u017cenie zgody b\u0119dzie skutkowa\u0142o niemo\u017cno\u015bci\u0105 wykonania Zabiegu. Zgoda taka mo\u017ce by\u0107 w\u00a0dowolnym momencie cofni\u0119ta.<\/li>\n<li>Wykonywanie marketingu bezpo\u015bredniego przez Administratora przy u\u017cyciu urz\u0105dze\u0144 ko\u0144cowych (w szczeg\u00f3lno\u015bci telefon\u00f3w kom\u00f3rkowych i\u00a0stacjonarnych, tablet\u00f3w, komputer\u00f3w) oraz automatycznych system\u00f3w wywo\u0142uj\u0105cych, na podany przez U\u017cytkownika numer telefonu oraz adres e-mail, polegaj\u0105cych na otrzymywaniu komunikat\u00f3w marketingowych o\u00a0produktach i\u00a0us\u0142ugach Administratora oraz o\u00a0akcjach marketingowych organizowanych przez niego oraz przesy\u0142anie informacji handlowych dotycz\u0105cych towar\u00f3w lub us\u0142ug oferowanych przez Administratora na wskazany przez U\u017cytkownika adres e-mail, w\u00a0rozumieniu ustawy z\u00a0dnia 18 lipca 2002 r. o\u00a0\u015bwiadczeniu us\u0142ug drog\u0105 elektroniczn\u0105 (Dz.U.2017.1219 t.j. z\u00a0dnia 2017.06.24) lub telefon w\u00a0rozumieniu ustawy z\u00a0dnia 16 lipca 2004 r. prawo telekomunikacyjne (Dz.U.2017.1907 t.j. z\u00a0dnia 2017.10.12) uzale\u017cnione jest wyra\u017cenia przez U\u017cytkownika odr\u0119bnej zgody na podstawie art. 6 ust. 1 lit. a) RODO. Podanie danych oraz zgoda na przetwarzanie danych jest dobrowolne. Zgoda taka mo\u017ce by\u0107 w\u00a0dowolnym momencie cofni\u0119ta \u2013 U\u017cytkownik mo\u017ce w\u00a0ka\u017cdej chwili zrezygnowa\u0107 z\u00a0otrzymywania dalszych informacji handlowych poprzez kontakt telefoniczny pod numerem infolinii podanym na stronie internetowej lub kontaktuj\u0105c si\u0119 ze sp\u00f3\u0142k\u0105 pod adresem email\u00a0<a href=\"mailto:ewa.nieczypor@gmail.com\" target=\"_blank\" rel=\"noopener\">ewa.nieczypor@gmail.com<\/a>\u00a0lub pisemnie pisz\u0105c na adres wskazany w\u00a0ust. 2 lub 3 powy\u017cej.<\/li>\n<li>U\u017cytkownik ma prawo do:<\/li>\n<\/ol>\n<ol>\n<li style=\"list-style-type: none;\">\n<ol>\n<li>dost\u0119pu do swoich danych oraz otrzymania ich kopii,<\/li>\n<li>sprostowania (poprawiania) swoich danych,<\/li>\n<li>usuni\u0119cia danych \u2013 je\u017celi zdaniem U\u017cytkownika nie ma podstaw do tego, by Administrator przetwarza\u0142 jego dane,<\/li>\n<li>ograniczenia przetwarzania danych \u2013 je\u017celi zdaniem U\u017cytkownika Administrator posiada nieprawid\u0142owe dane na jego temat lub przetwarza je bezpodstawnie; lub U\u017cytkownik nie wyra\u017ca zgody na usuni\u0119cie danych ze wzgl\u0119du na potrzeb\u0119 ustalenia, dochodzenia lub obrony roszcze\u0144; lub na czas wniesionego przez U\u017cytkownika sprzeciwu wzgl\u0119dem przetwarzania danych,<\/li>\n<li>wniesienia sprzeciwu wobec przetwarzania danych w\u00a0celu prowadzenia marketingu bezpo\u015bredniego w\u00a0tym profilowania oraz prawo sprzeciwu wobec przetwarzania danych na podstawie prawnie uzasadnionego interesu w\u00a0celach innych ni\u017c marketing bezpo\u015bredni, a\u00a0tak\u017ce, gdy przetwarzanie jest niezb\u0119dne Administratorowi do wykonania zadania realizowanego w\u00a0interesie publicznym lub do sprawowania powierzonej nam w\u0142adzy publicznej,<\/li>\n<li>przenoszenia danych \u2013 U\u017cytkownik prawo otrzyma\u0107 od Administratora w\u00a0ustrukturyzowanym, powszechnie u\u017cywanym formacie nadaj\u0105cym si\u0119 do odczytu maszynowego dane swoje dane osobowe, kt\u00f3re dostarczy\u0142 Administratorowi na podstawie umowy lub zgody, U\u017cytkownik mo\u017ce te\u017c zleci\u0107 Administratorowi przes\u0142anie tych danych bezpo\u015brednio innemu podmiotowi;,<\/li>\n<li>wniesienia skargi do organu nadzorczego \u2013 je\u017celi U\u017cytkownik uwa\u017ca, \u017ce Administrator przetwarza jego dane niezgodnie z\u00a0prawem, mo\u017ce z\u0142o\u017cy\u0107 w\u00a0tej sprawie skarg\u0119 do Prezesa Urz\u0119du Ochrony Danych Osobowych lub innego w\u0142a\u015bciwego organu nadzorczego,<\/li>\n<li>prawo do cofni\u0119cia zgody na przetwarzanie danych osobowych \u2013 w\u00a0ka\u017cdej chwili U\u017cytkownik ma prawo cofn\u0105\u0107 zgod\u0119 na przetwarzanie tych danych osobowych, kt\u00f3re Administrator przetwarza na podstawie jego zgody; cofni\u0119cie zgody nie b\u0119dzie wp\u0142ywa\u0107 na zgodno\u015b\u0107 z\u00a0prawem przetwarzania, kt\u00f3rego dokonano na podstawie zgody przed jej wycofaniem.<\/li>\n<\/ol>\n<\/li>\n<li>U\u017cytkownik udost\u0119pnia wszelkie dane dobrowolnie i\u00a0\u015bwiadomie.<\/li>\n<li>Dost\u0119p do danych osobowych U\u017cytkownika mog\u0105 mie\u0107 nast\u0119puj\u0105ce kategorie podmiot\u00f3w:\n<ol>\n<li>upowa\u017cnieni pracownicy i\u00a0wsp\u00f3\u0142pracownicy Administratora,<\/li>\n<li>dostawcy us\u0142ug zaopatruj\u0105cych Administratora w\u00a0rozwi\u0105zania techniczne oraz organizacyjne, umo\u017cliwiaj\u0105ce \u015bwiadczenie us\u0142ug funkcjonalno\u015bci (w szczeg\u00f3lno\u015bci podmioty \u015bwiadcz\u0105ce w\u00a0us\u0142ugi kurierskie i\u00a0pocztowe, us\u0142ugi IT, marketingowe, dostawcy us\u0142ug prawnych i\u00a0doradczych oraz ich upowa\u017cnieni pracownicy i\u00a0wsp\u00f3\u0142pracownicy),<\/li>\n<li>podmioty dokonuj\u0105ce analityki danych w\u00a0celu personalizacji reklam i\u00a0b\u0119d\u0105ce w\u00a0tym zakresie odr\u0119bnymi administratorami, w\u00a0szczeg\u00f3lno\u015bci Google LLc.<\/li>\n<\/ol>\n<\/li>\n<li>Dane b\u0119d\u0105 przekazywane tak\u017ce odbiorcom w\u00a0pa\u0144stwach trzecich (pa\u0144stw spoza Europejskiego Obszaru Gospodarczego takich jak: jak Google LLc. oraz The Rocket Science Group LLC d\/b\/a MailChimp, kt\u00f3re podlegaj\u0105 certyfikacji w\u00a0ramach Tarczy Prywatno\u015bci UE-USA, co w\u00a0ka\u017cdej chwili U\u017cytkownik mo\u017ce sprawdzi\u0107 pod adresem:\u00a0<a href=\"https:\/\/www.privacyshield.gov\/list\/\" target=\"_blank\" rel=\"nofollow noopener\" data-saferedirecturl=\"https:\/\/www.google.com\/url?q=https:\/\/www.privacyshield.gov\/list\/&amp;source=gmail&amp;ust=1687265209995000&amp;usg=AOvVaw1lAh9YwM-GmTPBPZKAlPr1\">https:\/\/www.<wbr \/>privacyshield.gov\/list\/<\/a>. Poza wskazanymi przypadkami Administrator nie b\u0119dzie przekazywa\u0107 ani zezwala\u0107 na przekazywanie danych osobowych przekazanych przez U\u017cytkownika poza terytorium EOG, chyba \u017ce podejmie \u015brodki niezb\u0119dne do zapewnienia, \u017ce przekazanie jest zgodne z\u00a0RODO. Przedmiotowe \u015brodki mog\u0105 obejmowa\u0107 w\u00a0szczeg\u00f3lno\u015bci przekazywanie danych osobowych odbiorcy w\u00a0kraju, kt\u00f3ry zgodnie z\u00a0decyzj\u0105 Komisji Europejskiej, zapewnia odpowiedni\u0105 ochron\u0119 danych osobowych lub odbiorcy w\u00a0Stanach Zjednoczonych, kt\u00f3ry certyfikowa\u0142 zgodno\u015b\u0107 z\u00a0programem Tarczy Prywatno\u015bci UE-USA.<\/li>\n<li>W ramach prowadzenia Serwisu Administrator korzysta z\u00a0us\u0142ug Google, gdzie Google jest odr\u0119bnym administratorem danych osobowych U\u017cytkownik\u00f3w. Administrator promuje us\u0142ugi za pomoc\u0105 Google AdWords. Dane zbierane o\u00a0U\u017cytkownikach s\u0105 pomocne w\u00a0lepszym ukierunkowaniu reklam i\u00a0promocji W\u0142a\u015bciciela Serwisu, a\u00a0tak\u017ce s\u0142u\u017c\u0105 opracowywaniu kampanii remarketingowych. Administrator dok\u0142ada szczeg\u00f3lnych stara\u0144, aby zach\u0119ci\u0107 U\u017cytkownik\u00f3w do odwiedzania Serwisu. Dlatego te\u017c, aby ulepszy\u0107 swe Us\u0142ugi i\u00a0udoskonali\u0107 Serwis, zbiera w\u00a0formie bezosobowej za pomoc\u0105 systemu Google Analytics informacje o\u00a0technicznym profilu U\u017cytkownika.<\/li>\n<li>W\u0142a\u015bciciel i\u00a0Administrator mog\u0105 zbiera\u0107 dane statystyczne dotycz\u0105ce popularno\u015bci i\u00a0zastosowania poszczeg\u00f3lnych Us\u0142ug oferowanych przez Serwis, dziel\u0105c si\u0119 nimi z\u00a0innymi podmiotami. Dane te b\u0119d\u0105 udost\u0119pniane tylko anonimowo i\u00a0grupowo, bez mo\u017cliwo\u015bci wyodr\u0119bnienia na ich podstawie danych osobowych U\u017cytkownik\u00f3w. Zbierane dane statystyczne Administrator mo\u017ce wykorzystywa\u0107 tak\u017ce w\u00a0celach marketingowych, informacyjnych, statystycznych oraz publikacji w\u00a0takich mediach jak Internet, prasa, radio, telewizja, telefonia kom\u00f3rkowa i\u00a0stacjonarna.<\/li>\n<li>Dane osobowe przekazane przez U\u017cytkownika b\u0119d\u0105 przetwarzane w\u00a0zakresie i\u00a0przez okres niezb\u0119dny do realizacji cel\u00f3w, dla kt\u00f3rych zosta\u0142y zebrane. Okres ten nie jest mo\u017cliwy do jednoznacznego okre\u015blenia i\u00a0zale\u017cy od decyzji dotycz\u0105cych korzystania z\u00a0us\u0142ug Administratora, w\u00a0zwi\u0105zku z\u00a0kt\u00f3rymi dane zosta\u0142y pozyskane. W\u00a0zwi\u0105zku z\u00a0umowami, kt\u00f3re wygas\u0142y lub zosta\u0142y rozwi\u0105zane, czas przetwarzania danych osobowych przez Administratora determinuj\u0105 okresy przedawnienia roszcze\u0144 z\u00a0Kodeksu Cywilnego oraz obowi\u0105zki z\u00a0zakresu prawa podatkowego i\u00a0rachunkowo\u015bci, a\u00a0zatem nie b\u0119dziemy przetwarza\u0107 danych d\u0142u\u017cej ni\u017c 6 lat od zako\u0144czenia trwania umowy. Dane osobowe przetwarzane w\u00a0celach obj\u0119tych o\u015bwiadczeniem zgody b\u0119d\u0105 przetwarzane w\u00a0tych celach do czasu odwo\u0142ania zgody.<\/li>\n<li>Niniejszy Serwis nie zosta\u0142 zaprojektowany z\u00a0my\u015bl\u0105 o\u00a0dzieciach do szesnastego roku \u017cycia, ani te\u017c nie jest adresowany do dzieci.<\/li>\n<li>Serwis zbiera w\u00a0spos\u00f3b automatyczny wy\u0142\u0105cznie informacje zawarte w\u00a0plikach cookies, o\u00a0kt\u00f3rych mowa poni\u017cej.<\/li>\n<li>W wyniku korzystania z\u00a0Serwisu, w\u00a0urz\u0105dzeniach u\u017cytkownika mog\u0105 by\u0107 przechowywane pliki tekstowe (tzw. ciasteczka \u2013 cookies), kt\u00f3rych celem jest u\u0142atwienie u\u017cytkownikowi dost\u0119pu do Serwisu i\u00a0korzystania z\u00a0niego, a\u00a0tak\u017ce badanie preferencji i\u00a0zachowania u\u017cytkownika, aby umo\u017cliwi\u0107 dostarczenie spersonalizowanych tre\u015bci w\u00a0Serwisie oraz polepszy\u0107 funkcjonowanie Serwisu. Dane s\u0105 zbierane przez pliki cookies tak\u017ce w\u00a0celach statystycznych.<\/li>\n<li>U\u017cytkownik mo\u017ce wy\u0142\u0105czy\u0107 umieszczanie i\u00a0przechowywanie plik\u00f3w cookies z\u00a0poziomu u\u017cywanej przez siebie przegl\u0105darki internetowej. Spos\u00f3b wy\u0142\u0105czenia plik\u00f3w cookies zale\u017cy od stosowanej przez u\u017cytkownika przegl\u0105darki internetowej. Szczeg\u00f3\u0142owe informacje o\u00a0mo\u017cliwo\u015bci i\u00a0sposobach obs\u0142ugi plik\u00f3w cookies dost\u0119pne s\u0105 w\u00a0ustawieniach oprogramowania (przegl\u0105darki internetowej).<\/li>\n<li>Informacje na temat zarz\u0105dzania plikami cookies w\u00a0poszczeg\u00f3lnych przegl\u0105darkach mo\u017cna znale\u017a\u0107 na stronach dedykowanych poszczeg\u00f3lnym przegl\u0105darkom:\n<ol>\n<li>Firefox:\u00a0<a href=\"https:\/\/support.mozilla.org\/pl\/kb\/ciasteczka\" target=\"_blank\" rel=\"noopener\" data-saferedirecturl=\"https:\/\/www.google.com\/url?q=https:\/\/support.mozilla.org\/pl\/kb\/ciasteczka&amp;source=gmail&amp;ust=1687265209995000&amp;usg=AOvVaw3G2X3MELs6QvzlMyzTNV4J\">http:\/\/support.<wbr \/>mozilla.org\/pl\/kb\/ciasteczka<\/a>,<\/li>\n<li>Internet Explorer:\u00a0<a href=\"https:\/\/support.microsoft.com\/kb\/196955\/pl\" target=\"_blank\" rel=\"noopener\" data-saferedirecturl=\"https:\/\/www.google.com\/url?q=https:\/\/support.microsoft.com\/kb\/196955\/pl&amp;source=gmail&amp;ust=1687265209995000&amp;usg=AOvVaw2wQsI5adoE3sqZbC53UFAv\">http:\/\/support.<wbr \/>microsoft.com\/kb\/196955\/pl<\/a>,<\/li>\n<li>Chrome:\u00a0<a href=\"https:\/\/support.google.com\/chrome\/bin\/answer.py?hl=pl&amp;answer=95647\" target=\"_blank\" rel=\"noopener\" data-saferedirecturl=\"https:\/\/www.google.com\/url?q=https:\/\/support.google.com\/chrome\/bin\/answer.py?hl%3Dpl%26answer%3D95647&amp;source=gmail&amp;ust=1687265209995000&amp;usg=AOvVaw22BqQaRfxae1fJOovk22-i\">http:\/\/support.google.<wbr \/>com\/chrome\/bin\/answer.py?hl=<wbr \/>pl&amp;answer=95647,<\/a><\/li>\n<li>Opera:\u00a0<a href=\"http:\/\/help.opera.com\/Linux\/12.10\/pl\/cookies.html\" target=\"_blank\" rel=\"noopener\" data-saferedirecturl=\"https:\/\/www.google.com\/url?q=http:\/\/help.opera.com\/Linux\/12.10\/pl\/cookies.html&amp;source=gmail&amp;ust=1687265209995000&amp;usg=AOvVaw0Dl5B-44j5xyoFZ_0nJhZ4\">http:\/\/help.opera.com\/<wbr \/>Linux\/12.10\/pl\/cookies.html<\/a>,<\/li>\n<li>Safari:\u00a0<a href=\"https:\/\/support.apple.com\/kb\/HT1677?viewlocale=pl_PL&amp;locale=pl_PL\" target=\"_blank\" rel=\"noopener\" data-saferedirecturl=\"https:\/\/www.google.com\/url?q=https:\/\/support.apple.com\/kb\/HT1677?viewlocale%3Dpl_PL%26locale%3Dpl_PL&amp;source=gmail&amp;ust=1687265209995000&amp;usg=AOvVaw0KVDo-XaGR3lZivvmOBEtq\">http:\/\/support.apple.<wbr \/>com\/kb\/HT1677?viewlocale=pl_<wbr \/>PL&amp;locale=pl_PL.<\/a><\/li>\n<\/ol>\n<\/li>\n<li>Womenline mo\u017ce gromadzi\u0107 pliki cookies w\u00a0dw\u00f3ch rodzajach \u2013 jako pliki \u201esesyjne\u201d oraz pliki \u201esta\u0142e\u201d. Pierwsze z\u00a0nich s\u0105 plikami tymczasowymi, kt\u00f3re pozostaj\u0105 na urz\u0105dzeniu u\u017cytkownika, a\u017c do wylogowania ze strony internetowej lub wy\u0142\u0105czenia oprogramowania (przegl\u0105darki internetowej). \u201eSta\u0142e\u201d pliki pozostaj\u0105 na urz\u0105dzeniu u\u017cytkownika przez czas okre\u015blony w\u00a0parametrach plik\u00f3w \u201ecookies\u201d albo do momentu ich r\u0119cznego usuni\u0119cia przez u\u017cytkownika.<\/li>\n<li>Pliki cookies zamieszczane w\u00a0urz\u0105dzeniu ko\u0144cowym U\u017cytkownika Serwisu i\u00a0wykorzystywane mog\u0105 by\u0107 r\u00f3wnie\u017c przez wsp\u00f3\u0142pracuj\u0105cych z\u00a0Administratorem reklamodawc\u00f3w. Pliki cookies mog\u0105 r\u00f3wnie\u017c wykorzystywane w\u00a0szczeg\u00f3lno\u015bci sie\u0107 Google w\u00a0celach zwi\u0105zanych z\u00a0wy\u015bwietlaniem reklam dopasowanych do sposobu, w\u00a0jaki U\u017cytkownik korzysta z\u00a0Serwisu. W\u00a0tym celu mog\u0105 zachowa\u0107 informacj\u0119 o\u00a0\u015bcie\u017cce nawigacji U\u017cytkownika lub czasie pozostawania na danej stronie. W\u00a0zakresie informacji o\u00a0preferencjach U\u017cytkownika gromadzonych przez sie\u0107 reklamow\u0105 Google, U\u017cytkownik mo\u017ce przegl\u0105da\u0107 i\u00a0edytowa\u0107 informacje wynikaj\u0105ce z\u00a0plik\u00f3w cookies przy pomocy narz\u0119dzia:\u00a0<a href=\"https:\/\/adssettings.google.com\/authenticated?hl=pl\" target=\"_blank\" rel=\"noopener\" data-saferedirecturl=\"https:\/\/www.google.com\/url?q=https:\/\/adssettings.google.com\/authenticated?hl%3Dpl&amp;source=gmail&amp;ust=1687265209995000&amp;usg=AOvVaw1B71YOMx8jg_YfmBKGq7F9\">https:\/\/<wbr \/>adssettings.google.com\/<wbr \/>authenticated?hl=pl<\/a>. W\u0142a\u015bciciel Serwisu dodatkowo zaleca U\u017cytkownikom zapoznanie si\u0119 z\u00a0Polityk\u0105 Ochrony Prywatno\u015bci Google Analytics, aby pozna\u0107 zasady korzystania z\u00a0plik\u00f3w cookies wykorzystywanych w\u00a0statystykach: Polityka ochrony prywatno\u015bci Google Analytics.\u00a0<a href=\"https:\/\/www.google.com\/analytics\/learn\/privacy.html?hl=pl\" target=\"_blank\" rel=\"noopener\" data-saferedirecturl=\"https:\/\/www.google.com\/url?q=https:\/\/www.google.com\/analytics\/learn\/privacy.html?hl%3Dpl&amp;source=gmail&amp;ust=1687265209995000&amp;usg=AOvVaw1Xr6dDPc7oZvzHdApKFSNn\">https:\/\/www.google.<wbr \/>com\/analytics\/learn\/privacy.<wbr \/>html?hl=pl<\/a>.<\/li>\n<li>Administrator zastrzega, \u017ce ograniczenie stosowania plik\u00f3w cookies mo\u017ce wp\u0142yn\u0105\u0107 na niekt\u00f3re funkcjonalno\u015bci dost\u0119pne w\u00a0Serwisie, a\u00a0w\u00a0skrajnych przypadkach mo\u017ce uniemo\u017cliwi\u0107 korzystanie z\u00a0Serwisu.<\/li>\n<\/ol>\n<p><!-- \/wp:heading --><\/p>\t\t\t\t\t\t\t\t<\/div>\n\t\t\t\t<\/div>\n\t\t\t\t\t<\/div>\n\t\t<\/div>\n\t\t\t\t\t<\/div>\n\t\t<\/section>\n\t\t\t\t<\/div>\n\t\t","protected":false},"excerpt":{"rendered":"<p>Polityka Prywatno\u015bci okre\u015bla zasady prywatno\u015bci i\u00a0przetwarzania danych osobowych u\u017cytkownik\u00f3w serwisu\u00a0www.zabieginacialo.com\u00a0prowadzonego w\u00a0sieci Internet (dalej jako\u00a0\u201eSerwis\u201d). Administratorem danych osobowych U\u017cytkownik\u00f3w jest Womenline Ewa Nieczypor, przy Pl. Wyszy\u0144skiego 54, 58-500 Jelenia G\u00f3ra, REGON 0212192475, NIP 6912192475.. Z Administratorem mo\u017cna si\u0119 kontaktowa\u0107 si\u0119 poprzez e-mail: ewa.nieczypor@gmail.com lub za po\u015brednictwem poczty tradycyjnej na adres: Womenline Ewa Nieczypor Ma\u0142a Kamienica 81 [&hellip;]<\/p>\n","protected":false},"author":1,"featured_media":0,"parent":0,"menu_order":0,"comment_status":"closed","ping_status":"open","template":"","meta":{"footnotes":""},"class_list":["post-3","page","type-page","status-publish","hentry"],"_links":{"self":[{"href":"https:\/\/zabiegilaserowe.com\/pl_pl\/wp-json\/wp\/v2\/pages\/3","targetHints":{"allow":["GET"]}}],"collection":[{"href":"https:\/\/zabiegilaserowe.com\/pl_pl\/wp-json\/wp\/v2\/pages"}],"about":[{"href":"https:\/\/zabiegilaserowe.com\/pl_pl\/wp-json\/wp\/v2\/types\/page"}],"author":[{"embeddable":true,"href":"https:\/\/zabiegilaserowe.com\/pl_pl\/wp-json\/wp\/v2\/users\/1"}],"replies":[{"embeddable":true,"href":"https:\/\/zabiegilaserowe.com\/pl_pl\/wp-json\/wp\/v2\/comments?post=3"}],"version-history":[{"count":18,"href":"https:\/\/zabiegilaserowe.com\/pl_pl\/wp-json\/wp\/v2\/pages\/3\/revisions"}],"predecessor-version":[{"id":3898,"href":"https:\/\/zabiegilaserowe.com\/pl_pl\/wp-json\/wp\/v2\/pages\/3\/revisions\/3898"}],"wp:attachment":[{"href":"https:\/\/zabiegilaserowe.com\/pl_pl\/wp-json\/wp\/v2\/media?parent=3"}],"curies":[{"name":"wp","href":"https:\/\/api.w.org\/{rel}","templated":true}]}}