{"id":244,"date":"2022-03-09T19:10:08","date_gmt":"2022-03-09T18:10:08","guid":{"rendered":"https:\/\/zabiegilaserowe.com\/?page_id=244"},"modified":"2025-10-14T15:44:57","modified_gmt":"2025-10-14T13:44:57","slug":"depilacja-laserowa","status":"publish","type":"page","link":"https:\/\/zabiegilaserowe.com\/pl_pl\/depilacja-laserowa\/","title":{"rendered":"Depilacja Laserowa"},"content":{"rendered":"\t\t<div data-elementor-type=\"wp-page\" data-elementor-id=\"244\" class=\"elementor elementor-244\" data-elementor-post-type=\"page\">\n\t\t\t\t\t\t<section class=\"elementor-section elementor-top-section elementor-element elementor-element-2fe2668f elementor-section-full_width elementor-section-height-min-height elementor-section-items-stretch elementor-section-content-middle elementor-section-height-default\" data-id=\"2fe2668f\" data-element_type=\"section\">\n\t\t\t\t\t\t<div class=\"elementor-container elementor-column-gap-no\">\n\t\t\t\t\t<div class=\"elementor-column elementor-col-50 elementor-top-column elementor-element elementor-element-2b5738e3\" data-id=\"2b5738e3\" data-element_type=\"column\" data-settings=\"{&quot;background_background&quot;:&quot;classic&quot;}\">\n\t\t\t<div class=\"elementor-widget-wrap elementor-element-populated\">\n\t\t\t\t\t\t<div class=\"elementor-element elementor-element-4857c666 elementor-widget elementor-widget-spacer\" data-id=\"4857c666\" data-element_type=\"widget\" data-widget_type=\"spacer.default\">\n\t\t\t\t<div class=\"elementor-widget-container\">\n\t\t\t\t\t\t\t<div class=\"elementor-spacer\">\n\t\t\t<div class=\"elementor-spacer-inner\"><\/div>\n\t\t<\/div>\n\t\t\t\t\t\t<\/div>\n\t\t\t\t<\/div>\n\t\t\t\t\t<\/div>\n\t\t<\/div>\n\t\t\t\t<div class=\"elementor-column elementor-col-50 elementor-top-column elementor-element elementor-element-40004ae1\" data-id=\"40004ae1\" data-element_type=\"column\" data-settings=\"{&quot;background_background&quot;:&quot;classic&quot;}\">\n\t\t\t<div class=\"elementor-widget-wrap elementor-element-populated\">\n\t\t\t\t\t\t<div class=\"elementor-element elementor-element-22ed015b elementor-widget elementor-widget-heading\" data-id=\"22ed015b\" data-element_type=\"widget\" data-widget_type=\"heading.default\">\n\t\t\t\t<div class=\"elementor-widget-container\">\n\t\t\t\t\t<h4 class=\"elementor-heading-title elementor-size-default\">Depilacja Laserowa<\/h4>\t\t\t\t<\/div>\n\t\t\t\t<\/div>\n\t\t\t\t<div class=\"elementor-element elementor-element-1afb56b1 elementor-widget elementor-widget-text-editor\" data-id=\"1afb56b1\" data-element_type=\"widget\" data-widget_type=\"text-editor.default\">\n\t\t\t\t<div class=\"elementor-widget-container\">\n\t\t\t\t\t\t\t\t\t<p>Istot\u0105 dzia\u0142ania lasera na mieszek w\u0142osowy jest zjawisko selektywnej fototermolizy. \u015awiat\u0142o lasera poch\u0142aniane jest wybi\u00f3rczo przez struktury mieszka w\u0142osowego zawieraj\u0105ce melanin\u0119 i zamieniane jest na ciep\u0142o, kt\u00f3re z kolei niszczy elementy w\u0142osa odpowiedzialne za jego wzrost, powoduj\u0105c tym samym trwa\u0142\u0105 utrat\u0119 w\u0142osa i destrukcj\u0119 mieszka. Jak wykaza\u0142y badania, zjawisko to dzia\u0142a najskuteczniej na w\u0142osy znajduj\u0105ce si\u0119 w fazie aktywnego wzrostu (anagen). Pozosta\u0142e okresy wzrostowe naszych w\u0142os\u00f3w &#8211; faza zaniku (katagen) i spoczynku (telogen) s\u0105 \u201enieme&#8221; na dzia\u0142anie lasera.<\/p>\t\t\t\t\t\t\t\t<\/div>\n\t\t\t\t<\/div>\n\t\t\t\t<div class=\"elementor-element elementor-element-0f3c538 elementor-widget elementor-widget-button\" data-id=\"0f3c538\" data-element_type=\"widget\" data-widget_type=\"button.default\">\n\t\t\t\t<div class=\"elementor-widget-container\">\n\t\t\t\t\t\t\t\t\t<div class=\"elementor-button-wrapper\">\n\t\t\t\t\t<a class=\"elementor-button elementor-button-link elementor-size-sm\" href=\"https:\/\/zabiegilaserowe.com\/cennik\/\">\n\t\t\t\t\t\t<span class=\"elementor-button-content-wrapper\">\n\t\t\t\t\t\t<span class=\"elementor-button-icon\">\n\t\t\t\t<i aria-hidden=\"true\" class=\"far fa-gem\"><\/i>\t\t\t<\/span>\n\t\t\t\t\t\t\t\t\t<span class=\"elementor-button-text\">Zobacz cennik<\/span>\n\t\t\t\t\t<\/span>\n\t\t\t\t\t<\/a>\n\t\t\t\t<\/div>\n\t\t\t\t\t\t\t\t<\/div>\n\t\t\t\t<\/div>\n\t\t\t\t\t<\/div>\n\t\t<\/div>\n\t\t\t\t\t<\/div>\n\t\t<\/section>\n\t\t\t\t<\/div>\n\t\t","protected":false},"excerpt":{"rendered":"<p>Depilacja Laserowa Istot\u0105 dzia\u0142ania lasera na mieszek w\u0142osowy jest zjawisko selektywnej fototermolizy. \u015awiat\u0142o lasera poch\u0142aniane jest wybi\u00f3rczo przez struktury mieszka w\u0142osowego zawieraj\u0105ce melanin\u0119 i zamieniane jest na ciep\u0142o, kt\u00f3re z kolei niszczy elementy w\u0142osa odpowiedzialne za jego wzrost, powoduj\u0105c tym samym trwa\u0142\u0105 utrat\u0119 w\u0142osa i destrukcj\u0119 mieszka. Jak wykaza\u0142y badania, zjawisko to dzia\u0142a najskuteczniej na [&hellip;]<\/p>\n","protected":false},"author":5,"featured_media":0,"parent":0,"menu_order":0,"comment_status":"closed","ping_status":"closed","template":"","meta":{"footnotes":""},"class_list":["post-244","page","type-page","status-publish","hentry"],"_links":{"self":[{"href":"https:\/\/zabiegilaserowe.com\/pl_pl\/wp-json\/wp\/v2\/pages\/244","targetHints":{"allow":["GET"]}}],"collection":[{"href":"https:\/\/zabiegilaserowe.com\/pl_pl\/wp-json\/wp\/v2\/pages"}],"about":[{"href":"https:\/\/zabiegilaserowe.com\/pl_pl\/wp-json\/wp\/v2\/types\/page"}],"author":[{"embeddable":true,"href":"https:\/\/zabiegilaserowe.com\/pl_pl\/wp-json\/wp\/v2\/users\/5"}],"replies":[{"embeddable":true,"href":"https:\/\/zabiegilaserowe.com\/pl_pl\/wp-json\/wp\/v2\/comments?post=244"}],"version-history":[{"count":117,"href":"https:\/\/zabiegilaserowe.com\/pl_pl\/wp-json\/wp\/v2\/pages\/244\/revisions"}],"predecessor-version":[{"id":3202,"href":"https:\/\/zabiegilaserowe.com\/pl_pl\/wp-json\/wp\/v2\/pages\/244\/revisions\/3202"}],"wp:attachment":[{"href":"https:\/\/zabiegilaserowe.com\/pl_pl\/wp-json\/wp\/v2\/media?parent=244"}],"curies":[{"name":"wp","href":"https:\/\/api.w.org\/{rel}","templated":true}]}}