{"id":2033,"date":"2023-07-30T18:38:39","date_gmt":"2023-07-30T16:38:39","guid":{"rendered":"https:\/\/zabiegilaserowe.com\/?page_id=2033"},"modified":"2023-07-30T18:57:07","modified_gmt":"2023-07-30T16:57:07","slug":"poliabrazja","status":"publish","type":"page","link":"https:\/\/zabiegilaserowe.com\/pl_pl\/poliabrazja\/","title":{"rendered":"poliabrazja"},"content":{"rendered":"\t\t<div data-elementor-type=\"wp-page\" data-elementor-id=\"2033\" class=\"elementor elementor-2033\" data-elementor-post-type=\"page\">\n\t\t\t\t\t\t<section class=\"elementor-section elementor-top-section elementor-element elementor-element-6a333a85 elementor-section-full_width elementor-section-height-min-height elementor-section-items-stretch elementor-section-content-middle elementor-section-height-default\" data-id=\"6a333a85\" data-element_type=\"section\">\n\t\t\t\t\t\t<div class=\"elementor-container elementor-column-gap-no\">\n\t\t\t\t\t<div class=\"elementor-column elementor-col-50 elementor-top-column elementor-element elementor-element-7e57c6af\" data-id=\"7e57c6af\" data-element_type=\"column\" data-settings=\"{&quot;background_background&quot;:&quot;classic&quot;}\">\n\t\t\t<div class=\"elementor-widget-wrap elementor-element-populated\">\n\t\t\t\t\t\t<div class=\"elementor-element elementor-element-38dfe8d9 elementor-widget-tablet__width-initial elementor-widget elementor-widget-spacer\" data-id=\"38dfe8d9\" data-element_type=\"widget\" data-widget_type=\"spacer.default\">\n\t\t\t\t<div class=\"elementor-widget-container\">\n\t\t\t\t\t\t\t<div class=\"elementor-spacer\">\n\t\t\t<div class=\"elementor-spacer-inner\"><\/div>\n\t\t<\/div>\n\t\t\t\t\t\t<\/div>\n\t\t\t\t<\/div>\n\t\t\t\t\t<\/div>\n\t\t<\/div>\n\t\t\t\t<div class=\"elementor-column elementor-col-50 elementor-top-column elementor-element elementor-element-5d09ce0e\" data-id=\"5d09ce0e\" data-element_type=\"column\" data-settings=\"{&quot;background_background&quot;:&quot;classic&quot;}\">\n\t\t\t<div class=\"elementor-widget-wrap elementor-element-populated\">\n\t\t\t\t\t\t<div class=\"elementor-element elementor-element-40eb3a23 elementor-widget elementor-widget-heading\" data-id=\"40eb3a23\" data-element_type=\"widget\" data-widget_type=\"heading.default\">\n\t\t\t\t<div class=\"elementor-widget-container\">\n\t\t\t\t\t<h4 class=\"elementor-heading-title elementor-size-default\">Zabieg oczyszczaj\u0105cy - idealny na lato i nie tylko\u2026<\/h4>\t\t\t\t<\/div>\n\t\t\t\t<\/div>\n\t\t\t\t<div class=\"elementor-element elementor-element-194a899a elementor-widget elementor-widget-text-editor\" data-id=\"194a899a\" data-element_type=\"widget\" data-widget_type=\"text-editor.default\">\n\t\t\t\t<div class=\"elementor-widget-container\">\n\t\t\t\t\t\t\t\t\t<p>Zabieg polecany dla Klient\u00f3w w ka\u017cdym wieku. Dzi\u0119ki specjalnie opracowanej technologii, zabieg jest bezpieczny dla ka\u017cdej sk\u00f3ry. Celem zabiegu jest oczyszczenie oraz od\u017cywienie sk\u00f3ry.<\/p><p>Zabieg wykonywany jest w terapii skojarzonej z Arosha &#8211; dopasowany do indywidualnych potrzeb Klienta.<\/p><p>To sterylny i innowacyjny zabieg, podczas kt\u00f3rego usuwane s\u0105 martwe kom\u00f3rki nask\u00f3rka. Dzieje si\u0119 tak dzi\u0119ki po\u0142\u0105czeniu peelingu chemicznego oraz mechanicznej pracy g\u0142owicy rotacyjnej. Sk\u00f3ra jest delikatnie oczyszczana, gwarantuj\u0105c klientom bardzo mi\u0142e odczucia.<\/p>\t\t\t\t\t\t\t\t<\/div>\n\t\t\t\t<\/div>\n\t\t\t\t<div class=\"elementor-element elementor-element-d6fae3b elementor-widget elementor-widget-heading\" data-id=\"d6fae3b\" data-element_type=\"widget\" data-widget_type=\"heading.default\">\n\t\t\t\t<div class=\"elementor-widget-container\">\n\t\t\t\t\t<h4 class=\"elementor-heading-title elementor-size-default\">Zabieg POLIABRAZJI w znacz\u0105cy spos\u00f3b poprawia przepuszczalno\u015b\u0107 nask\u00f3rka, umo\u017cliwiaj\u0105c bardzo efektywne wprowadzanie substancji aktywnych w g\u0142\u0119bsze partie sk\u00f3ry.<\/h4>\t\t\t\t<\/div>\n\t\t\t\t<\/div>\n\t\t\t\t<div class=\"elementor-element elementor-element-109be9f elementor-widget elementor-widget-heading\" data-id=\"109be9f\" data-element_type=\"widget\" data-widget_type=\"heading.default\">\n\t\t\t\t<div class=\"elementor-widget-container\">\n\t\t\t\t\t<h4 class=\"elementor-heading-title elementor-size-default\">Obszary zastosowania zabieg\u00f3w Poliabrazji<\/h4>\t\t\t\t<\/div>\n\t\t\t\t<\/div>\n\t\t\t\t<div class=\"elementor-element elementor-element-cdaaeb7 elementor-widget elementor-widget-text-editor\" data-id=\"cdaaeb7\" data-element_type=\"widget\" data-widget_type=\"text-editor.default\">\n\t\t\t\t<div class=\"elementor-widget-container\">\n\t\t\t\t\t\t\t\t\t<p><strong>Sk\u00f3ra t\u0142usta i mieszana.<\/strong><\/p><p>Cera t\u0142usta i mieszana ma zwi\u0119kszon\u0105 produkcj\u0119 sebum przez co intensywnie si\u0119 \u201eb\u0142yszczy\u201d, uj\u015bcia aparat\u00f3w w\u0142osowo-\u0142ojowych s\u0105 znacz\u0105co rozszerzone, a sk\u00f3ra przewa\u017cnie jest zanieczyszczona zask\u00f3rnikami. Dzi\u0119ki zabiegom\u00a0<strong>Poliabrazji<\/strong>skutecznie usuwamy martwe kom\u00f3rki nask\u00f3rka, co poprawia koloryt sk\u00f3ry i ogranicza dzia\u0142anie bakterii beztlenowych. Dzi\u0119ki temu zmniejszamy ryzyko wyst\u0105pienia zmian ropnych. Systematyczne wykonywanie zabieg\u00f3w zw\u0119\u017ca uj\u015bcia aparat\u00f3w w\u0142osowo-\u0142ojowych oraz ogranicza produkcj\u0119 sebum, co znacz\u0105co poprawia wygl\u0105d sk\u00f3ry. Zabieg jest skuteczny, ale nie podra\u017cnia nadmiernie sk\u00f3ry. Jest to niezwykle istotne dla klient\u00f3w posiadaj\u0105cych cer\u0119 mieszan\u0105 lub t\u0142ust\u0105, a jednocze\u015bnie wra\u017cliw\u0105 i naczyniow\u0105.<\/p>\t\t\t\t\t\t\t\t<\/div>\n\t\t\t\t<\/div>\n\t\t\t\t<div class=\"elementor-element elementor-element-b6c421b elementor-widget elementor-widget-text-editor\" data-id=\"b6c421b\" data-element_type=\"widget\" data-widget_type=\"text-editor.default\">\n\t\t\t\t<div class=\"elementor-widget-container\">\n\t\t\t\t\t\t\t\t\t<p><strong>Sk\u00f3ra dojrza\u0142a (po 40-tym roku \u017cycia).<\/strong><\/p><p>Procesy zachodz\u0105ce w sk\u00f3rze powoduj\u0105, \u017ce sk\u00f3ra po 40-tym roku \u017cycia nie produkuje ju\u017c substancji gwarantuj\u0105cych jej m\u0142ody i \u015bwie\u017cy wygl\u0105d. Dojrza\u0142a sk\u00f3ra nie powinna by\u0107 nadmiernie naci\u0105gana, szarpana i traktowana zbyt agresywnymi zabiegami \u015bcieraj\u0105cymi, poniewa\u017c przyspiesza to proces jej starzenia si\u0119. Dzi\u0119ki po\u0142\u0105czeniu dzia\u0142ania kwas\u00f3w i sterylnej g\u0142owicy do\u00a0<strong>Poliabrazji<\/strong>skutecznie, ale nieinwazyjnie oczyszczamy sk\u00f3r\u0119 z martwych kom\u00f3rek dodatkowo stymuluj\u0105c j\u0105. Konstrukcja g\u0142owicy pozwala opracowywa\u0107 najbardziej newralgiczne partie sk\u00f3ry dojrza\u0142ej, niedost\u0119pne dla zwyk\u0142ych zabieg\u00f3w (okolice oczu, ust, podbr\u00f3dek, szyja, dekolt), kt\u00f3re zbyt mocno podra\u017cniaj\u0105 mechanicznie sk\u00f3r\u0119. Praca g\u0142owic\u0105 w tych partiach pozwala uzyska\u0107 nie tylko efekt oczyszczenia sk\u00f3ry, ale przede wszystkim wyg\u0142adzenia i sp\u0142ycenia zmarszczek mimicznych.<\/p>\t\t\t\t\t\t\t\t<\/div>\n\t\t\t\t<\/div>\n\t\t\t\t<div class=\"elementor-element elementor-element-2da4958 elementor-widget elementor-widget-text-editor\" data-id=\"2da4958\" data-element_type=\"widget\" data-widget_type=\"text-editor.default\">\n\t\t\t\t<div class=\"elementor-widget-container\">\n\t\t\t\t\t\t\t\t\t<p><strong>Cera naczyniowa.<\/strong><\/p><p>To niezwykle trudny typ sk\u00f3ry, kt\u00f3ry w\u0142a\u015bciwie wyklucza zastosowanie wielu skutecznych, ale zbyt agresywnych dla niej procedur kosmetologicznych. Pomimo nadwra\u017cliwo\u015bci cery naczyniowej g\u0142owica \u015bcieraj\u0105ca nie podra\u017cnia jej, ani nie rozgrzewa. Specjalny program delikatnie, ale skutecznie usuwa martwe kom\u00f3rki nask\u00f3rka, a rotacyjny ruch g\u0142owicy dodatkowo stymuluje sk\u00f3r\u0119 przyjemnym masa\u017cem. Po zabiegu cera jest ja\u015bniejsza i oczyszczona z warstw martwych kom\u00f3rek.<\/p>\t\t\t\t\t\t\t\t<\/div>\n\t\t\t\t<\/div>\n\t\t\t\t<div class=\"elementor-element elementor-element-3b14538 elementor-widget elementor-widget-text-editor\" data-id=\"3b14538\" data-element_type=\"widget\" data-widget_type=\"text-editor.default\">\n\t\t\t\t<div class=\"elementor-widget-container\">\n\t\t\t\t\t\t\t\t\t<p><strong>Cera tr\u0105dzikowa.<\/strong><\/p><p dir=\"auto\">Jest niezwykle trudna do piel\u0119gnacji w gabinecie, wysi\u0119ki ropne uniemo\u017cliwiaj\u0105 z\u0142uszczanie i stymulacj\u0119 mechaniczn\u0105, co znacznie ogranicza mo\u017cliwo\u015bci zabiegowe w gabinecie. Z drugiej strony niezwykle istotna dla terapii tego schorzenia jest w\u0142a\u015bciwa piel\u0119gnacja, polegaj\u0105ca na oczyszczaniu sk\u00f3ry ze z\u0142og\u00f3w martwego nask\u00f3rka co ogranicza pole dzia\u0142ania bakterii beztlenowych. Sterylne ko\u0144c\u00f3wki zabiegowe nadaj\u0105 si\u0119 do tego idealnie, poniewa\u017c podczas zabiegu minimalizujemy ryzyko nadka\u017cenia, a kszta\u0142t g\u0142owicy pozwala optymalnie opracowywa\u0107 powierzchni\u0119 nask\u00f3rka skutecznie omijaj\u0105c zmiany ropne. Kolejny problem to blizny i przebarwienia, zabiegi\u00a0<strong>Poliabrazji<\/strong>\u00a0wykonywane w seriach te\u017c sobie z tym \u015bwietnie radz\u0105 wyg\u0142adzaj\u0105c i rozja\u015bniaj\u0105c nask\u00f3rek.<\/p>\t\t\t\t\t\t\t\t<\/div>\n\t\t\t\t<\/div>\n\t\t\t\t\t<\/div>\n\t\t<\/div>\n\t\t\t\t\t<\/div>\n\t\t<\/section>\n\t\t\t\t<\/div>\n\t\t","protected":false},"excerpt":{"rendered":"<p>Zabieg oczyszczaj\u0105cy &#8211; idealny na lato i nie tylko\u2026 Zabieg polecany dla Klient\u00f3w w ka\u017cdym wieku. Dzi\u0119ki specjalnie opracowanej technologii, zabieg jest bezpieczny dla ka\u017cdej sk\u00f3ry. Celem zabiegu jest oczyszczenie oraz od\u017cywienie sk\u00f3ry. Zabieg wykonywany jest w terapii skojarzonej z Arosha &#8211; dopasowany do indywidualnych potrzeb Klienta. To sterylny i innowacyjny zabieg, podczas kt\u00f3rego usuwane [&hellip;]<\/p>\n","protected":false},"author":1,"featured_media":0,"parent":0,"menu_order":0,"comment_status":"closed","ping_status":"closed","template":"","meta":{"footnotes":""},"class_list":["post-2033","page","type-page","status-publish","hentry"],"_links":{"self":[{"href":"https:\/\/zabiegilaserowe.com\/pl_pl\/wp-json\/wp\/v2\/pages\/2033","targetHints":{"allow":["GET"]}}],"collection":[{"href":"https:\/\/zabiegilaserowe.com\/pl_pl\/wp-json\/wp\/v2\/pages"}],"about":[{"href":"https:\/\/zabiegilaserowe.com\/pl_pl\/wp-json\/wp\/v2\/types\/page"}],"author":[{"embeddable":true,"href":"https:\/\/zabiegilaserowe.com\/pl_pl\/wp-json\/wp\/v2\/users\/1"}],"replies":[{"embeddable":true,"href":"https:\/\/zabiegilaserowe.com\/pl_pl\/wp-json\/wp\/v2\/comments?post=2033"}],"version-history":[{"count":4,"href":"https:\/\/zabiegilaserowe.com\/pl_pl\/wp-json\/wp\/v2\/pages\/2033\/revisions"}],"predecessor-version":[{"id":2039,"href":"https:\/\/zabiegilaserowe.com\/pl_pl\/wp-json\/wp\/v2\/pages\/2033\/revisions\/2039"}],"wp:attachment":[{"href":"https:\/\/zabiegilaserowe.com\/pl_pl\/wp-json\/wp\/v2\/media?parent=2033"}],"curies":[{"name":"wp","href":"https:\/\/api.w.org\/{rel}","templated":true}]}}