{"id":1654,"date":"2023-06-19T10:07:24","date_gmt":"2023-06-19T08:07:24","guid":{"rendered":"https:\/\/zabiegilaserowe.com\/?page_id=1654"},"modified":"2024-08-12T13:29:57","modified_gmt":"2024-08-12T11:29:57","slug":"regulamin-korzystania-z-uslug-epilacji-laserowej","status":"publish","type":"page","link":"https:\/\/zabiegilaserowe.com\/pl_pl\/regulamin-korzystania-z-uslug-epilacji-laserowej\/","title":{"rendered":"Regulamin korzystania z us\u0142ug epilacji laserowej"},"content":{"rendered":"\t\t<div data-elementor-type=\"wp-page\" data-elementor-id=\"1654\" class=\"elementor elementor-1654\" data-elementor-post-type=\"page\">\n\t\t\t\t\t\t<section class=\"elementor-section elementor-top-section elementor-element elementor-element-b3a9848 elementor-section-boxed elementor-section-height-default elementor-section-height-default\" data-id=\"b3a9848\" data-element_type=\"section\">\n\t\t\t\t\t\t<div class=\"elementor-container elementor-column-gap-default\">\n\t\t\t\t\t<div class=\"elementor-column elementor-col-100 elementor-top-column elementor-element elementor-element-6eb7836\" data-id=\"6eb7836\" data-element_type=\"column\">\n\t\t\t<div class=\"elementor-widget-wrap elementor-element-populated\">\n\t\t\t\t\t\t<div class=\"elementor-element elementor-element-f39092c elementor-widget elementor-widget-heading\" data-id=\"f39092c\" data-element_type=\"widget\" data-widget_type=\"heading.default\">\n\t\t\t\t<div class=\"elementor-widget-container\">\n\t\t\t\t\t<h2 class=\"elementor-heading-title elementor-size-default\">Regulamin sprzeda\u017cy pakietu epilacji laserowej\u00a0<\/h2>\t\t\t\t<\/div>\n\t\t\t\t<\/div>\n\t\t\t\t\t<\/div>\n\t\t<\/div>\n\t\t\t\t\t<\/div>\n\t\t<\/section>\n\t\t\t\t<section class=\"elementor-section elementor-top-section elementor-element elementor-element-504d781 elementor-section-boxed elementor-section-height-default elementor-section-height-default\" data-id=\"504d781\" data-element_type=\"section\">\n\t\t\t\t\t\t<div class=\"elementor-container elementor-column-gap-default\">\n\t\t\t\t\t<div class=\"elementor-column elementor-col-100 elementor-top-column elementor-element elementor-element-0398576\" data-id=\"0398576\" data-element_type=\"column\">\n\t\t\t<div class=\"elementor-widget-wrap elementor-element-populated\">\n\t\t\t\t\t\t<div class=\"elementor-element elementor-element-2bc022f elementor-widget elementor-widget-text-editor\" data-id=\"2bc022f\" data-element_type=\"widget\" data-widget_type=\"text-editor.default\">\n\t\t\t\t<div class=\"elementor-widget-container\">\n\t\t\t\t\t\t\t\t\t<div class=\"nH aHU\"><div class=\"nH hx\"><div class=\"nH\" role=\"list\"><div class=\"h7 ie nH oy8Mbf\" tabindex=\"-1\" role=\"listitem\" aria-expanded=\"true\"><div class=\"Bk\"><div class=\"G3 G2\"><div id=\":2c5\"><div class=\"adn ads\" data-message-id=\"#msg-f:1769135727380717148\" data-legacy-message-id=\"188d3b921dfade5c\"><div class=\"gs\"><div class=\"\"><div id=\":2c8\" class=\"ii gt\"><div id=\":2c7\" class=\"a3s aiL \"><div dir=\"ltr\"><div dir=\"ltr\"><div dir=\"ltr\"><div dir=\"ltr\"><div dir=\"ltr\"><div dir=\"ltr\"><div><strong>\u00a7 1 Wst\u0119p<\/strong><\/div><div>Niniejszy regulamin korzystania z us\u0142ug epilacji laserowej okre\u015bla zasady korzystania przez<\/div><div>osob\u0119, kt\u00f3ra zakupi\u0142a us\u0142ug\u0119 pakiet epilacji laserowej poprzez stron\u0119 internetow\u0105\u00a0<a href=\"https:\/\/zabiegilaserowe.com\/\" target=\"_blank\" rel=\"noopener\" data-saferedirecturl=\"https:\/\/www.google.com\/url?q=https:\/\/zabiegilaserowe.com&amp;source=gmail&amp;ust=1687268810807000&amp;usg=AOvVaw3m6gXmlhFVx3XepG1niZM2\">www.zabieginacialo.com<\/a>.\u00a0 Zabiegi epilacji laserowej \u015bwiadczone s\u0105 przez firm\u0119\u00a0<b>Womenline <\/b><b>Ewa Nieczypor NIP: 6912192475, Regon: adres: 58-500 Jelenia G\u00f3ra Grodzka 13, <\/b><b>w lokalizacji 58-500 Jelenia G\u00f3ra ul. Grodzka 13.<\/b>\u00a0 Salon oferuje \u015bwiadczenie kompleksowych zabieg\u00f3w laserowej epilacji cia\u0142a lub jego cz\u0119\u015bci. Z zabieg\u00f3w mog\u0105 korzysta\u0107 pe\u0142noletnie, osoby fizyczne posiadaj\u0105ce pe\u0142n\u0105 zdolno\u015b\u0107 do czynno\u015bci prawnych lub osoby posiadaj\u0105ce ograniczon\u0105 zdolno\u015b\u0107 do czynno\u015bci prawnych za uprzedni\u0105 pisemn\u0105 zgod\u0105 ich opiekuna prawnego udzielon\u0105 osobi\u015bcie w salonie Womenline przed przyst\u0105pieniem do wykonania zabiegu.<\/div><div>\u00a0<\/div><div><strong>\u00a7 2 Obowi\u0105zki Klienta<\/strong><\/div><div>Klienci s\u0105 zobowi\u0105zani do zapoznania si\u0119 z Regulaminem sprzeda\u017cy pakietu epilacji laserowej, dost\u0119pnym pod adresem\u00a0<a href=\"https:\/\/zabiegilaserowe.com\/\" target=\"_blank\" rel=\"noopener\" data-saferedirecturl=\"https:\/\/www.google.com\/url?q=https:\/\/zabiegilaserowe.com&amp;source=gmail&amp;ust=1687268810807000&amp;usg=AOvVaw3m6gXmlhFVx3XepG1niZM2\">www.zabieginacialo.com<\/a>\u00a0przed rozpocz\u0119ciem zabiegu oraz do przestrzegania jego postanowie\u0144, i stosowania si\u0119 do zalece\u0144<\/div><div>Womenline. Ka\u017cdy Klient przyst\u0119puj\u0105cy do zabiegu, o\u015bwiadcza, \u017ce zapozna\u0142 si\u0119 z Regulaminem sprzeda\u017cy pakietu epilacji laserowej oraz \u017ce w pe\u0142ni akceptuje ten Regulamin, oraz nie wnosi do niego \u017cadnych zastrze\u017ce\u0144. Powy\u017csze dotyczy r\u00f3wnie\u017c podpisania Karty Klienta, tj. dokumentu w kt\u00f3rym Klient wskazuje swoj\u0105 histori\u0119 medyczn\u0105 pozwalaj\u0105c\u0105 wykluczy\u0107 istniej\u0105ce przeciwwskazania do zabiegu epilacji laserowej, zapoznaje si\u0119 i o\u015bwiadcza, \u017ce zapozna\u0142 si\u0119 z procedurami zabiegu epilacji laserowej, jest \u015bwiadomy korzy\u015bci oraz ewentualnych skutk\u00f3w ubocznych oraz wyra\u017ca zgod\u0119 na dobrowolne przeprowadzenie zabiegu epilacji laserowej \u2013 wz\u00f3r Karty Klienta jest dost\u0119pny pod adresem: <a href=\"https:\/\/zabiegilaserowe.com\/\" target=\"_blank\" rel=\"noopener\" data-saferedirecturl=\"https:\/\/www.google.com\/url?q=https:\/\/zabiegilaserowe.com&amp;source=gmail&amp;ust=1687268810807000&amp;usg=AOvVaw3m6gXmlhFVx3XepG1niZM2\">www.zabieginacialo.com<\/a>.\u00a0 Klient ma obowi\u0105zek wype\u0142ni\u0107 oraz podpisa\u0107 Kart\u0119 Klienta przed przyst\u0105pieniem do Zabiegu. Klient zobowi\u0105zany jest poinformowa\u0107 Womenline o wszelkich przeciwwskazaniach wymienionych dalej w ust. 4 oraz ust. 5 niniejszego Regulaminu, a tak\u017ce o wszelkich innych chorobach, stanach zapalanych w fazie ostrej, HIV, przebytej \u017c\u00f3\u0142taczce, alergiach, przyjmowanych lekach, suplementach diety, ci\u0105\u017cy, po\u0142ogu, wstawionych protezach, zastawkach, rozruszniku serca, wykonanych zabiegach w domu lub w innym salonie oraz pozosta\u0142ych przeciwwskazaniach do zabiegu epilacji laserowej. Ka\u017cdorazowo przed rozpocz\u0119ciem kolejnej serii, kt\u00f3ra nast\u0119puje po okresie d\u0142u\u017cszym ni\u017c 45 dni od poprzedniej wizyty, Klient potwierdza, \u017ce nadal nie ma przeciwwskaza\u0144 do wykonania danego zabiegu epilacji laserowej. Wywiad opisany w niniejszym ust. 2 jest dokonywany w oparciu o Kart\u0119 Klienta. Zakup us\u0142ugi zabiegu Epilacji laserowej, \u015bwiadczonej przez Womenline jest r\u00f3wnoznaczny ze z\u0142o\u017ceniem przez Klienta o\u015bwiadczenia, i\u017c nie ma \u017cadnych przeciwwskaza\u0144 zdrowotnych do korzystania z us\u0142ugi zabiegu epilacji laserowej, oferowanej przez Womenline (w szczeg\u00f3lno\u015bci wymienionych w ust. 4 i 5 poni\u017cej oraz konkretnej Karcie Klienta) oraz, \u017ce zapozna\u0142 si\u0119 z Regulaminem us\u0142ug epilacji laserowej, i akceptuje jego warunki. Zakup us\u0142ug epilacji laserowej \u015bwiadczonej przez Womenline jest r\u00f3wnie\u017c r\u00f3wnoznaczny ze z\u0142o\u017ceniem o\u015bwiadcze\u0144 wskazanych w Karcie Klienta. Bezwzgl\u0119dnymi przeciwwskazaniami do korzystania z zabiegu epilacji laserowej s\u0105:<\/div><div>choroby nowotworowe, ci\u0105\u017ca, wszczepiony defibrylator lub stymulator serca, metalowe implanty, cukrzyca, przewlek\u0142e choroby sk\u00f3ry, np. bielactwo, \u0142uszczyca, rybia \u0142uska, zaburzenia krzepni\u0119cia krwi, stosowanie lek\u00f3w zmniejszaj\u0105cych krzepliwo\u015b\u0107 krwi, nadwra\u017cliwo\u015b\u0107 na \u015bwiat\u0142o, tendencje do powstawania przebarwie\u0144 lub bliznowc\u00f3w, w\u0142osy rude, siwe, blond \u2013 stanowi\u0105 przeciwwskazanie w miejscu zabiegu epilacji laserowej ze wzgl\u0119du na brak melaniny w mieszku w\u0142osowym, choroby autoimmunologiczne, immunopresja, fotodermatozy, stwardnienie rozsiane. Wzgl\u0119dnymi przeciwwskazaniami do korzystania z zabiegu epilacji laserowej s\u0105: opalenizna, aktywne infekcje sk\u00f3ry, przyjmowanie lek\u00f3w antydepresyjnych, psychotropowych, steryd\u00f3w, za\u017cywanie antybiotyk\u00f3w z grupy tetracyklin, dermabrazja laserowa wykonana w ci\u0105gu ostatnich trzech miesi\u0119cy na powierzchni epilacji,niekt\u00f3re zabiegi dermokosmetyczne i chirurgiczne, zdj\u0119cia rentgenowskie wykonane na 1 (jeden) tydzie\u0144 przed zabiegiem, spo\u017cywanie alkoholu (24 (dwadzie\u015bcia cztery) godziny przed zabiegiem), karmienie piersi\u0105, zaburzenia hormonalne i choroby endokrynologiczne, stany gor\u0105czkowe, antybiotyki, epilepsja. Klient zobowi\u0105zany jest poinformowa\u0107 Womenline o pogorszeniu swojego samopoczucia w trakcie wykonywania zabieg\u00f3w. Klient ma obowi\u0105zek stosowania si\u0119 do zalece\u0144 po zabiegowych zgodnie z instrukcj\u0105 przekazan\u0105 podczas zabiegu. W uzasadnionych wypadkach, w szczeg\u00f3lno\u015bci w razie w\u0105tpliwo\u015bci co do bezpiecze\u0144stwa przeprowadzenia zabiegu, w szczeg\u00f3lno\u015bci wskutek przeprowadzonego z Klientem wywiadu o kt\u00f3rym mowa w ust. 2 powy\u017cej, Womenline ma prawo odm\u00f3wi\u0107 przeprowadzenia Zabiegu lub gdy w\u0105tpliwo\u015bci w zakresie bezpiecze\u0144stwa maj\u0105 charakter przej\u015bciowy zaproponowa\u0107 Klientowi nowy termin wykonania zabiegu. W przypadku gdy Klient dokona\u0142 zap\u0142aty za zabieg, a do zabiegu nie dojdzie wskutek okoliczno\u015bci wskazanych w zdaniu poprzednim, Womenline dokona zwrotu na rzecz Klienta dokonanej przez niego p\u0142atno\u015bci. W przypadku wyst\u0105pienia konieczno\u015bci zwrotu\u00a0 \u015brodk\u00f3w za transakcj\u0119 dokonan\u0105 przez Klienta kart\u0105 p\u0142atnicz\u0105, Womenline dokona zwrotu na rachunek bankowy przypisany do karty p\u0142atniczej Klienta.\u00a0<\/div><div>\u00a0<\/div><div><strong>\u00a7 3 Oferta Womenline<\/strong><\/div><div>Zakupiony pakiet zabieg\u00f3w wa\u017cny jest przez 6 (sze\u015b\u0107) miesi\u0119cy liczone od dnia jego zakupu \u2013 w tym okresie nale\u017cy skorzysta\u0107 z us\u0142ug na podstawie zakupionego pakietu. Po up\u0142ywie terminu wa\u017cno\u015bci, pakiet traci wa\u017cno\u015b\u0107, a posiadacz pakietu\u00a0 traci wynikaj\u0105ce z niego uprawnienia. W przypadku niezrealizowania pakietu przez jego posiadacza lub ch\u0119ci skorzystania z niego po terminie wa\u017cno\u015bci pakietu, jego posiadaczowi nie przys\u0142uguj\u0105 \u017cadne prawa z tytu\u0142u posiadania zakupionego pakietu, nie mo\u017ce on te\u017c ro\u015bci\u0107 sobie prawa do rekompensaty lub zwrotu op\u0142aty za pakiet. \u0141\u0105czna liczba zabieg\u00f3w epilacji laserowej wykonanych w ramach jednego pakietu wynosi maksymalnie 6. W ramach nabycia pakietu epilacji laserowej , Klient nabywa prawo do korzystania z us\u0142ug Womenline w postaci zabieg\u00f3w epilacji laserowej przez okres 12 (dwunastu) miesi\u0119cy, liczony od dnia wykonania pierwszego zabiegu epilacji laserowej, wchodz\u0105cego w sk\u0142ad pakietu epilacji laserowej. Zabiegi epilacji laserowej wykonywane w ramach pakietu s\u0105 realizowane cyklicznie, nie cz\u0119\u015bciej ni\u017c co 5 (pi\u0119\u0107) tygodni \u2013 w zale\u017cno\u015bci od indywidualnych predyspozycji Klienta w stosunku do dzia\u0142ania lasera \u2013 maksymalnie przez okres 12 (dwunastu) miesi\u0119cy. Maj\u0105c na uwadze fakt, i\u017c dzia\u0142anie lasera w ramach zabiegu epilacji laserowej jest zale\u017cne od indywidualnych predyspozycji ka\u017cdego Klienta i zale\u017cy m.in. od budowy ow\u0142osienia oraz fazy cyklu wzrostu w\u0142osa, Firma Womenline w ramach pakietu laserowej nie gwarantuje pe\u0142nego efektu depilacji. Pierwsze efekty Zabiegu Epilacji laserowej powinny by\u0107 widoczne po oko\u0142o 3 (trzech) tygodniach od pierwszego zabiegu epilacji\u00a0 laserowej. Kolejne serie zabieg\u00f3w epilacji laserowej winny by\u0107 wykonywane w okresach czasu wskazanych przez obs\u0142ug\u0119 Womenline. Przed przeprowadzeniem kolejnych serii zabieg\u00f3w epilacji laserowej Klient zobowi\u0105zany jest do przygotowania si\u0119 do zabiegu epilacji laserowej zgodnie z zaleceniami, w szczeg\u00f3lno\u015bci poprzez ogolenie miejsca, na kt\u00f3rym przeprowadzony ma by\u0107 zabieg epilacji laserowej.<\/div><div>\u00a0<\/div><div><strong>\u00a7 4 Odpowiedzialno\u015b\u0107<\/strong><\/div><div>Nie zastosowanie si\u0119 Klienta do wymaga\u0144 niniejszego Regulaminu pakietu us\u0142ug epilacji laserowej, w tym w szczeg\u00f3lno\u015bci nie poinformowanie o przeciwwskazaniach zdrowotnych, skutkuje wy\u0142\u0105czeniem odpowiedzialno\u015bci Womenline. Klient ponosi wy\u0142\u0105czn\u0105 odpowiedzialno\u015b\u0107 za jakiekolwiek skutki zwi\u0105zane z zatajeniem lub pomini\u0119ciem jakiejkolwiek choroby lub schorzenia wskazanych w niniejszym Regulaminie lub Karcie Klienta jako przeciwwskazania do wykonywania zabieg\u00f3w. Womenline nie bierze odpowiedzialno\u015bci za brak po\u017c\u0105danych efekt\u00f3w zabiegu epilacji laserowej\u00a0 lub powik\u0142ania po zabiegu w przypadku niestosowania si\u0119 do zalece\u0144 po zabiegowych. Informacje podane przez Womenline maj\u0105 charakter informacyjny oraz edukacyjny, i nie mog\u0105 zast\u0105pi\u0107 porady, i zalece\u0144 lekarza. Korzystaj\u0105c z oferty Womenline Klient jest \u015bwiadomy, potwierdza i zgadza si\u0119, \u017ce Womenline nie oferuje konsultacji i porad medycznych. Korzystanie z zabieg\u00f3w epilacji\u00a0 laserowej nie jest r\u00f3wnoznaczne z gwarancj\u0105 ca\u0142kowitej lub wiecznej Epilacji.<\/div><div>\u00a0<\/div><div><strong>\u00a7 5 Reklamacje<\/strong><\/div><div>Klient ma prawo z\u0142o\u017cy\u0107 reklamacj\u0119 na us\u0142ug\u0119 epilacji\u00a0 laserowej. Wszelkie skargi, za\u017calenia i reklamacje nale\u017cy sk\u0142ada\u0107 na pi\u015bmie, pod rygorem niewa\u017cno\u015bci listem poleconym na adres siedziby Womenline podany w \u00a7 1 ust. 1 niniejszego Regulaminu Salonu lub za po\u015brednictwem drogi mailowej na adres:\u00a0<a href=\"mailto:zabieginacialojeleniagora@gmail.com\" target=\"_blank\" rel=\"noopener\">zabieginacialojeleniagora@<wbr \/>gmail.com<\/a>. Reklamacja powinna zawiera\u0107 co najmniej: imi\u0119, nazwisko, adres, adres poczty elektronicznej (e-mail) U\u017cytkownika, przedmiot reklamacji, ze wskazaniem \u017c\u0105dania Kupuj\u0105cego, wszelkie okoliczno\u015bci uzasadniaj\u0105ce reklamacj\u0119. O rozstrzygni\u0119ciu reklamacji Us\u0142ugi Kupuj\u0105cy zostanie poinformowany drog\u0105 elektroniczn\u0105 lub pisemn\u0105 (w zale\u017cno\u015bci od formy zg\u0142oszenia reklamacji) w terminie 30 (trzydziestu). W przypadku braku ustosunkowania si\u0119 do z\u0142o\u017conej reklamacji we wskazanym terminie, uwa\u017ca si\u0119, \u017ce reklamacja zosta\u0142a uznana za uzasadnion\u0105.<\/div><div>\u00a0<\/div><div><strong>\u00a7 6 Rezerwacje<\/strong><\/div><div>Po dokonaniu zakupu pakietu, w terminie 3 dni roboczych nast\u0119puje kontakt telefoniczny (ewentualnie mailowy) z Klientem, kt\u00f3ry zakupi\u0142 pakiet, w celu ustalenia pierwszej wizyty na us\u0142ug\u0119 epilacji\u00a0 laserowej. Kolejne wizyty zostan\u0105 ustalone z Klientem indywidualnie. Na zarezerwowane Zabiegi nale\u017cy zg\u0142asza\u0107 si\u0119 w um\u00f3wionym czasie. W przypadku znacznego sp\u00f3\u017anienia na zabieg epilacji laserowej przez Klienta, mo\u017ce nast\u0105pi\u0107 konieczno\u015b\u0107 skr\u00f3cenia zabiegu lub wyznaczenie nowego terminu jego wykonania. W takim przypadku Womenline mo\u017ce odm\u00f3wi\u0107 wykonania Zabiegu z winy Klienta, i wskaza\u0107 nowy termin w kt\u00f3rym nast\u0105pi realizacja Zabiegu. Klient powinien ka\u017cdorazowo poinformowa\u0107 Womenline (telefonicznie, drog\u0105 mailow\u0105 lub osobi\u015bcie) o konieczno\u015bci zmiany terminu lub odwo\u0142ania um\u00f3wionej wizyty b\u0105d\u017a zabiegu, najp\u00f3\u017aniej 48 (dwadzie\u015bcia cztery) godziny przed planowan\u0105 wizyt\u0105. W przypadku braku odwo\u0142ania zarezerwowanego terminu wizyty przed up\u0142ywem 48 (dwudziestu czterech) godzin przed zabiegiem, us\u0142ug\u0119 t\u0119 uznaje si\u0119 za wykonan\u0105, a kwota odpowiadaj\u0105ca cenie Zabiegu ustalona w cenniku, b\u0105d\u017a indywidualnie z Klientem, nie podlega zwrotowi. Womenline zastrzega sobie prawo do odwo\u0142ania Zabiegu z jednoczesn\u0105 zmian\u0105 terminu rezerwacji lub mo\u017cliwo\u015bci\u0105 um\u00f3wienia nowego terminu w p\u00f3\u017aniejszym okresie. W sytuacjach nag\u0142ych, Klienci b\u0119d\u0105 poinformowani o konieczno\u015bci odwo\u0142ania zabiegu b\u0105d\u017a zmianie terminu zabiegu w najszybszym mo\u017cliwym terminie, w pozosta\u0142ych przypadkach \u2013 przed up\u0142ywem 24 (dwudziestu czterech) godzin przed wyznaczonym terminem. W przypadku konieczno\u015bci zmiany terminu zabiegu, wynik\u0142ej z okoliczno\u015bci le\u017c\u0105cych po stronie Salonu, Klient wybiera najdogodniejszy dla siebie najbli\u017cszy wolny termin zabiegu.<\/div><div>\u00a0<\/div><div><strong>\u00a7 7 P\u0142atno\u015bci<\/strong><\/div><div>Podmiotem \u015bwiadcz\u0105cym obs\u0142ug\u0119 p\u0142atno\u015bci online jest Blue Media. S.A.\u00a0<\/div><div>Dost\u0119pnymi formami p\u0142atno\u015bci s\u0105: Karty p\u0142atnicze: Visa, Visa Electron, Mastercard, MasterCard Electronic, Maestro. W przypadku wyst\u0105pienia konieczno\u015bci zwrotu\u00a0 \u015brodk\u00f3w za transakcj\u0119 dokonan\u0105 przez Klienta kart\u0105 p\u0142atnicz\u0105, Womenline dokona zwrotu na rachunek bankowy przypisany do karty p\u0142atniczej Klienta.\u00a0 Rozpocz\u0119cie realizacji us\u0142ugi &#8211; w przypadku wyboru przez Klienta sposobu p\u0142atno\u015bci przelewem, p\u0142atno\u015bci elektroniczne lub kart\u0105 p\u0142atnicz\u0105 &#8211; nast\u0119puje od dnia uznania rachunku bankowego Womenline.<\/div><div>\u00a0<\/div><div><strong>\u00a7 8 Konsument<\/strong>, kt\u00f3ry zawar\u0142 umow\u0119 na odleg\u0142o\u015b\u0107 lub umow\u0119 poza lokalem przedsi\u0119biorca , ma prawo odst\u0105pi\u0107 od niej w terminie 14 dni.<\/div><div>\u00a0<\/div><div><strong>\u00a7 9\u00a0 Postanowienia ko\u0144cowe<\/strong><\/div><div>Womenline nie ponosi odpowiedzialno\u015bci za dzieci pozostawione bez opieki w salonie &#8211; w miejscu realizacji pakietu epilacji laserowej. Za uszkodzenia b\u0105d\u017a zniszczenia dokonane przez dzieci odpowiedzialno\u015b\u0107 ponosz\u0105 rodzice b\u0105d\u017a ich prawni opiekunowie. Klient ponosi odpowiedzialno\u015b\u0107 finansow\u0105 za zawinione uszkodzenie b\u0105d\u017a zniszczenie wyposa\u017cenia salonu. Womenline nie ponosi odpowiedzialno\u015bci za rzeczy warto\u015bciowe pozostawione bez nadzoru poza wyznaczonym miejscem do przechowania. W kwestiach nieuregulowanych w niniejszym Regulaminie, stosuje si\u0119 przepisy Kodeksu cywilnego. Womenline zastrzega sobie prawo do zmiany niniejszego Regulaminu. O zmianie Regulaminu Klient zostanie powiadomiony, przed wej\u015bciem w \u017cycie zmian, udost\u0119pniaj\u0105c tre\u015b\u0107 nowego Regulaminu na stronie internetowej\u00a0<a href=\"https:\/\/zabiegilaserowe.com\/\" target=\"_blank\" rel=\"noopener\" data-saferedirecturl=\"https:\/\/www.google.com\/url?q=https:\/\/zabiegilaserowe.com&amp;source=gmail&amp;ust=1687268810808000&amp;usg=AOvVaw3rJcTSh2kk70aCRVBT9bLK\">www.zabieginacialo.com<\/a>. Regulamin pakietu us\u0142ug epilacji laserowej\u00a0 dost\u0119pny jest na\u00a0<a href=\"https:\/\/zabiegilaserowe.com\/\" target=\"_blank\" rel=\"noopener\" data-saferedirecturl=\"https:\/\/www.google.com\/url?q=https:\/\/zabiegilaserowe.com&amp;source=gmail&amp;ust=1687268810808000&amp;usg=AOvVaw3rJcTSh2kk70aCRVBT9bLK\">www.zabieginacialo.com<\/a>. Prawem w\u0142a\u015bciwym dla niniejszego Regulaminu jest prawo polskie. Niniejszy Regulamin Salonu wchodzi w \u017cycie z dniem 20.06.2023 r.<\/div><\/div><\/div><\/div><\/div><\/div><\/div><\/div><\/div><\/div><\/div><\/div><\/div><\/div><\/div><\/div><\/div><div class=\"nH\">\u00a0<\/div><\/div><\/div><div class=\"nH\">\u00a0<\/div>\t\t\t\t\t\t\t\t<\/div>\n\t\t\t\t<\/div>\n\t\t\t\t\t<\/div>\n\t\t<\/div>\n\t\t\t\t\t<\/div>\n\t\t<\/section>\n\t\t\t\t<\/div>\n\t\t","protected":false},"excerpt":{"rendered":"<p>Regulamin sprzeda\u017cy pakietu epilacji laserowej\u00a0 \u00a7 1 Wst\u0119pNiniejszy regulamin korzystania z us\u0142ug epilacji laserowej okre\u015bla zasady korzystania przezosob\u0119, kt\u00f3ra zakupi\u0142a us\u0142ug\u0119 pakiet epilacji laserowej poprzez stron\u0119 internetow\u0105\u00a0www.zabieginacialo.com.\u00a0 Zabiegi epilacji laserowej \u015bwiadczone s\u0105 przez firm\u0119\u00a0Womenline Ewa Nieczypor NIP: 6912192475, Regon: adres: 58-500 Jelenia G\u00f3ra Grodzka 13, w lokalizacji 58-500 Jelenia G\u00f3ra ul. Grodzka 13.\u00a0 Salon oferuje [&hellip;]<\/p>\n","protected":false},"author":1,"featured_media":0,"parent":0,"menu_order":0,"comment_status":"closed","ping_status":"closed","template":"","meta":{"footnotes":""},"class_list":["post-1654","page","type-page","status-publish","hentry"],"_links":{"self":[{"href":"https:\/\/zabiegilaserowe.com\/pl_pl\/wp-json\/wp\/v2\/pages\/1654","targetHints":{"allow":["GET"]}}],"collection":[{"href":"https:\/\/zabiegilaserowe.com\/pl_pl\/wp-json\/wp\/v2\/pages"}],"about":[{"href":"https:\/\/zabiegilaserowe.com\/pl_pl\/wp-json\/wp\/v2\/types\/page"}],"author":[{"embeddable":true,"href":"https:\/\/zabiegilaserowe.com\/pl_pl\/wp-json\/wp\/v2\/users\/1"}],"replies":[{"embeddable":true,"href":"https:\/\/zabiegilaserowe.com\/pl_pl\/wp-json\/wp\/v2\/comments?post=1654"}],"version-history":[{"count":34,"href":"https:\/\/zabiegilaserowe.com\/pl_pl\/wp-json\/wp\/v2\/pages\/1654\/revisions"}],"predecessor-version":[{"id":2956,"href":"https:\/\/zabiegilaserowe.com\/pl_pl\/wp-json\/wp\/v2\/pages\/1654\/revisions\/2956"}],"wp:attachment":[{"href":"https:\/\/zabiegilaserowe.com\/pl_pl\/wp-json\/wp\/v2\/media?parent=1654"}],"curies":[{"name":"wp","href":"https:\/\/api.w.org\/{rel}","templated":true}]}}