{"id":3065,"date":"2025-10-14T12:54:15","date_gmt":"2025-10-14T10:54:15","guid":{"rendered":"https:\/\/zabiegilaserowe.com\/?page_id=3065"},"modified":"2025-10-26T12:11:58","modified_gmt":"2025-10-26T11:11:58","slug":"laser-face-lifting","status":"publish","type":"page","link":"https:\/\/zabiegilaserowe.com\/en\/laser-face-lifting\/","title":{"rendered":"laser-face-lifting"},"content":{"rendered":"<div data-elementor-type=\"wp-page\" data-elementor-id=\"3065\" class=\"elementor elementor-3065\" data-elementor-post-type=\"page\">\n\t\t\t\t<div class=\"elementor-element elementor-element-b898068 e-flex e-con-boxed e-con e-parent\" data-id=\"b898068\" data-element_type=\"container\">\n\t\t\t\t\t<div class=\"e-con-inner\">\n\t\t<div class=\"elementor-element elementor-element-5d51811 e-con-full e-flex e-con e-child\" data-id=\"5d51811\" data-element_type=\"container\">\n\t\t\t\t<div class=\"elementor-element elementor-element-e54fb1a elementor-widget elementor-widget-image\" data-id=\"e54fb1a\" data-element_type=\"widget\" data-widget_type=\"image.default\">\n\t\t\t\t<div class=\"elementor-widget-container\">\n\t\t\t\t\t\t\t\t\t\t\t\t\t\t\t<img fetchpriority=\"high\" decoding=\"async\" width=\"755\" height=\"1024\" src=\"https:\/\/zabiegilaserowe.com\/wp-content\/uploads\/2023\/06\/wpmen-line-treatents-Laser-correction-of-the-oval-of-the-faceface-lifting-elimination-of-chubby-cheeks-755x1024.jpg\" class=\"attachment-large size-large wp-image-1405\" alt=\"\" srcset=\"https:\/\/zabiegilaserowe.com\/wp-content\/uploads\/2023\/06\/wpmen-line-treatents-Laser-correction-of-the-oval-of-the-faceface-lifting-elimination-of-chubby-cheeks-755x1024.jpg 755w, https:\/\/zabiegilaserowe.com\/wp-content\/uploads\/2023\/06\/wpmen-line-treatents-Laser-correction-of-the-oval-of-the-faceface-lifting-elimination-of-chubby-cheeks-221x300.jpg 221w, https:\/\/zabiegilaserowe.com\/wp-content\/uploads\/2023\/06\/wpmen-line-treatents-Laser-correction-of-the-oval-of-the-faceface-lifting-elimination-of-chubby-cheeks-768x1042.jpg 768w, https:\/\/zabiegilaserowe.com\/wp-content\/uploads\/2023\/06\/wpmen-line-treatents-Laser-correction-of-the-oval-of-the-faceface-lifting-elimination-of-chubby-cheeks-9x12.jpg 9w, https:\/\/zabiegilaserowe.com\/wp-content\/uploads\/2023\/06\/wpmen-line-treatents-Laser-correction-of-the-oval-of-the-faceface-lifting-elimination-of-chubby-cheeks-600x814.jpg 600w, https:\/\/zabiegilaserowe.com\/wp-content\/uploads\/2023\/06\/wpmen-line-treatents-Laser-correction-of-the-oval-of-the-faceface-lifting-elimination-of-chubby-cheeks.jpg 1080w\" sizes=\"(max-width: 755px) 100vw, 755px\" \/>\t\t\t\t\t\t\t\t\t\t\t\t\t\t\t<\/div>\n\t\t\t\t<\/div>\n\t\t\t\t<\/div>\n\t\t<div class=\"elementor-element elementor-element-f7bef13 e-con-full e-flex e-con e-child\" data-id=\"f7bef13\" data-element_type=\"container\">\n\t\t\t\t<div class=\"elementor-element elementor-element-5d1d27f elementor-widget elementor-widget-heading\" data-id=\"5d1d27f\" data-element_type=\"widget\" data-widget_type=\"heading.default\">\n\t\t\t\t<div class=\"elementor-widget-container\">\n\t\t\t\t\t<h2 class=\"elementor-heading-title elementor-size-default\">Laser correction of the facial oval (facelift, elimination of hamsters) \n<\/h2>\t\t\t\t<\/div>\n\t\t\t\t<\/div>\n\t\t\t\t<div class=\"elementor-element elementor-element-0d1d764 elementor-widget elementor-widget-tp-accordion\" data-id=\"0d1d764\" data-element_type=\"widget\" data-widget_type=\"tp-accordion.default\">\n\t\t\t\t<div class=\"elementor-widget-container\">\n\t\t\t\t\t\n<div class=\"theplus-accordion-wrapper elementor-accordion\"\n    id=\"accordion69e34af2e3c1a\" data-accordion-id=\"accordion69e34af2e3c1a\"\n    data-connection=\"\"\n    data-accordion-type=\"accordion\"\n    data-heightlight-text role=\"tablist\" >\n\n            <div class=\"theplus-accordion-item\"  role=\"tab\">\n            <div id=\"elementor-tab-title-1371\" class=\"elementor-tab-title plus-accordion-header active-default text-left\" data-tab=\"1\" aria-controls=\"elementor-tab-content-1371\">\n                                <span class=\"elementor-accordion-icon elementor-accordion-icon-left\" aria-hidden=\"true\"><i class=\"elementor-accordion-icon-closed fa fa-plus\"><\/i><i class=\"elementor-accordion-icon-opened fa fa-minus\"><\/i><\/span>\n                <span style=\"width:100%\">Information on treatment<\/span>                            <\/div>\n\n                        <div id=\"elementor-tab-content-1371\" class=\"elementor-tab-content elementor-clearfix plus-accordion-content active-default\" data-tab=\"1\" role=\"tabpanel\" aria-labelledby=\"elementor-tab-title-1371\">\n                <div class=\"plus-content-editor\" ><p><strong>Laser facelift<\/strong> (ND:Yag) is a treatment that effectively corrects imperfections and visibly rejuvenates the skin. Laser therapy is currently one of the most popular methods of rejuvenation. No wonder! Great results, safety, no long-term convalescence and naturalness instead of the so-called mask effect give patients a feeling of comfort.<\/p><p>The ND:Yag laser, which emits light absorbed by water, affects all cells as they contain water. Heating the skin has a rejuvenating effect. The temperature absorbed by the tissues causes an influx of fibroblasts, the cells that produce collagen fibres. As a result, the skin regenerates from within. This triggers repair processes in the skin, resulting in improved skin tone and firmness and a reduction in the appearance of wrinkles and fine lines.<\/p><\/div>\n            <\/div>\n                    <\/div>\n                <div class=\"theplus-accordion-item\"  role=\"tab\">\n            <div id=\"elementor-tab-title-1372\" class=\"elementor-tab-title plus-accordion-header no text-left\" data-tab=\"2\" aria-controls=\"elementor-tab-content-1372\">\n                                <span class=\"elementor-accordion-icon elementor-accordion-icon-left\" aria-hidden=\"true\"><i class=\"elementor-accordion-icon-closed fa fa-plus\"><\/i><i class=\"elementor-accordion-icon-opened fa fa-minus\"><\/i><\/span>\n                <span style=\"width:100%\">How does it work?<\/span>                            <\/div>\n\n                        <div id=\"elementor-tab-content-1372\" class=\"elementor-tab-content elementor-clearfix plus-accordion-content no\" data-tab=\"2\" role=\"tabpanel\" aria-labelledby=\"elementor-tab-title-1372\">\n                <div class=\"plus-content-editor\" ><p>The laser facelift treatment improves skin tone and reduces the depth and number of wrinkles by selectively thermally damaging the structures of the papillary and reticular layers of the dermis to stimulate fibroblast activity and synthesis of new collagen fibres. Laser pulses (ND:Yag), which have a stimulating effect on skin tone throughout its thickness. The skin is irradiated to a depth of approximately 6 mm, which we refer to as a deep laser lift.<\/p><\/div>\n            <\/div>\n                    <\/div>\n                <div class=\"theplus-accordion-item\"  role=\"tab\">\n            <div id=\"elementor-tab-title-1373\" class=\"elementor-tab-title plus-accordion-header no text-left\" data-tab=\"3\" aria-controls=\"elementor-tab-content-1373\">\n                                <span class=\"elementor-accordion-icon elementor-accordion-icon-left\" aria-hidden=\"true\"><i class=\"elementor-accordion-icon-closed fa fa-plus\"><\/i><i class=\"elementor-accordion-icon-opened fa fa-minus\"><\/i><\/span>\n                <span style=\"width:100%\">Effects<\/span>                            <\/div>\n\n                        <div id=\"elementor-tab-content-1373\" class=\"elementor-tab-content elementor-clearfix plus-accordion-content no\" data-tab=\"3\" role=\"tabpanel\" aria-labelledby=\"elementor-tab-title-1373\">\n                <div class=\"plus-content-editor\" ><ul><li>firming of the skin and improvement of the facial oval,<\/li><li>reduction of wrinkles<\/li><li>reduction of skin pores<\/li><li>brightening of discolouration,<\/li><li>collagen reconstruction,<\/li><li>Smoothes skin texture and improves skin tone<\/li><\/ul><\/div>\n            <\/div>\n                    <\/div>\n                <div class=\"theplus-accordion-item\"  role=\"tab\">\n            <div id=\"elementor-tab-title-1374\" class=\"elementor-tab-title plus-accordion-header no text-left\" data-tab=\"4\" aria-controls=\"elementor-tab-content-1374\">\n                                <span class=\"elementor-accordion-icon elementor-accordion-icon-left\" aria-hidden=\"true\"><i class=\"elementor-accordion-icon-closed fa fa-plus\"><\/i><i class=\"elementor-accordion-icon-opened fa fa-minus\"><\/i><\/span>\n                <span style=\"width:100%\"> Contraindications<\/span>                            <\/div>\n\n                        <div id=\"elementor-tab-content-1374\" class=\"elementor-tab-content elementor-clearfix plus-accordion-content no\" data-tab=\"4\" role=\"tabpanel\" aria-labelledby=\"elementor-tab-title-1374\">\n                <div class=\"plus-content-editor\" ><ul><li>taking steroids in cream or tablets and photosensitising drugs (retinoids and tetracyclines),<\/li><li>iron and vitamin A supplementation,<\/li><li>skin diseases (psoriasis, lichen, herpes),<\/li><li>vitiligo,<\/li><li>epilepsy,<\/li><li>susceptibility to scarring,<\/li><li>cancer,<\/li><li>viral infections,<\/li><li>active autoimmune diseases (e.g. systemic lupus, scleroderma),<\/li><li>Taking Accutane for 6 months prior to starting treatment,<\/li><li>blood clotting disorders,<\/li><li>pacemaker,<\/li><li>pregnancy,<\/li><li>breastfeeding<\/li><\/ul><\/div>\n            <\/div>\n                    <\/div>\n                <div class=\"theplus-accordion-item\"  role=\"tab\">\n            <div id=\"elementor-tab-title-1375\" class=\"elementor-tab-title plus-accordion-header no text-left\" data-tab=\"5\" aria-controls=\"elementor-tab-content-1375\">\n                                <span class=\"elementor-accordion-icon elementor-accordion-icon-left\" aria-hidden=\"true\"><i class=\"elementor-accordion-icon-closed fa fa-plus\"><\/i><i class=\"elementor-accordion-icon-opened fa fa-minus\"><\/i><\/span>\n                <span style=\"width:100%\"> Recommendation before treatment<\/span>                            <\/div>\n\n                        <div id=\"elementor-tab-content-1375\" class=\"elementor-tab-content elementor-clearfix plus-accordion-content no\" data-tab=\"5\" role=\"tabpanel\" aria-labelledby=\"elementor-tab-title-1375\">\n                <div class=\"plus-content-editor\" ><ul><li>Three weeks before the treatment, the consumption of St. John's wort, calendula, field horsetail or pansies should be discontinued.<\/li><li>do not drink alcohol for 24 hours before the treatment<\/li><li>do not use peeling one month before the treatment<\/li><li>do not wax or depilate the treatment site 2 weeks prior to treatment<\/li><li>do not sunbathe for 1 to 2 months before treatment<\/li><\/ul><\/div>\n            <\/div>\n                    <\/div>\n                <div class=\"theplus-accordion-item\"  role=\"tab\">\n            <div id=\"elementor-tab-title-1376\" class=\"elementor-tab-title plus-accordion-header no text-left\" data-tab=\"6\" aria-controls=\"elementor-tab-content-1376\">\n                                <span class=\"elementor-accordion-icon elementor-accordion-icon-left\" aria-hidden=\"true\"><i class=\"elementor-accordion-icon-closed fa fa-plus\"><\/i><i class=\"elementor-accordion-icon-opened fa fa-minus\"><\/i><\/span>\n                <span style=\"width:100%\">Recommendations after treatment<\/span>                            <\/div>\n\n                        <div id=\"elementor-tab-content-1376\" class=\"elementor-tab-content elementor-clearfix plus-accordion-content no\" data-tab=\"6\" role=\"tabpanel\" aria-labelledby=\"elementor-tab-title-1376\">\n                <div class=\"plus-content-editor\" ><p>Your skin will be red after the treatment. No make-up should be applied, only cooling compresses and moisturising creams. Sunbathing, saunas and swimming pools should also be avoided. Scrubs, strong towel rubs and alcohol-based cosmetics are not recommended. The skin returns to normal after about 7 days.<\/p><\/div>\n            <\/div>\n                    <\/div>\n                <div class=\"theplus-accordion-item\"  role=\"tab\">\n            <div id=\"elementor-tab-title-1377\" class=\"elementor-tab-title plus-accordion-header no text-left\" data-tab=\"7\" aria-controls=\"elementor-tab-content-1377\">\n                                <span class=\"elementor-accordion-icon elementor-accordion-icon-left\" aria-hidden=\"true\"><i class=\"elementor-accordion-icon-closed fa fa-plus\"><\/i><i class=\"elementor-accordion-icon-opened fa fa-minus\"><\/i><\/span>\n                <span style=\"width:100%\">Price list<\/span>                            <\/div>\n\n                        <div id=\"elementor-tab-content-1377\" class=\"elementor-tab-content elementor-clearfix plus-accordion-content no\" data-tab=\"7\" role=\"tabpanel\" aria-labelledby=\"elementor-tab-title-1377\">\n                <div class=\"plus-content-editor\" ><p>You will find the current price list<a href=\"https:\/\/zabiegilaserowe.com\/en\/cennik\/#lifting\">\u00a0here<\/a>.<\/p><\/div>\n            <\/div>\n                    <\/div>\n        \n<\/div>\n\t\t\t\t<\/div>\n\t\t\t\t<\/div>\n\t\t\t\t<\/div>\n\t\t\t\t\t<\/div>\n\t\t\t\t<\/div>\n\t\t\t\t<\/div>","protected":false},"excerpt":{"rendered":"<p>Laserowa korekta owalu twarzy (lifting twarzy, likwidacja chomik\u00f3w) Informacje o leczeniu Laserowy lifting twarzy (ND:Yag) to zabieg, kt\u00f3ry skutecznie niweluje niedoskona\u0142o\u015bci i widocznie odm\u0142adza sk\u00f3r\u0119. Laseroterapia to obecnie jedna z najpopularniejszych metod odm\u0142adzania. Nic dziwnego! \u015awietne rezultaty, bezpiecze\u0144stwo, brak d\u0142ugotrwa\u0142ej rekonwalescencji i naturalno\u015b\u0107 zamiast tzw. efektu maski daj\u0105 pacjentom poczucie komfortu. Laser ND:Yag emituj\u0105cy \u015bwiat\u0142o [&hellip;]<\/p>","protected":false},"author":5,"featured_media":0,"parent":0,"menu_order":0,"comment_status":"closed","ping_status":"closed","template":"","meta":{"footnotes":""},"class_list":["post-3065","page","type-page","status-publish","hentry"],"_links":{"self":[{"href":"https:\/\/zabiegilaserowe.com\/en\/wp-json\/wp\/v2\/pages\/3065","targetHints":{"allow":["GET"]}}],"collection":[{"href":"https:\/\/zabiegilaserowe.com\/en\/wp-json\/wp\/v2\/pages"}],"about":[{"href":"https:\/\/zabiegilaserowe.com\/en\/wp-json\/wp\/v2\/types\/page"}],"author":[{"embeddable":true,"href":"https:\/\/zabiegilaserowe.com\/en\/wp-json\/wp\/v2\/users\/5"}],"replies":[{"embeddable":true,"href":"https:\/\/zabiegilaserowe.com\/en\/wp-json\/wp\/v2\/comments?post=3065"}],"version-history":[{"count":13,"href":"https:\/\/zabiegilaserowe.com\/en\/wp-json\/wp\/v2\/pages\/3065\/revisions"}],"predecessor-version":[{"id":3867,"href":"https:\/\/zabiegilaserowe.com\/en\/wp-json\/wp\/v2\/pages\/3065\/revisions\/3867"}],"wp:attachment":[{"href":"https:\/\/zabiegilaserowe.com\/en\/wp-json\/wp\/v2\/media?parent=3065"}],"curies":[{"name":"wp","href":"https:\/\/api.w.org\/{rel}","templated":true}]}}