{"id":1153,"date":"2023-06-12T11:06:33","date_gmt":"2023-06-12T09:06:33","guid":{"rendered":"https:\/\/zabiegilaserowe.com\/?post_type=product&#038;p=1153"},"modified":"2024-05-07T21:48:35","modified_gmt":"2024-05-07T19:48:35","slug":"depilacja-laserowa-pachy-bikini-50-off","status":"publish","type":"product","link":"https:\/\/zabiegilaserowe.com\/de\/produkt\/depilacja-laserowa-pachy-bikini-50-off\/","title":{"rendered":"Achselh\u00f6hlen- und Bikini-Laserenthaarung 50% OFF"},"content":{"rendered":"","protected":false},"excerpt":{"rendered":"<p>Sehr geehrter Kunde,<\/p>\n<p>Sehr geehrter Herr\/Frau,<\/p>\n<p>Wir freuen uns, Ihnen unser aufregendes Sonderangebot vorzustellen: Achsel- und Bikini-Laser-Haarentfernung mit 50% Rabatt beim Kauf eines Pakets von 6 Behandlungen. Nutzen Sie diese einmalige Gelegenheit, um die Gl\u00e4tte und den Komfort zu erreichen, von denen Sie schon immer getr\u00e4umt haben.<\/p>\n<p>Unser Angebot umfasst:<\/p>\n<ol>\n<li>Professionelle Laser-Haarentfernung der Achselh\u00f6hlen.<\/li>\n<li>Laserepilation der Bikinizone - wahlweise oberfl\u00e4chlich oder tief.<\/li>\n<li>Ein Paket mit 6 Behandlungen f\u00fcr optimale und dauerhafte Ergebnisse.<\/li>\n<li>Zugang zu qualifizierten Spezialisten, um Ihren Komfort und Ihre Sicherheit w\u00e4hrend der Behandlung zu gew\u00e4hrleisten.<\/li>\n<\/ol>\n<p>Vergessen Sie die Unannehmlichkeiten herk\u00f6mmlicher Haarentfernungsmethoden wie Rasieren oder Wachsen. W\u00e4hlen Sie unser Sonderangebot und genie\u00dfen Sie glatte, sch\u00f6ne Haut mit weniger Aufwand und zu einem g\u00fcnstigeren Preis.<\/p>\n<p>Das Angebot ist bis zum 12.08.2023 g\u00fcltig, also verpassen Sie diese Gelegenheit nicht!<\/p>\n<p>Um das Angebot zu nutzen oder mehr dar\u00fcber zu erfahren, kontaktieren Sie uns bitte. Wir stehen Ihnen gerne zur Verf\u00fcgung, um alle Ihre Fragen zu beantworten und Ihre Behandlung zu arrangieren.<\/p>\n<p>Mit freundlichen Gr\u00fc\u00dfen,<\/p>\n<p>Mit freundlichen Gr\u00fc\u00dfen, Ewa Nieczypor-Korczyc<\/p>","protected":false},"featured_media":1402,"comment_status":"open","ping_status":"closed","template":"","meta":[],"product_brand":[],"product_cat":[23],"product_tag":[],"class_list":{"0":"post-1153","1":"product","2":"type-product","3":"status-publish","4":"has-post-thumbnail","6":"product_cat-bez-kategorii","8":"first","9":"instock","10":"sale","11":"virtual","12":"taxable","13":"purchasable","14":"product-type-simple"},"_links":{"self":[{"href":"https:\/\/zabiegilaserowe.com\/de\/wp-json\/wp\/v2\/product\/1153","targetHints":{"allow":["GET"]}}],"collection":[{"href":"https:\/\/zabiegilaserowe.com\/de\/wp-json\/wp\/v2\/product"}],"about":[{"href":"https:\/\/zabiegilaserowe.com\/de\/wp-json\/wp\/v2\/types\/product"}],"replies":[{"embeddable":true,"href":"https:\/\/zabiegilaserowe.com\/de\/wp-json\/wp\/v2\/comments?post=1153"}],"version-history":[{"count":2,"href":"https:\/\/zabiegilaserowe.com\/de\/wp-json\/wp\/v2\/product\/1153\/revisions"}],"predecessor-version":[{"id":1982,"href":"https:\/\/zabiegilaserowe.com\/de\/wp-json\/wp\/v2\/product\/1153\/revisions\/1982"}],"wp:featuredmedia":[{"embeddable":true,"href":"https:\/\/zabiegilaserowe.com\/de\/wp-json\/wp\/v2\/media\/1402"}],"wp:attachment":[{"href":"https:\/\/zabiegilaserowe.com\/de\/wp-json\/wp\/v2\/media?parent=1153"}],"wp:term":[{"taxonomy":"product_brand","embeddable":true,"href":"https:\/\/zabiegilaserowe.com\/de\/wp-json\/wp\/v2\/product_brand?post=1153"},{"taxonomy":"product_cat","embeddable":true,"href":"https:\/\/zabiegilaserowe.com\/de\/wp-json\/wp\/v2\/product_cat?post=1153"},{"taxonomy":"product_tag","embeddable":true,"href":"https:\/\/zabiegilaserowe.com\/de\/wp-json\/wp\/v2\/product_tag?post=1153"}],"curies":[{"name":"wp","href":"https:\/\/api.w.org\/{rel}","templated":true}]}}