{"id":85,"date":"2022-03-04T14:39:41","date_gmt":"2022-03-04T13:39:41","guid":{"rendered":"https:\/\/zabiegilaserowe.com\/?page_id=85"},"modified":"2023-08-02T19:40:15","modified_gmt":"2023-08-02T17:40:15","slug":"zabiegi-arosha","status":"publish","type":"page","link":"https:\/\/zabiegilaserowe.com\/de\/zabiegi-arosha\/","title":{"rendered":"Arosha-Behandlungen"},"content":{"rendered":"<div data-elementor-type=\"wp-page\" data-elementor-id=\"85\" class=\"elementor elementor-85\" data-elementor-post-type=\"page\">\n\t\t\t\t\t\t<section class=\"elementor-section elementor-top-section elementor-element elementor-element-625b4b80 elementor-section-full_width elementor-section-height-min-height elementor-section-items-stretch elementor-section-content-middle elementor-section-height-default\" data-id=\"625b4b80\" data-element_type=\"section\">\n\t\t\t\t\t\t<div class=\"elementor-container elementor-column-gap-no\">\n\t\t\t\t\t<div class=\"elementor-column elementor-col-50 elementor-top-column elementor-element elementor-element-19165688\" data-id=\"19165688\" data-element_type=\"column\" data-settings=\"{&quot;background_background&quot;:&quot;classic&quot;}\">\n\t\t\t<div class=\"elementor-widget-wrap elementor-element-populated\">\n\t\t\t\t\t\t<div class=\"elementor-element elementor-element-71648aff elementor-widget elementor-widget-spacer\" data-id=\"71648aff\" data-element_type=\"widget\" data-widget_type=\"spacer.default\">\n\t\t\t\t<div class=\"elementor-widget-container\">\n\t\t\t\t\t\t\t<div class=\"elementor-spacer\">\n\t\t\t<div class=\"elementor-spacer-inner\"><\/div>\n\t\t<\/div>\n\t\t\t\t\t\t<\/div>\n\t\t\t\t<\/div>\n\t\t\t\t\t<\/div>\n\t\t<\/div>\n\t\t\t\t<div class=\"elementor-column elementor-col-50 elementor-top-column elementor-element elementor-element-764a1883\" data-id=\"764a1883\" data-element_type=\"column\" data-settings=\"{&quot;background_background&quot;:&quot;classic&quot;}\">\n\t\t\t<div class=\"elementor-widget-wrap elementor-element-populated\">\n\t\t\t\t\t\t<div class=\"elementor-element elementor-element-398d155f elementor-widget elementor-widget-heading\" data-id=\"398d155f\" data-element_type=\"widget\" data-widget_type=\"heading.default\">\n\t\t\t\t<div class=\"elementor-widget-container\">\n\t\t\t\t\t<h4 class=\"elementor-heading-title elementor-size-default\">WAS SIND AROSHA-BEHANDLUNGEN?<\/h4>\t\t\t\t<\/div>\n\t\t\t\t<\/div>\n\t\t\t\t<div class=\"elementor-element elementor-element-5cc5f670 elementor-widget elementor-widget-text-editor\" data-id=\"5cc5f670\" data-element_type=\"widget\" data-widget_type=\"text-editor.default\">\n\t\t\t\t<div class=\"elementor-widget-container\">\n\t\t\t\t\t\t\t\t\t<p>Arosha ist eine originelle Therapie, bei der innovative, klinisch getestete Bandagen verwendet werden, die mit einer Kombination von N\u00e4hrstoffen getr\u00e4nkt sind. Diese nicht-invasiven Behandlungen machen schlank, entw\u00e4ssern, formen, straffen und reduzieren Cellulite. Die Ergebnisse der Behandlung sind sofort sichtbar!<\/p>\t\t\t\t\t\t\t\t<\/div>\n\t\t\t\t<\/div>\n\t\t\t\t<div class=\"elementor-element elementor-element-ffd94c3 elementor-widget elementor-widget-heading\" data-id=\"ffd94c3\" data-element_type=\"widget\" data-widget_type=\"heading.default\">\n\t\t\t\t<div class=\"elementor-widget-container\">\n\t\t\t\t\t<h4 class=\"elementor-heading-title elementor-size-default\">WIE F\u00dcHRE ICH EINE AROSHA-BEHANDLUNG DURCH?<\/h4>\t\t\t\t<\/div>\n\t\t\t\t<\/div>\n\t\t\t\t<div class=\"elementor-element elementor-element-e439e0b elementor-widget elementor-widget-text-editor\" data-id=\"e439e0b\" data-element_type=\"widget\" data-widget_type=\"text-editor.default\">\n\t\t\t\t<div class=\"elementor-widget-container\">\n\t\t\t\t\t\t\t\t\t<p>Ich f\u00fchre immer zuerst eine umfassende Beratung durch. Ich verwende Messger\u00e4te wie den Tanity Body Composition Analyzer, ein medizinisches Ma\u00dfband und einen Cellulite-Detektor. Sobald die wichtigsten Fragen gekl\u00e4rt sind, beginne ich mit der Behandlung:<\/p><ul><li>Ich beginne Arosha mit dem B\u00fcrsten des K\u00f6rpers. \u00dcbrigens empfehle ich jedem, seinen K\u00f6rper regelm\u00e4\u00dfig trocken zu b\u00fcrsten. Die B\u00fcrste von Arosha wird aus einer speziellen Pflanzenfaser hergestellt, die nur in Mexiko w\u00e4chst. Regelm\u00e4\u00dfiges K\u00f6rperb\u00fcrsten verbessert die Mikrozirkulation, reduziert Cellulite, entgiftet den K\u00f6rper, strafft und gl\u00e4ttet die Haut und baut sogar Stress ab.<\/li><li>Der K\u00f6rper des Kunden wird dann mit Glykols\u00e4ure geschrubbt.<\/li><li>Ich verteile dann entsprechend ausgew\u00e4hlte Ampullen auf den Problembereich.<\/li><li>Ich verbinde den K\u00f6rper mit Einwegbinden meiner Wahl, die mit den Wirkstoffen getr\u00e4nkt sind.<\/li><li>Ich f\u00fchre Arosha immer mit Lymphdrainage durch und verwende in der Regel thermische Ma\u00dfnahmen.<\/li><li>Dann f\u00fchre ich mit den synergetischen Inhaltsstoffen von Arosha eine manuelle Anti-Cellulite-Massage durch und trage die passende Abschlusscreme auf.<\/li><\/ul>\t\t\t\t\t\t\t\t<\/div>\n\t\t\t\t<\/div>\n\t\t\t\t<div class=\"elementor-element elementor-element-f006a94 elementor-widget elementor-widget-heading\" data-id=\"f006a94\" data-element_type=\"widget\" data-widget_type=\"heading.default\">\n\t\t\t\t<div class=\"elementor-widget-container\">\n\t\t\t\t\t<h4 class=\"elementor-heading-title elementor-size-default\">WIE SCHNELL KANN ICH NACH EINER AROSHA-BEHANDLUNG ERGEBNISSE ERWARTEN?<\/h4>\t\t\t\t<\/div>\n\t\t\t\t<\/div>\n\t\t\t\t<div class=\"elementor-element elementor-element-38b9345 elementor-widget elementor-widget-text-editor\" data-id=\"38b9345\" data-element_type=\"widget\" data-widget_type=\"text-editor.default\">\n\t\t\t\t<div class=\"elementor-widget-container\">\n\t\t\t\t\t\t\t\t\t<p>Bereits nach der ersten Behandlung kann ein Verlust von Zentimetern K\u00f6rperumfang und eine deutliche Verbesserung des Hautzustandes beobachtet werden, der straffer, glatter, gepflegter und fester wird.<\/p>\t\t\t\t\t\t\t\t<\/div>\n\t\t\t\t<\/div>\n\t\t\t\t<div class=\"elementor-element elementor-element-0682765 elementor-widget elementor-widget-heading\" data-id=\"0682765\" data-element_type=\"widget\" data-widget_type=\"heading.default\">\n\t\t\t\t<div class=\"elementor-widget-container\">\n\t\t\t\t\t<h4 class=\"elementor-heading-title elementor-size-default\">WIE H\u00c4UFIG WERDEN DIE BEHANDLUNGEN DURCHGEF\u00dcHRT?<\/h4>\t\t\t\t<\/div>\n\t\t\t\t<\/div>\n\t\t\t\t<div class=\"elementor-element elementor-element-3f0b444 elementor-widget elementor-widget-text-editor\" data-id=\"3f0b444\" data-element_type=\"widget\" data-widget_type=\"text-editor.default\">\n\t\t\t\t<div class=\"elementor-widget-container\">\n\t\t\t\t\t\t\t\t\t<p>Wenn Aroha zusammen mit einer anderen K\u00f6rpertherapie durchgef\u00fchrt wird, wird die Behandlung normalerweise einmal pro Woche wiederholt. Ich f\u00fchre normalerweise 8 K\u00f6rperbehandlungen durch.<\/p>\t\t\t\t\t\t\t\t<\/div>\n\t\t\t\t<\/div>\n\t\t\t\t\t<\/div>\n\t\t<\/div>\n\t\t\t\t\t<\/div>\n\t\t<\/section>\n\t\t\t\t<section class=\"elementor-section elementor-top-section elementor-element elementor-element-799420b elementor-section-boxed elementor-section-height-default elementor-section-height-default\" data-id=\"799420b\" data-element_type=\"section\">\n\t\t\t\t\t\t<div class=\"elementor-container elementor-column-gap-default\">\n\t\t\t\t\t<div class=\"elementor-column elementor-col-100 elementor-top-column elementor-element elementor-element-6f09dfc\" data-id=\"6f09dfc\" data-element_type=\"column\">\n\t\t\t<div class=\"elementor-widget-wrap elementor-element-populated\">\n\t\t\t\t\t\t<div class=\"elementor-element elementor-element-b87a2e4 elementor-widget elementor-widget-heading\" data-id=\"b87a2e4\" data-element_type=\"widget\" data-widget_type=\"heading.default\">\n\t\t\t\t<div class=\"elementor-widget-container\">\n\t\t\t\t\t<h4 class=\"elementor-heading-title elementor-size-default\">Wirkung nach 1 AROSHA-Behandlung<\/h4>\t\t\t\t<\/div>\n\t\t\t\t<\/div>\n\t\t\t\t<div class=\"elementor-element elementor-element-e7f60d9 elementor-widget elementor-widget-gallery\" data-id=\"e7f60d9\" data-element_type=\"widget\" data-settings=\"{&quot;gallery_layout&quot;:&quot;justified&quot;,&quot;lazyload&quot;:&quot;yes&quot;,&quot;ideal_row_height&quot;:{&quot;unit&quot;:&quot;px&quot;,&quot;size&quot;:200,&quot;sizes&quot;:[]},&quot;ideal_row_height_tablet&quot;:{&quot;unit&quot;:&quot;px&quot;,&quot;size&quot;:150,&quot;sizes&quot;:[]},&quot;ideal_row_height_mobile&quot;:{&quot;unit&quot;:&quot;px&quot;,&quot;size&quot;:150,&quot;sizes&quot;:[]},&quot;gap&quot;:{&quot;unit&quot;:&quot;px&quot;,&quot;size&quot;:10,&quot;sizes&quot;:[]},&quot;gap_tablet&quot;:{&quot;unit&quot;:&quot;px&quot;,&quot;size&quot;:10,&quot;sizes&quot;:[]},&quot;gap_mobile&quot;:{&quot;unit&quot;:&quot;px&quot;,&quot;size&quot;:10,&quot;sizes&quot;:[]},&quot;content_hover_animation&quot;:&quot;fade-in&quot;}\" data-widget_type=\"gallery.default\">\n\t\t\t\t<div class=\"elementor-widget-container\">\n\t\t\t\t\t\t\t<div class=\"elementor-gallery__container\">\n\t\t\t\t\t\t\t<div class=\"e-gallery-item elementor-gallery-item elementor-animated-content\">\n\t\t\t\t\t<div class=\"e-gallery-image elementor-gallery-item__image\" data-thumbnail=\"https:\/\/zabiegilaserowe.com\/wp-content\/uploads\/2022\/05\/WhatsApp-Image-2022-05-25-at-18.55.55-300x300.jpeg\" data-width=\"300\" data-height=\"300\" aria-label=\"\" role=\"img\" ><\/div>\n\t\t\t\t\t\t\t\t\t\t\t\t\t\t<\/div>\n\t\t\t\t\t\t\t<div class=\"e-gallery-item elementor-gallery-item elementor-animated-content\">\n\t\t\t\t\t<div class=\"e-gallery-image elementor-gallery-item__image\" data-thumbnail=\"https:\/\/zabiegilaserowe.com\/wp-content\/uploads\/2022\/05\/WhatsApp-Image-2022-05-25-at-18.55.35-300x300.jpeg\" data-width=\"300\" data-height=\"300\" aria-label=\"\" role=\"img\" ><\/div>\n\t\t\t\t\t\t\t\t\t\t\t\t\t\t<\/div>\n\t\t\t\t\t\t\t<div class=\"e-gallery-item elementor-gallery-item elementor-animated-content\">\n\t\t\t\t\t<div class=\"e-gallery-image elementor-gallery-item__image\" data-thumbnail=\"https:\/\/zabiegilaserowe.com\/wp-content\/uploads\/2022\/05\/WhatsApp-Image-2022-05-25-at-18.55.45-300x300.jpeg\" data-width=\"300\" data-height=\"300\" aria-label=\"\" role=\"img\" ><\/div>\n\t\t\t\t\t\t\t\t\t\t\t\t\t\t<\/div>\n\t\t\t\t\t\t\t<div class=\"e-gallery-item elementor-gallery-item elementor-animated-content\">\n\t\t\t\t\t<div class=\"e-gallery-image elementor-gallery-item__image\" data-thumbnail=\"https:\/\/zabiegilaserowe.com\/wp-content\/uploads\/2022\/05\/WhatsApp-Image-2022-05-25-at-18.54.33-300x300.jpeg\" data-width=\"300\" data-height=\"300\" aria-label=\"\" role=\"img\" ><\/div>\n\t\t\t\t\t\t\t\t\t\t\t\t\t\t<\/div>\n\t\t\t\t\t\t\t<div class=\"e-gallery-item elementor-gallery-item elementor-animated-content\">\n\t\t\t\t\t<div class=\"e-gallery-image elementor-gallery-item__image\" data-thumbnail=\"https:\/\/zabiegilaserowe.com\/wp-content\/uploads\/2022\/05\/WhatsApp-Image-2022-05-25-at-18.54.21-300x300.jpeg\" data-width=\"300\" data-height=\"300\" aria-label=\"\" role=\"img\" ><\/div>\n\t\t\t\t\t\t\t\t\t\t\t\t\t\t<\/div>\n\t\t\t\t\t\t\t<div class=\"e-gallery-item elementor-gallery-item elementor-animated-content\">\n\t\t\t\t\t<div class=\"e-gallery-image elementor-gallery-item__image\" data-thumbnail=\"https:\/\/zabiegilaserowe.com\/wp-content\/uploads\/2022\/05\/WhatsApp-Image-2022-05-25-at-18.54.50-300x119.jpeg\" data-width=\"300\" data-height=\"119\" aria-label=\"\" role=\"img\" ><\/div>\n\t\t\t\t\t\t\t\t\t\t\t\t\t\t<\/div>\n\t\t\t\t\t\t\t<div class=\"e-gallery-item elementor-gallery-item elementor-animated-content\">\n\t\t\t\t\t<div class=\"e-gallery-image elementor-gallery-item__image\" data-thumbnail=\"https:\/\/zabiegilaserowe.com\/wp-content\/uploads\/2022\/05\/WhatsApp-Image-2022-05-25-at-18.55.23-300x149.jpeg\" data-width=\"300\" data-height=\"149\" aria-label=\"\" role=\"img\" ><\/div>\n\t\t\t\t\t\t\t\t\t\t\t\t\t\t<\/div>\n\t\t\t\t\t<\/div>\n\t\t\t\t\t<\/div>\n\t\t\t\t<\/div>\n\t\t\t\t\t<\/div>\n\t\t<\/div>\n\t\t\t\t\t<\/div>\n\t\t<\/section>\n\t\t\t\t<\/div>","protected":false},"excerpt":{"rendered":"<p>WAS IST EINE AROSHA-BEHANDLUNG? Arosha ist eine originelle Therapie, bei der innovative, klinisch getestete Bandagen verwendet werden, die mit einer Kombination von N\u00e4hrstoffen getr\u00e4nkt sind. Diese nicht-invasiven Behandlungen machen schlank, entw\u00e4ssern, formen, straffen und reduzieren Cellulite. Die Ergebnisse der Behandlung sind sofort sichtbar! WIE F\u00dcHRE ICH DIE AROSHA-BEHANDLUNG DURCH? Ich f\u00fchre immer zuerst eine ausf\u00fchrliche Beratung durch. Ich verwende solche Messinstrumente [...].<\/p>","protected":false},"author":5,"featured_media":0,"parent":0,"menu_order":0,"comment_status":"closed","ping_status":"closed","template":"","meta":{"footnotes":""},"class_list":["post-85","page","type-page","status-publish","hentry"],"_links":{"self":[{"href":"https:\/\/zabiegilaserowe.com\/de\/wp-json\/wp\/v2\/pages\/85","targetHints":{"allow":["GET"]}}],"collection":[{"href":"https:\/\/zabiegilaserowe.com\/de\/wp-json\/wp\/v2\/pages"}],"about":[{"href":"https:\/\/zabiegilaserowe.com\/de\/wp-json\/wp\/v2\/types\/page"}],"author":[{"embeddable":true,"href":"https:\/\/zabiegilaserowe.com\/de\/wp-json\/wp\/v2\/users\/5"}],"replies":[{"embeddable":true,"href":"https:\/\/zabiegilaserowe.com\/de\/wp-json\/wp\/v2\/comments?post=85"}],"version-history":[{"count":61,"href":"https:\/\/zabiegilaserowe.com\/de\/wp-json\/wp\/v2\/pages\/85\/revisions"}],"predecessor-version":[{"id":2066,"href":"https:\/\/zabiegilaserowe.com\/de\/wp-json\/wp\/v2\/pages\/85\/revisions\/2066"}],"wp:attachment":[{"href":"https:\/\/zabiegilaserowe.com\/de\/wp-json\/wp\/v2\/media?parent=85"}],"curies":[{"name":"wp","href":"https:\/\/api.w.org\/{rel}","templated":true}]}}