{"id":835,"date":"2023-04-27T13:24:58","date_gmt":"2023-04-27T11:24:58","guid":{"rendered":"https:\/\/zabiegilaserowe.com\/?page_id=835"},"modified":"2023-08-01T20:30:33","modified_gmt":"2023-08-01T18:30:33","slug":"waweshape-ems-ultradzwieki","status":"publish","type":"page","link":"https:\/\/zabiegilaserowe.com\/de\/waweshape-ems-ultradzwieki\/","title":{"rendered":"Waweshape ems + ultraschall"},"content":{"rendered":"<div data-elementor-type=\"wp-page\" data-elementor-id=\"835\" class=\"elementor elementor-835\" data-elementor-post-type=\"page\">\n\t\t\t\t\t\t<section class=\"elementor-section elementor-top-section elementor-element elementor-element-62f72a5 elementor-section-full_width elementor-section-height-min-height elementor-section-items-stretch elementor-section-content-middle elementor-section-height-default\" data-id=\"62f72a5\" data-element_type=\"section\">\n\t\t\t\t\t\t<div class=\"elementor-container elementor-column-gap-no\">\n\t\t\t\t\t<div class=\"elementor-column elementor-col-50 elementor-top-column elementor-element elementor-element-68a92445\" data-id=\"68a92445\" data-element_type=\"column\" data-settings=\"{&quot;background_background&quot;:&quot;classic&quot;}\">\n\t\t\t<div class=\"elementor-widget-wrap elementor-element-populated\">\n\t\t\t\t\t\t<div class=\"elementor-element elementor-element-542df62d elementor-widget-tablet__width-initial elementor-widget elementor-widget-spacer\" data-id=\"542df62d\" data-element_type=\"widget\" data-widget_type=\"spacer.default\">\n\t\t\t\t<div class=\"elementor-widget-container\">\n\t\t\t\t\t\t\t<div class=\"elementor-spacer\">\n\t\t\t<div class=\"elementor-spacer-inner\"><\/div>\n\t\t<\/div>\n\t\t\t\t\t\t<\/div>\n\t\t\t\t<\/div>\n\t\t\t\t\t<\/div>\n\t\t<\/div>\n\t\t\t\t<div class=\"elementor-column elementor-col-50 elementor-top-column elementor-element elementor-element-1e821bba\" data-id=\"1e821bba\" data-element_type=\"column\" data-settings=\"{&quot;background_background&quot;:&quot;classic&quot;}\">\n\t\t\t<div class=\"elementor-widget-wrap elementor-element-populated\">\n\t\t\t\t\t\t<div class=\"elementor-element elementor-element-3e6375e9 elementor-widget elementor-widget-heading\" data-id=\"3e6375e9\" data-element_type=\"widget\" data-widget_type=\"heading.default\">\n\t\t\t\t<div class=\"elementor-widget-container\">\n\t\t\t\t\t<h4 class=\"elementor-heading-title elementor-size-default\">Neu in unserem Sch\u00f6nheitssalon!<\/h4>\t\t\t\t<\/div>\n\t\t\t\t<\/div>\n\t\t\t\t<div class=\"elementor-element elementor-element-3b6f4a7c elementor-widget__width-initial elementor-widget elementor-widget-text-editor\" data-id=\"3b6f4a7c\" data-element_type=\"widget\" data-widget_type=\"text-editor.default\">\n\t\t\t\t<div class=\"elementor-widget-container\">\n\t\t\t\t\t\t\t\t\t<div dir=\"auto\"><p>Entdecken Sie das innovative Ger\u00e4t <b>WAVESHAPE 2.2 von AROSHA<\/b>die Ihre Silhouette revolutionieren werden!<\/p><p><strong>WAVESHAPE 2.2<\/strong> ist eine hochmoderne L\u00f6sung, die Ultraschall und elektrische Stimulation kombiniert, um effektiv auf Fl\u00fcssigkeitsansammlungen, subkutanes Fett und Kollagenfaserfibrose einzuwirken<\/p><ul><li>Die Synergie dieser Technologien erm\u00f6glicht den Abbau von Stoffwechselprodukten, die Reduzierung von lokalem Fett, die Beseitigung von Toxinen und \u00fcbersch\u00fcssiger Fl\u00fcssigkeit, die Verbesserung des Muskeltonus und die Wiederherstellung der Hautelastizit\u00e4t.<\/li><li>Effektive und schnelle Wirkung mit sichtbaren Ergebnissen von der ersten Sitzung an!<\/li><li>Elektrische Stimulation, die das zentrale Nervensystem imitiert und passive Gymnastik hervorruft<\/li><li>Erh\u00f6ht den Stoffwechsel, verbessert und strafft die Muskeln<\/li><li>Hat eine st\u00e4rkende Wirkung auf beanspruchte Muskeln<\/li><li>Erh\u00f6ht den Basalstoffwechsel<\/li><\/ul><p>\u00a0<\/p><p><b>Hochfrequenz-Ultraschallwelle:<\/b><\/p><ul><li>Erh\u00f6ht die Temperatur, stimuliert den Fettstoffwechsel und verbessert die Mikrozirkulation<\/li><li>Trennt komplexe Molek\u00fcle und schw\u00e4cht Kollagenagglomerationen<\/li><\/ul><p><b>\u00a0<\/b><\/p><p><b>Auswirkungen der elektrischen Stimulation auf das Fettgewebe:<\/b><\/p><ul><li>In Fettzellen - Stimulation von Beta-Rezeptoren, Aktivierung von triglyceridabbauenden Enzymen, Energieverbrauch und erh\u00f6hte Zellaktivit\u00e4t<\/li><li>In Blut- und Lymphgef\u00e4\u00dfen - Verbesserung des Gef\u00e4\u00dftonus, des Sauerstoffflusses, der N\u00e4hrstoffverteilung und der Abfallbeseitigung<\/li><\/ul><p>Warten Sie nicht, buchen Sie Ihre Sitzung noch heute!\u00a0<\/p><p>St\u00e4rken und kr\u00e4ftigen Sie Ihren K\u00f6rper mit AROSHA WAVESHAPE 2.2! \ud83d\udc96<\/p><\/div>\t\t\t\t\t\t\t\t<\/div>\n\t\t\t\t<\/div>\n\t\t\t\t<div class=\"elementor-element elementor-element-74e40779 e-transform elementor-widget elementor-widget-text-editor\" data-id=\"74e40779\" data-element_type=\"widget\" data-settings=\"{&quot;_transform_rotateZ_effect&quot;:{&quot;unit&quot;:&quot;px&quot;,&quot;size&quot;:&quot;&quot;,&quot;sizes&quot;:[]},&quot;_transform_rotateZ_effect_tablet&quot;:{&quot;unit&quot;:&quot;deg&quot;,&quot;size&quot;:&quot;&quot;,&quot;sizes&quot;:[]},&quot;_transform_rotateZ_effect_mobile&quot;:{&quot;unit&quot;:&quot;deg&quot;,&quot;size&quot;:&quot;&quot;,&quot;sizes&quot;:[]}}\" data-widget_type=\"text-editor.default\">\n\t\t\t\t<div class=\"elementor-widget-container\">\n\t\t\t\t\t\t\t\t\t<p>Ewa Nieczypor-Korczyc<\/p>\t\t\t\t\t\t\t\t<\/div>\n\t\t\t\t<\/div>\n\t\t\t\t<div class=\"elementor-element elementor-element-d03dda4 elementor-view-stacked elementor-shape-square elementor-widget__width-auto elementor-absolute elementor-hidden-phone animated-slow elementor-invisible elementor-widget elementor-widget-icon\" data-id=\"d03dda4\" data-element_type=\"widget\" data-settings=\"{&quot;_position&quot;:&quot;absolute&quot;,&quot;_animation&quot;:&quot;fadeInDown&quot;,&quot;_animation_delay&quot;:&quot;500&quot;}\" data-widget_type=\"icon.default\">\n\t\t\t\t<div class=\"elementor-widget-container\">\n\t\t\t\t\t\t\t<div class=\"elementor-icon-wrapper\">\n\t\t\t<a class=\"elementor-icon\" href=\"#credentials\">\n\t\t\t\t\t\t<\/a>\n\t\t<\/div>\n\t\t\t\t\t\t<\/div>\n\t\t\t\t<\/div>\n\t\t\t\t\t<\/div>\n\t\t<\/div>\n\t\t\t\t\t<\/div>\n\t\t<\/section>\n\t\t\t\t<\/div>","protected":false},"excerpt":{"rendered":"<p>Eine Neuheit in unserem Sch\u00f6nheitssalon! Lernen Sie das innovative Ger\u00e4t WAVESHAPE 2.2 von AROSHA kennen, das Ihre Silhouette revolutionieren wird! WAVESHAPE 2.2 ist eine hochmoderne L\u00f6sung, die Ultraschall und elektrische Stimulation kombiniert, um effektiv auf Fl\u00fcssigkeitsansammlungen, subkutanes Fett und die Fibrose der Kollagenfasern einzuwirken. Die Synergie dieser Technologien erm\u00f6glicht den Abbau von Stoffwechselprodukten, die Reduzierung von lokalem Fett, die Beseitigung von Giftstoffen und \u00fcbersch\u00fcssiger Fl\u00fcssigkeit, die Verbesserung der [...]<\/p>","protected":false},"author":1,"featured_media":0,"parent":0,"menu_order":0,"comment_status":"closed","ping_status":"closed","template":"","meta":{"footnotes":""},"class_list":["post-835","page","type-page","status-publish","hentry"],"_links":{"self":[{"href":"https:\/\/zabiegilaserowe.com\/de\/wp-json\/wp\/v2\/pages\/835","targetHints":{"allow":["GET"]}}],"collection":[{"href":"https:\/\/zabiegilaserowe.com\/de\/wp-json\/wp\/v2\/pages"}],"about":[{"href":"https:\/\/zabiegilaserowe.com\/de\/wp-json\/wp\/v2\/types\/page"}],"author":[{"embeddable":true,"href":"https:\/\/zabiegilaserowe.com\/de\/wp-json\/wp\/v2\/users\/1"}],"replies":[{"embeddable":true,"href":"https:\/\/zabiegilaserowe.com\/de\/wp-json\/wp\/v2\/comments?post=835"}],"version-history":[{"count":19,"href":"https:\/\/zabiegilaserowe.com\/de\/wp-json\/wp\/v2\/pages\/835\/revisions"}],"predecessor-version":[{"id":2059,"href":"https:\/\/zabiegilaserowe.com\/de\/wp-json\/wp\/v2\/pages\/835\/revisions\/2059"}],"wp:attachment":[{"href":"https:\/\/zabiegilaserowe.com\/de\/wp-json\/wp\/v2\/media?parent=835"}],"curies":[{"name":"wp","href":"https:\/\/api.w.org\/{rel}","templated":true}]}}