{"id":49,"date":"2022-03-04T14:16:26","date_gmt":"2022-03-04T13:16:26","guid":{"rendered":"https:\/\/zabiegilaserowe.com\/?page_id=49"},"modified":"2022-03-04T14:52:48","modified_gmt":"2022-03-04T13:52:48","slug":"o-ewie","status":"publish","type":"page","link":"https:\/\/zabiegilaserowe.com\/de\/o-ewie\/","title":{"rendered":"\u00dcber Eve"},"content":{"rendered":"<div data-elementor-type=\"wp-page\" data-elementor-id=\"49\" class=\"elementor elementor-49\" data-elementor-post-type=\"page\">\n\t\t\t\t\t\t<section class=\"elementor-section elementor-top-section elementor-element elementor-element-5bdc4a0 elementor-section-full_width elementor-section-height-min-height elementor-section-items-stretch elementor-section-content-middle elementor-section-height-default\" data-id=\"5bdc4a0\" data-element_type=\"section\">\n\t\t\t\t\t\t<div class=\"elementor-container elementor-column-gap-no\">\n\t\t\t\t\t<div class=\"elementor-column elementor-col-50 elementor-top-column elementor-element elementor-element-4c40279e\" data-id=\"4c40279e\" data-element_type=\"column\" data-settings=\"{&quot;background_background&quot;:&quot;classic&quot;}\">\n\t\t\t<div class=\"elementor-widget-wrap elementor-element-populated\">\n\t\t\t\t\t\t<div class=\"elementor-element elementor-element-7d698e1a elementor-widget elementor-widget-spacer\" data-id=\"7d698e1a\" data-element_type=\"widget\" data-widget_type=\"spacer.default\">\n\t\t\t\t<div class=\"elementor-widget-container\">\n\t\t\t\t\t\t\t<div class=\"elementor-spacer\">\n\t\t\t<div class=\"elementor-spacer-inner\"><\/div>\n\t\t<\/div>\n\t\t\t\t\t\t<\/div>\n\t\t\t\t<\/div>\n\t\t\t\t\t<\/div>\n\t\t<\/div>\n\t\t\t\t<div class=\"elementor-column elementor-col-50 elementor-top-column elementor-element elementor-element-2450f829\" data-id=\"2450f829\" data-element_type=\"column\" data-settings=\"{&quot;background_background&quot;:&quot;classic&quot;}\">\n\t\t\t<div class=\"elementor-widget-wrap elementor-element-populated\">\n\t\t\t\t\t\t<div class=\"elementor-element elementor-element-18f8ada3 elementor-widget elementor-widget-heading\" data-id=\"18f8ada3\" data-element_type=\"widget\" data-widget_type=\"heading.default\">\n\t\t\t\t<div class=\"elementor-widget-container\">\n\t\t\t\t\t<h4 class=\"elementor-heading-title elementor-size-default\">WAS SIND AROSHA-BEHANDLUNGEN?<\/h4>\t\t\t\t<\/div>\n\t\t\t\t<\/div>\n\t\t\t\t<div class=\"elementor-element elementor-element-51d8eb51 elementor-widget elementor-widget-text-editor\" data-id=\"51d8eb51\" data-element_type=\"widget\" data-widget_type=\"text-editor.default\">\n\t\t\t\t<div class=\"elementor-widget-container\">\n\t\t\t\t\t\t\t\t\t<div dir=\"auto\"><b>Erfolgreiche K\u00f6rperarbeit<\/b> von <b>professionell<\/b> ist die richtige Wahl<b> Techniken und Therapien<\/b>. Die Grundlage daf\u00fcr ist die Akzeptanz, dass keine einzelne Technologie eine solche <b>Behandlungseffekte<\/b>wie synergistisch <b>ma\u00dfgeschneiderte Therapien<\/b>.<br \/><br \/><span style=\"font-family: var( --e-global-typography-text-font-family ), Sans-serif; font-weight: var( --e-global-typography-text-font-weight ); font-size: 1rem;\">Im Jahr 2008 begann ich, in diesem Bereich zu arbeiten, auch wenn ich in <\/span><b style=\"font-family: var( --e-global-typography-text-font-family ), Sans-serif; font-size: 1rem;\">\u00e4sthetische Medizin<\/b><span style=\"font-family: var( --e-global-typography-text-font-family ), Sans-serif; font-weight: var( --e-global-typography-text-font-weight ); font-size: 1rem;\"> war dieses Thema noch nicht so in Mode und begehrt.\u00a0<\/span><\/div><div dir=\"auto\"><b>Ich bin auch ein Trainer<\/b> f\u00fcr <b>Fachleute<\/b> nicht nur aus Polen, sondern auch aus dem Ausland. Ich bin sehr gl\u00fccklich, meine <b>erleben<\/b> Laufen <b>Ausbildung in meinem Salon in Jelenia G\u00f3ra<\/b> und <b>Online-Schulung<\/b> auf dem internationalen Markt.<\/div><div dir=\"auto\">\u00a0<\/div><div dir=\"auto\" class=\"translation-block\">Meine gr\u00f6\u00dfte Leidenschaft sind <b>K\u00f6rperbehandlungen<\/b> auf dem Gebiet der <b>K\u00f6rperformung<\/b>. Ich bin aber auch ein <b>Sozialist in der Lasertherapie<\/b> und habe <b>internationale Qualifikationen<\/b> auf diesem Gebiet. Das ist sehr wichtig, denn der polnische Markt ist in dieser Hinsicht nicht vollst\u00e4ndig reguliert und die Arbeit mit <b>medizinischen Lasern<\/b> erfordert sehr viel Erfahrung, Wissen und... Demut.<\/div><div dir=\"auto\">\u00a0<\/div><div dir=\"auto\" class=\"translation-block\">Au\u00dferdem bin ich <b>Mitbegr\u00fcnder<\/b> des <b>gr\u00f6\u00dften<\/b> <b>mobilen Dienstes<\/b>, der Dienstleistungen mit <b>Hi-Tech<\/b> Ausr\u00fcstung anbietet, und <b>exklusiver Vertriebspartner der Marke Arosha<\/b> und <b>Julie's Carboxytherapy in Gro\u00dfbritannien<\/b>.<\/div><div dir=\"auto\">\u00a0<\/div><div dir=\"auto\">Sie sind herzlich eingeladen, mich zu kontaktieren.<\/div>\t\t\t\t\t\t\t\t<\/div>\n\t\t\t\t<\/div>\n\t\t\t\t<div class=\"elementor-element elementor-element-ee15190 e-transform elementor-widget elementor-widget-text-editor\" data-id=\"ee15190\" data-element_type=\"widget\" data-settings=\"{&quot;_transform_rotateZ_effect&quot;:{&quot;unit&quot;:&quot;px&quot;,&quot;size&quot;:&quot;&quot;,&quot;sizes&quot;:[]},&quot;_transform_rotateZ_effect_tablet&quot;:{&quot;unit&quot;:&quot;deg&quot;,&quot;size&quot;:&quot;&quot;,&quot;sizes&quot;:[]},&quot;_transform_rotateZ_effect_mobile&quot;:{&quot;unit&quot;:&quot;deg&quot;,&quot;size&quot;:&quot;&quot;,&quot;sizes&quot;:[]}}\" data-widget_type=\"text-editor.default\">\n\t\t\t\t<div class=\"elementor-widget-container\">\n\t\t\t\t\t\t\t\t\t<p>Ewa Nieczypor-Korczyc<\/p>\t\t\t\t\t\t\t\t<\/div>\n\t\t\t\t<\/div>\n\t\t\t\t<div class=\"elementor-element elementor-element-7a38290 elementor-view-stacked elementor-shape-square elementor-widget__width-auto elementor-absolute elementor-hidden-phone animated-slow elementor-invisible elementor-widget elementor-widget-icon\" data-id=\"7a38290\" data-element_type=\"widget\" data-settings=\"{&quot;_position&quot;:&quot;absolute&quot;,&quot;_animation&quot;:&quot;fadeInDown&quot;,&quot;_animation_delay&quot;:&quot;500&quot;}\" data-widget_type=\"icon.default\">\n\t\t\t\t<div class=\"elementor-widget-container\">\n\t\t\t\t\t\t\t<div class=\"elementor-icon-wrapper\">\n\t\t\t<a class=\"elementor-icon\" href=\"#credentials\">\n\t\t\t\t\t\t<\/a>\n\t\t<\/div>\n\t\t\t\t\t\t<\/div>\n\t\t\t\t<\/div>\n\t\t\t\t\t<\/div>\n\t\t<\/div>\n\t\t\t\t\t<\/div>\n\t\t<\/section>\n\t\t\t\t<\/div>","protected":false},"excerpt":{"rendered":"<p>WAS SIND AROSHA-BEHANDLUNGEN? Der Erfolg der K\u00f6rperarbeit eines Profis liegt in der richtigen Wahl der Techniken und Therapien. Die Grundlage ist zu akzeptieren, dass keine einzelne Technik die gleichen Behandlungsergebnisse erzielt wie synergetisch aufeinander abgestimmte Therapien. Ich habe bereits 2008 begonnen, in diesem speziellen Bereich zu arbeiten, auch wenn das Thema noch nicht [...] in der \u00e4sthetischen Medizin war.<\/p>","protected":false},"author":5,"featured_media":0,"parent":0,"menu_order":0,"comment_status":"closed","ping_status":"closed","template":"","meta":{"footnotes":""},"class_list":["post-49","page","type-page","status-publish","hentry"],"_links":{"self":[{"href":"https:\/\/zabiegilaserowe.com\/de\/wp-json\/wp\/v2\/pages\/49","targetHints":{"allow":["GET"]}}],"collection":[{"href":"https:\/\/zabiegilaserowe.com\/de\/wp-json\/wp\/v2\/pages"}],"about":[{"href":"https:\/\/zabiegilaserowe.com\/de\/wp-json\/wp\/v2\/types\/page"}],"author":[{"embeddable":true,"href":"https:\/\/zabiegilaserowe.com\/de\/wp-json\/wp\/v2\/users\/5"}],"replies":[{"embeddable":true,"href":"https:\/\/zabiegilaserowe.com\/de\/wp-json\/wp\/v2\/comments?post=49"}],"version-history":[{"count":16,"href":"https:\/\/zabiegilaserowe.com\/de\/wp-json\/wp\/v2\/pages\/49\/revisions"}],"predecessor-version":[{"id":118,"href":"https:\/\/zabiegilaserowe.com\/de\/wp-json\/wp\/v2\/pages\/49\/revisions\/118"}],"wp:attachment":[{"href":"https:\/\/zabiegilaserowe.com\/de\/wp-json\/wp\/v2\/media?parent=49"}],"curies":[{"name":"wp","href":"https:\/\/api.w.org\/{rel}","templated":true}]}}