{"id":3065,"date":"2025-10-14T12:54:15","date_gmt":"2025-10-14T10:54:15","guid":{"rendered":"https:\/\/zabiegilaserowe.com\/?page_id=3065"},"modified":"2025-10-26T12:11:58","modified_gmt":"2025-10-26T11:11:58","slug":"laser-face-lifting","status":"publish","type":"page","link":"https:\/\/zabiegilaserowe.com\/de\/laser-face-lifting\/","title":{"rendered":"Laser-Gesichtsstraffung"},"content":{"rendered":"<div data-elementor-type=\"wp-page\" data-elementor-id=\"3065\" class=\"elementor elementor-3065\" data-elementor-post-type=\"page\">\n\t\t\t\t<div class=\"elementor-element elementor-element-b898068 e-flex e-con-boxed e-con e-parent\" data-id=\"b898068\" data-element_type=\"container\">\n\t\t\t\t\t<div class=\"e-con-inner\">\n\t\t<div class=\"elementor-element elementor-element-5d51811 e-con-full e-flex e-con e-child\" data-id=\"5d51811\" data-element_type=\"container\">\n\t\t\t\t<div class=\"elementor-element elementor-element-e54fb1a elementor-widget elementor-widget-image\" data-id=\"e54fb1a\" data-element_type=\"widget\" data-widget_type=\"image.default\">\n\t\t\t\t<div class=\"elementor-widget-container\">\n\t\t\t\t\t\t\t\t\t\t\t\t\t\t\t<img fetchpriority=\"high\" decoding=\"async\" width=\"755\" height=\"1024\" src=\"https:\/\/zabiegilaserowe.com\/wp-content\/uploads\/2023\/06\/wpmen-line-treatents-Laser-correction-of-the-oval-of-the-faceface-lifting-elimination-of-chubby-cheeks-755x1024.jpg\" class=\"attachment-large size-large wp-image-1405\" alt=\"\" srcset=\"https:\/\/zabiegilaserowe.com\/wp-content\/uploads\/2023\/06\/wpmen-line-treatents-Laser-correction-of-the-oval-of-the-faceface-lifting-elimination-of-chubby-cheeks-755x1024.jpg 755w, https:\/\/zabiegilaserowe.com\/wp-content\/uploads\/2023\/06\/wpmen-line-treatents-Laser-correction-of-the-oval-of-the-faceface-lifting-elimination-of-chubby-cheeks-221x300.jpg 221w, https:\/\/zabiegilaserowe.com\/wp-content\/uploads\/2023\/06\/wpmen-line-treatents-Laser-correction-of-the-oval-of-the-faceface-lifting-elimination-of-chubby-cheeks-768x1042.jpg 768w, https:\/\/zabiegilaserowe.com\/wp-content\/uploads\/2023\/06\/wpmen-line-treatents-Laser-correction-of-the-oval-of-the-faceface-lifting-elimination-of-chubby-cheeks-9x12.jpg 9w, https:\/\/zabiegilaserowe.com\/wp-content\/uploads\/2023\/06\/wpmen-line-treatents-Laser-correction-of-the-oval-of-the-faceface-lifting-elimination-of-chubby-cheeks-600x814.jpg 600w, https:\/\/zabiegilaserowe.com\/wp-content\/uploads\/2023\/06\/wpmen-line-treatents-Laser-correction-of-the-oval-of-the-faceface-lifting-elimination-of-chubby-cheeks.jpg 1080w\" sizes=\"(max-width: 755px) 100vw, 755px\" \/>\t\t\t\t\t\t\t\t\t\t\t\t\t\t\t<\/div>\n\t\t\t\t<\/div>\n\t\t\t\t<\/div>\n\t\t<div class=\"elementor-element elementor-element-f7bef13 e-con-full e-flex e-con e-child\" data-id=\"f7bef13\" data-element_type=\"container\">\n\t\t\t\t<div class=\"elementor-element elementor-element-5d1d27f elementor-widget elementor-widget-heading\" data-id=\"5d1d27f\" data-element_type=\"widget\" data-widget_type=\"heading.default\">\n\t\t\t\t<div class=\"elementor-widget-container\">\n\t\t\t\t\t<h2 class=\"elementor-heading-title elementor-size-default\">Laserkorrektur des Gesichtsovals (Facelift, Beseitigung von Hamstern) \n<\/h2>\t\t\t\t<\/div>\n\t\t\t\t<\/div>\n\t\t\t\t<div class=\"elementor-element elementor-element-0d1d764 elementor-widget elementor-widget-tp-accordion\" data-id=\"0d1d764\" data-element_type=\"widget\" data-widget_type=\"tp-accordion.default\">\n\t\t\t\t<div class=\"elementor-widget-container\">\n\t\t\t\t\t\n<div class=\"theplus-accordion-wrapper elementor-accordion\"\n    id=\"accordion69e896a5747d2\" data-accordion-id=\"accordion69e896a5747d2\"\n    data-connection=\"\"\n    data-accordion-type=\"accordion\"\n    data-heightlight-text role=\"tablist\" >\n\n            <div class=\"theplus-accordion-item\"  role=\"tab\">\n            <div id=\"elementor-tab-title-1371\" class=\"elementor-tab-title plus-accordion-header active-default text-left\" data-tab=\"1\" aria-controls=\"elementor-tab-content-1371\">\n                                <span class=\"elementor-accordion-icon elementor-accordion-icon-left\" aria-hidden=\"true\"><i class=\"elementor-accordion-icon-closed fa fa-plus\"><\/i><i class=\"elementor-accordion-icon-opened fa fa-minus\"><\/i><\/span>\n                <span style=\"width:100%\">Informationen zur Behandlung<\/span>                            <\/div>\n\n                        <div id=\"elementor-tab-content-1371\" class=\"elementor-tab-content elementor-clearfix plus-accordion-content active-default\" data-tab=\"1\" role=\"tabpanel\" aria-labelledby=\"elementor-tab-title-1371\">\n                <div class=\"plus-content-editor\" ><p><strong>Laser-Facelifting<\/strong> (ND:Yag) ist eine Behandlung, die Unvollkommenheiten effektiv korrigiert und die Haut sichtbar verj\u00fcngt. Die Lasertherapie ist derzeit eine der beliebtesten Methoden der Verj\u00fcngung. Kein Wunder! Hervorragende Ergebnisse, Sicherheit, keine langfristige Rekonvaleszenz und Nat\u00fcrlichkeit anstelle des so genannten Maskeneffekts geben den Patienten ein Gef\u00fchl von Komfort.<\/p><p>Der ND:Yag-Laser, der Licht aussendet, das von Wasser absorbiert wird, wirkt auf alle Zellen, da sie Wasser enthalten. Die Erw\u00e4rmung der Haut hat eine verj\u00fcngende Wirkung. Die von den Geweben absorbierte Temperatur bewirkt einen Zustrom von Fibroblasten, den Zellen, die Kollagenfasern produzieren. Infolgedessen regeneriert sich die Haut von innen heraus. Dadurch werden Reparaturprozesse in der Haut ausgel\u00f6st, die zu einer verbesserten Spannkraft und Festigkeit der Haut f\u00fchren und das Erscheinungsbild von Falten und feinen Linien verringern.<\/p><\/div>\n            <\/div>\n                    <\/div>\n                <div class=\"theplus-accordion-item\"  role=\"tab\">\n            <div id=\"elementor-tab-title-1372\" class=\"elementor-tab-title plus-accordion-header no text-left\" data-tab=\"2\" aria-controls=\"elementor-tab-content-1372\">\n                                <span class=\"elementor-accordion-icon elementor-accordion-icon-left\" aria-hidden=\"true\"><i class=\"elementor-accordion-icon-closed fa fa-plus\"><\/i><i class=\"elementor-accordion-icon-opened fa fa-minus\"><\/i><\/span>\n                <span style=\"width:100%\">Wie funktioniert das?<\/span>                            <\/div>\n\n                        <div id=\"elementor-tab-content-1372\" class=\"elementor-tab-content elementor-clearfix plus-accordion-content no\" data-tab=\"2\" role=\"tabpanel\" aria-labelledby=\"elementor-tab-title-1372\">\n                <div class=\"plus-content-editor\" ><p>Die Laser-Facelift-Behandlung verbessert den Hauttonus und reduziert die Tiefe und Anzahl der Falten, indem die Strukturen der papill\u00e4ren und retikul\u00e4ren Schichten der Dermis selektiv thermisch besch\u00e4digt werden, um die Fibroblastenaktivit\u00e4t und die Synthese neuer Kollagenfasern zu stimulieren. Laserimpulse (ND:Yag), die eine stimulierende Wirkung auf den Hauttonus in der gesamten Dicke der Haut haben. Die Haut wird bis zu einer Tiefe von etwa 6 mm bestrahlt, was wir als tiefes Laserlifting bezeichnen.<\/p><\/div>\n            <\/div>\n                    <\/div>\n                <div class=\"theplus-accordion-item\"  role=\"tab\">\n            <div id=\"elementor-tab-title-1373\" class=\"elementor-tab-title plus-accordion-header no text-left\" data-tab=\"3\" aria-controls=\"elementor-tab-content-1373\">\n                                <span class=\"elementor-accordion-icon elementor-accordion-icon-left\" aria-hidden=\"true\"><i class=\"elementor-accordion-icon-closed fa fa-plus\"><\/i><i class=\"elementor-accordion-icon-opened fa fa-minus\"><\/i><\/span>\n                <span style=\"width:100%\">Auswirkungen<\/span>                            <\/div>\n\n                        <div id=\"elementor-tab-content-1373\" class=\"elementor-tab-content elementor-clearfix plus-accordion-content no\" data-tab=\"3\" role=\"tabpanel\" aria-labelledby=\"elementor-tab-title-1373\">\n                <div class=\"plus-content-editor\" ><ul><li>Straffung der Haut und Verbesserung des Gesichtsovals,<\/li><li>Reduzierung von Falten<\/li><li>Verkleinerung der Hautporen<\/li><li>Aufhellung von Verf\u00e4rbungen,<\/li><li>Kollagen-Rekonstruktion,<\/li><li>Gl\u00e4ttet die Hauttextur und verbessert den Hautton<\/li><\/ul><\/div>\n            <\/div>\n                    <\/div>\n                <div class=\"theplus-accordion-item\"  role=\"tab\">\n            <div id=\"elementor-tab-title-1374\" class=\"elementor-tab-title plus-accordion-header no text-left\" data-tab=\"4\" aria-controls=\"elementor-tab-content-1374\">\n                                <span class=\"elementor-accordion-icon elementor-accordion-icon-left\" aria-hidden=\"true\"><i class=\"elementor-accordion-icon-closed fa fa-plus\"><\/i><i class=\"elementor-accordion-icon-opened fa fa-minus\"><\/i><\/span>\n                <span style=\"width:100%\"> Kontraindikationen<\/span>                            <\/div>\n\n                        <div id=\"elementor-tab-content-1374\" class=\"elementor-tab-content elementor-clearfix plus-accordion-content no\" data-tab=\"4\" role=\"tabpanel\" aria-labelledby=\"elementor-tab-title-1374\">\n                <div class=\"plus-content-editor\" ><ul><li>die Einnahme von Steroiden in Form von Cremes oder Tabletten und photosensibilisierenden Medikamenten (Retinoide und Tetrazykline),<\/li><li>Eisen- und Vitamin-A-Erg\u00e4nzung,<\/li><li>Hautkrankheiten (Psoriasis, Flechte, Herpes),<\/li><li>Vitiligo,<\/li><li>Epilepsie,<\/li><li>Anf\u00e4lligkeit f\u00fcr Narbenbildung,<\/li><li>Krebs,<\/li><li>virale Infektionen,<\/li><li>aktive Autoimmunerkrankungen (z.B. systemischer Lupus, Sklerodermie),<\/li><li>Einnahme von Accutane seit 6 Monaten vor Beginn der Behandlung,<\/li><li>Blutgerinnungsst\u00f6rungen,<\/li><li>Herzschrittmacher,<\/li><li>Schwangerschaft,<\/li><li>Stillen<\/li><\/ul><\/div>\n            <\/div>\n                    <\/div>\n                <div class=\"theplus-accordion-item\"  role=\"tab\">\n            <div id=\"elementor-tab-title-1375\" class=\"elementor-tab-title plus-accordion-header no text-left\" data-tab=\"5\" aria-controls=\"elementor-tab-content-1375\">\n                                <span class=\"elementor-accordion-icon elementor-accordion-icon-left\" aria-hidden=\"true\"><i class=\"elementor-accordion-icon-closed fa fa-plus\"><\/i><i class=\"elementor-accordion-icon-opened fa fa-minus\"><\/i><\/span>\n                <span style=\"width:100%\"> Empfehlung vor der Behandlung<\/span>                            <\/div>\n\n                        <div id=\"elementor-tab-content-1375\" class=\"elementor-tab-content elementor-clearfix plus-accordion-content no\" data-tab=\"5\" role=\"tabpanel\" aria-labelledby=\"elementor-tab-title-1375\">\n                <div class=\"plus-content-editor\" ><ul><li>Drei Wochen vor der Behandlung sollte der Konsum von Johanniskraut, Ringelblume, Ackerschachtelhalm oder Stiefm\u00fctterchen eingestellt werden.<\/li><li>Trinken Sie 24 Stunden vor der Behandlung keinen Alkohol<\/li><li>Verwenden Sie einen Monat vor der Behandlung kein Peeling<\/li><li>Wachsen oder enthaaren Sie die zu behandelnde Stelle nicht 2 Wochen vor der Behandlung<\/li><li>1 bis 2 Monate vor der Behandlung keine Sonnenb\u00e4der nehmen<\/li><\/ul><\/div>\n            <\/div>\n                    <\/div>\n                <div class=\"theplus-accordion-item\"  role=\"tab\">\n            <div id=\"elementor-tab-title-1376\" class=\"elementor-tab-title plus-accordion-header no text-left\" data-tab=\"6\" aria-controls=\"elementor-tab-content-1376\">\n                                <span class=\"elementor-accordion-icon elementor-accordion-icon-left\" aria-hidden=\"true\"><i class=\"elementor-accordion-icon-closed fa fa-plus\"><\/i><i class=\"elementor-accordion-icon-opened fa fa-minus\"><\/i><\/span>\n                <span style=\"width:100%\">Empfehlungen nach der Behandlung<\/span>                            <\/div>\n\n                        <div id=\"elementor-tab-content-1376\" class=\"elementor-tab-content elementor-clearfix plus-accordion-content no\" data-tab=\"6\" role=\"tabpanel\" aria-labelledby=\"elementor-tab-title-1376\">\n                <div class=\"plus-content-editor\" ><p>Ihre Haut wird nach der Behandlung rot sein. Sie sollten kein Make-up auftragen, sondern nur k\u00fchlende Kompressen und feuchtigkeitsspendende Cremes. Sonnenb\u00e4der, Saunas und Schwimmb\u00e4der sollten ebenfalls vermieden werden. Schrubben, starkes Abreiben mit Handt\u00fcchern und Kosmetika auf Alkoholbasis werden nicht empfohlen. Die Haut kehrt nach etwa 7 Tagen zur Normalit\u00e4t zur\u00fcck.<\/p><\/div>\n            <\/div>\n                    <\/div>\n                <div class=\"theplus-accordion-item\"  role=\"tab\">\n            <div id=\"elementor-tab-title-1377\" class=\"elementor-tab-title plus-accordion-header no text-left\" data-tab=\"7\" aria-controls=\"elementor-tab-content-1377\">\n                                <span class=\"elementor-accordion-icon elementor-accordion-icon-left\" aria-hidden=\"true\"><i class=\"elementor-accordion-icon-closed fa fa-plus\"><\/i><i class=\"elementor-accordion-icon-opened fa fa-minus\"><\/i><\/span>\n                <span style=\"width:100%\">Die Preisliste<\/span>                            <\/div>\n\n                        <div id=\"elementor-tab-content-1377\" class=\"elementor-tab-content elementor-clearfix plus-accordion-content no\" data-tab=\"7\" role=\"tabpanel\" aria-labelledby=\"elementor-tab-title-1377\">\n                <div class=\"plus-content-editor\" ><p>Sie finden die aktuelle Preisliste<a href=\"https:\/\/zabiegilaserowe.com\/de\/cennik\/#lifting\">\u00a0hier<\/a>.<\/p><\/div>\n            <\/div>\n                    <\/div>\n        \n<\/div>\n\t\t\t\t<\/div>\n\t\t\t\t<\/div>\n\t\t\t\t<\/div>\n\t\t\t\t\t<\/div>\n\t\t\t\t<\/div>\n\t\t\t\t<\/div>","protected":false},"excerpt":{"rendered":"<p>Laserowa korekta owalu twarzy (lifting twarzy, likwidacja chomik\u00f3w) Informacje o leczeniu Laserowy lifting twarzy (ND:Yag) to zabieg, kt\u00f3ry skutecznie niweluje niedoskona\u0142o\u015bci i widocznie odm\u0142adza sk\u00f3r\u0119. Laseroterapia to obecnie jedna z najpopularniejszych metod odm\u0142adzania. Nic dziwnego! \u015awietne rezultaty, bezpiecze\u0144stwo, brak d\u0142ugotrwa\u0142ej rekonwalescencji i naturalno\u015b\u0107 zamiast tzw. efektu maski daj\u0105 pacjentom poczucie komfortu. Laser ND:Yag emituj\u0105cy \u015bwiat\u0142o [&hellip;]<\/p>","protected":false},"author":5,"featured_media":0,"parent":0,"menu_order":0,"comment_status":"closed","ping_status":"closed","template":"","meta":{"footnotes":""},"class_list":["post-3065","page","type-page","status-publish","hentry"],"_links":{"self":[{"href":"https:\/\/zabiegilaserowe.com\/de\/wp-json\/wp\/v2\/pages\/3065","targetHints":{"allow":["GET"]}}],"collection":[{"href":"https:\/\/zabiegilaserowe.com\/de\/wp-json\/wp\/v2\/pages"}],"about":[{"href":"https:\/\/zabiegilaserowe.com\/de\/wp-json\/wp\/v2\/types\/page"}],"author":[{"embeddable":true,"href":"https:\/\/zabiegilaserowe.com\/de\/wp-json\/wp\/v2\/users\/5"}],"replies":[{"embeddable":true,"href":"https:\/\/zabiegilaserowe.com\/de\/wp-json\/wp\/v2\/comments?post=3065"}],"version-history":[{"count":13,"href":"https:\/\/zabiegilaserowe.com\/de\/wp-json\/wp\/v2\/pages\/3065\/revisions"}],"predecessor-version":[{"id":3867,"href":"https:\/\/zabiegilaserowe.com\/de\/wp-json\/wp\/v2\/pages\/3065\/revisions\/3867"}],"wp:attachment":[{"href":"https:\/\/zabiegilaserowe.com\/de\/wp-json\/wp\/v2\/media?parent=3065"}],"curies":[{"name":"wp","href":"https:\/\/api.w.org\/{rel}","templated":true}]}}