{"id":3050,"date":"2025-10-14T12:41:10","date_gmt":"2025-10-14T10:41:10","guid":{"rendered":"https:\/\/zabiegilaserowe.com\/?page_id=3050"},"modified":"2025-10-14T14:12:14","modified_gmt":"2025-10-14T12:12:14","slug":"photo-rejuvenation","status":"publish","type":"page","link":"https:\/\/zabiegilaserowe.com\/de\/photo-rejuvenation\/","title":{"rendered":"Fotoverj\u00fcngung"},"content":{"rendered":"<div data-elementor-type=\"wp-page\" data-elementor-id=\"3050\" class=\"elementor elementor-3050\" data-elementor-post-type=\"page\">\n\t\t\t\t<div class=\"elementor-element elementor-element-4c78e98 e-flex e-con-boxed e-con e-parent\" data-id=\"4c78e98\" data-element_type=\"container\">\n\t\t\t\t\t<div class=\"e-con-inner\">\n\t\t<div class=\"elementor-element elementor-element-4d6c77b e-con-full e-flex e-con e-child\" data-id=\"4d6c77b\" data-element_type=\"container\">\n\t\t\t\t<div class=\"elementor-element elementor-element-d5c44b0 elementor-widget elementor-widget-image\" data-id=\"d5c44b0\" data-element_type=\"widget\" data-widget_type=\"image.default\">\n\t\t\t\t<div class=\"elementor-widget-container\">\n\t\t\t\t\t\t\t\t\t\t\t\t\t\t\t<img fetchpriority=\"high\" decoding=\"async\" width=\"755\" height=\"1024\" src=\"https:\/\/zabiegilaserowe.com\/wp-content\/uploads\/2025\/10\/womenline-Photorejuvenation-tired-skin-loss-of-radiance-uneven-colour--755x1024.jpg\" class=\"attachment-large size-large wp-image-3052\" alt=\"\" srcset=\"https:\/\/zabiegilaserowe.com\/wp-content\/uploads\/2025\/10\/womenline-Photorejuvenation-tired-skin-loss-of-radiance-uneven-colour--755x1024.jpg 755w, https:\/\/zabiegilaserowe.com\/wp-content\/uploads\/2025\/10\/womenline-Photorejuvenation-tired-skin-loss-of-radiance-uneven-colour--221x300.jpg 221w, https:\/\/zabiegilaserowe.com\/wp-content\/uploads\/2025\/10\/womenline-Photorejuvenation-tired-skin-loss-of-radiance-uneven-colour--768x1042.jpg 768w, https:\/\/zabiegilaserowe.com\/wp-content\/uploads\/2025\/10\/womenline-Photorejuvenation-tired-skin-loss-of-radiance-uneven-colour--9x12.jpg 9w, https:\/\/zabiegilaserowe.com\/wp-content\/uploads\/2025\/10\/womenline-Photorejuvenation-tired-skin-loss-of-radiance-uneven-colour--600x814.jpg 600w, https:\/\/zabiegilaserowe.com\/wp-content\/uploads\/2025\/10\/womenline-Photorejuvenation-tired-skin-loss-of-radiance-uneven-colour-.jpg 1080w\" sizes=\"(max-width: 755px) 100vw, 755px\" \/>\t\t\t\t\t\t\t\t\t\t\t\t\t\t\t<\/div>\n\t\t\t\t<\/div>\n\t\t\t\t<\/div>\n\t\t<div class=\"elementor-element elementor-element-685fcc0 e-con-full e-flex e-con e-child\" data-id=\"685fcc0\" data-element_type=\"container\">\n\t\t\t\t<div class=\"elementor-element elementor-element-0e0bb60 elementor-widget elementor-widget-heading\" data-id=\"0e0bb60\" data-element_type=\"widget\" data-widget_type=\"heading.default\">\n\t\t\t\t<div class=\"elementor-widget-container\">\n\t\t\t\t\t<h2 class=\"elementor-heading-title elementor-size-default\">Photorejuvenation (m\u00fcde Haut, Verlust der Ausstrahlung, ungleichm\u00e4\u00dfiger Hautton) <\/h2>\t\t\t\t<\/div>\n\t\t\t\t<\/div>\n\t\t\t\t<div class=\"elementor-element elementor-element-a4018fb elementor-widget__width-initial elementor-widget elementor-widget-tp-accordion\" data-id=\"a4018fb\" data-element_type=\"widget\" data-widget_type=\"tp-accordion.default\">\n\t\t\t\t<div class=\"elementor-widget-container\">\n\t\t\t\t\t\n<div class=\"theplus-accordion-wrapper elementor-accordion\"\n    id=\"accordion69e74848ae27a\" data-accordion-id=\"accordion69e74848ae27a\"\n    data-connection=\"\"\n    data-accordion-type=\"accordion\"\n    data-heightlight-text role=\"tablist\" >\n\n            <div class=\"theplus-accordion-item\"  role=\"tab\">\n            <div id=\"elementor-tab-title-1711\" class=\"elementor-tab-title plus-accordion-header active-default text-left\" data-tab=\"1\" aria-controls=\"elementor-tab-content-1711\">\n                                <span class=\"elementor-accordion-icon elementor-accordion-icon-left\" aria-hidden=\"true\"><i class=\"elementor-accordion-icon-closed fa fa-plus\"><\/i><i class=\"elementor-accordion-icon-opened fa fa-minus\"><\/i><\/span>\n                <span style=\"width:100%\">Informationen zur Behandlung<\/span>                            <\/div>\n\n                        <div id=\"elementor-tab-content-1711\" class=\"elementor-tab-content elementor-clearfix plus-accordion-content active-default\" data-tab=\"1\" role=\"tabpanel\" aria-labelledby=\"elementor-tab-title-1711\">\n                <div class=\"plus-content-editor\" ><p>IPL-Systeme (intensives gepulstes Licht) CPL-Systeme (kalibriertes gepulstes Licht)<br \/>IPL steht f\u00fcr Intense Pulsed Light, ein Verfahren, bei dem Licht aus verschiedenen Teilen des Spektrums gefiltert wird, um die Haut zu verj\u00fcngen und Probleme wie Sonnensch\u00e4den, Sonnenflecken, Rosazea und Besenreiser gezielt zu behandeln und sichtbar zu verbessern.<\/p><p>Calibrated Pulsed Light, CPL, ist die n\u00e4chste Generation der Hautverj\u00fcngung mit der neuesten IPL-Technologie, die Licht zur Behandlung einer Vielzahl von Hautproblemen einsetzt. Nicht-invasive, leistungsstarke Wellenl\u00e4ngen werden in die Haut gepulst, um einige der tieferen Hautschichten zu stimulieren, was zu einer ges\u00fcnderen, glatteren Haut f\u00fchrt. Diese Wellenl\u00e4ngen werden mit sensationeller Geschwindigkeit auf die Haut \u00fcbertragen, um ihre Wirksamkeit zu gew\u00e4hrleisten.<\/p><p>Der Xlase Plus Calibrated Pulsed Light (CPL) Applikator bietet mehrere innovative und fortschrittliche technologische Verbesserungen. Im Vergleich zu anderen IPL-Systemen auf dem Markt hat sich das CPL-System als eines der leistungsst\u00e4rksten und effektivsten erwiesen. Es ist einfach und effizient in der Anwendung.<\/p><\/div>\n            <\/div>\n                    <\/div>\n                <div class=\"theplus-accordion-item\"  role=\"tab\">\n            <div id=\"elementor-tab-title-1712\" class=\"elementor-tab-title plus-accordion-header no text-left\" data-tab=\"2\" aria-controls=\"elementor-tab-content-1712\">\n                                <span class=\"elementor-accordion-icon elementor-accordion-icon-left\" aria-hidden=\"true\"><i class=\"elementor-accordion-icon-closed fa fa-plus\"><\/i><i class=\"elementor-accordion-icon-opened fa fa-minus\"><\/i><\/span>\n                <span style=\"width:100%\">Wie funktioniert das?<\/span>                            <\/div>\n\n                        <div id=\"elementor-tab-content-1712\" class=\"elementor-tab-content elementor-clearfix plus-accordion-content no\" data-tab=\"2\" role=\"tabpanel\" aria-labelledby=\"elementor-tab-title-1712\">\n                <div class=\"plus-content-editor\" ><p>Die CPL-Verj\u00fcngung (oder in Kombination mit Volumetrics) f\u00fchrt zu einem verbesserten Hauttonus und einer Verringerung der Tiefe und Anzahl von Falten. CPL verursacht eine selektive thermische Sch\u00e4digung der Strukturen der papill\u00e4ren und retikul\u00e4ren Schichten der Dermis, um die Fibroblastenaktivit\u00e4t und die Synthese neuer Kollagenfasern zu stimulieren.<\/p><\/div>\n            <\/div>\n                    <\/div>\n                <div class=\"theplus-accordion-item\"  role=\"tab\">\n            <div id=\"elementor-tab-title-1713\" class=\"elementor-tab-title plus-accordion-header no text-left\" data-tab=\"3\" aria-controls=\"elementor-tab-content-1713\">\n                                <span class=\"elementor-accordion-icon elementor-accordion-icon-left\" aria-hidden=\"true\"><i class=\"elementor-accordion-icon-closed fa fa-plus\"><\/i><i class=\"elementor-accordion-icon-opened fa fa-minus\"><\/i><\/span>\n                <span style=\"width:100%\"> Auswirkungen <\/span>                            <\/div>\n\n                        <div id=\"elementor-tab-content-1713\" class=\"elementor-tab-content elementor-clearfix plus-accordion-content no\" data-tab=\"3\" role=\"tabpanel\" aria-labelledby=\"elementor-tab-title-1713\">\n                <div class=\"plus-content-editor\" ><p>CPL kann bei den folgenden Hautkrankheiten helfen:<\/p><ul><li>Entf\u00e4rbung<\/li><li>Akne Rosazea<\/li><li>Sonnenflecken\/Leberflecken<\/li><li>Aknenarben<\/li><li>Feine Linien und F\u00e4ltchen<\/li><li>Ungleichm\u00e4\u00dfige\/strukturierte Haut<\/li><li>Pigmentierung<\/li><li>Gro\u00dfe Poren<\/li><li>Erh\u00f6ht das Kollagen<\/li><\/ul><\/div>\n            <\/div>\n                    <\/div>\n                <div class=\"theplus-accordion-item\"  role=\"tab\">\n            <div id=\"elementor-tab-title-1714\" class=\"elementor-tab-title plus-accordion-header no text-left\" data-tab=\"4\" aria-controls=\"elementor-tab-content-1714\">\n                                <span class=\"elementor-accordion-icon elementor-accordion-icon-left\" aria-hidden=\"true\"><i class=\"elementor-accordion-icon-closed fa fa-plus\"><\/i><i class=\"elementor-accordion-icon-opened fa fa-minus\"><\/i><\/span>\n                <span style=\"width:100%\">Kontraindikationen<\/span>                            <\/div>\n\n                        <div id=\"elementor-tab-content-1714\" class=\"elementor-tab-content elementor-clearfix plus-accordion-content no\" data-tab=\"4\" role=\"tabpanel\" aria-labelledby=\"elementor-tab-title-1714\">\n                <div class=\"plus-content-editor\" ><p>Aktive Entz\u00fcndungen und Infektionen, wie Herpes oder eitrige Akne.<\/p><p>Entz\u00fcndliche Hauterkrankungen oder Ekzeme in der aktiven Phase.<\/p><p>Schwangerschaft und Stillzeit, da es keine Studien gibt, die die Sicherheit best\u00e4tigen.<\/p><p>Einnahme von photosensibilisierenden Medikamenten, die mit Laserstrahlung reagieren k\u00f6nnen.<\/p><p>Autoimmunkrankheiten, einschlie\u00dflich Lupus erythematodes und Sklerodermie.<\/p><p>Vorgeschichte mit Keloidnarben, die sich nach der Behandlung verschlimmern k\u00f6nnen.<\/p><p>Hautneoplasmen oder Verdacht auf Hautneoplasmen.<\/p><p>Frische Besonnung oder geplante intensive Besonnung.<\/p><p>Anwendung einer Retinoid-Therapie, die die Haut f\u00fcr Licht sensibilisieren kann.<\/p><p>W\u00e4hrend der Konsultation wird der Spezialist den Zustand der Haut beurteilen und entscheiden, ob die Behandlung sicher ist. Wenn Kontraindikationen f\u00fcr die Photorejuvenation festgestellt werden, kann der Spezialist alternative Verj\u00fcngungsbehandlungen empfehlen, die \u00e4hnliche Ergebnisse erzielen.<\/p><\/div>\n            <\/div>\n                    <\/div>\n                <div class=\"theplus-accordion-item\"  role=\"tab\">\n            <div id=\"elementor-tab-title-1715\" class=\"elementor-tab-title plus-accordion-header no text-left\" data-tab=\"5\" aria-controls=\"elementor-tab-content-1715\">\n                                <span class=\"elementor-accordion-icon elementor-accordion-icon-left\" aria-hidden=\"true\"><i class=\"elementor-accordion-icon-closed fa fa-plus\"><\/i><i class=\"elementor-accordion-icon-opened fa fa-minus\"><\/i><\/span>\n                <span style=\"width:100%\"> Empfehlungen f\u00fcr die Vorbehandlung <\/span>                            <\/div>\n\n                        <div id=\"elementor-tab-content-1715\" class=\"elementor-tab-content elementor-clearfix plus-accordion-content no\" data-tab=\"5\" role=\"tabpanel\" aria-labelledby=\"elementor-tab-title-1715\">\n                <div class=\"plus-content-editor\" ><p>Wir empfehlen unseren Kunden, 6 Wochen vor einer CPL-Behandlung Sonnenb\u00e4der und \u00fcberm\u00e4\u00dfige Sonneneinstrahlung zu vermeiden. Au\u00dferdem raten wir unseren Kunden, 1-2 Wochen vor der Behandlung alle Behandlungen zu vermeiden, die die Haut reizen k\u00f6nnten, einschlie\u00dflich Wachsen.<\/p><\/div>\n            <\/div>\n                    <\/div>\n                <div class=\"theplus-accordion-item\"  role=\"tab\">\n            <div id=\"elementor-tab-title-1716\" class=\"elementor-tab-title plus-accordion-header no text-left\" data-tab=\"6\" aria-controls=\"elementor-tab-content-1716\">\n                                <span class=\"elementor-accordion-icon elementor-accordion-icon-left\" aria-hidden=\"true\"><i class=\"elementor-accordion-icon-closed fa fa-plus\"><\/i><i class=\"elementor-accordion-icon-opened fa fa-minus\"><\/i><\/span>\n                <span style=\"width:100%\">Empfehlungen nach der Behandlung<\/span>                            <\/div>\n\n                        <div id=\"elementor-tab-content-1716\" class=\"elementor-tab-content elementor-clearfix plus-accordion-content no\" data-tab=\"6\" role=\"tabpanel\" aria-labelledby=\"elementor-tab-title-1716\">\n                <div class=\"plus-content-editor\" ><p>Die meisten Menschen vertragen das CPL-Verfahren. Nach dem Eingriff kann die Haut rot, gereizt und geschwollen sein. Pigmentierte Haut kann dunkler werden, bevor sie sich abl\u00f6st. Das vollst\u00e4ndige Ergebnis kann 4-6 Wochen nach Abschluss einer Serie von CPL-Behandlungen sichtbar werden.<\/p><p>Dunklere braune Flecken - braune Flecken und Sommersprossen k\u00f6nnen nach einer CPL-Behandlung dunkler erscheinen, wenn sie abheilen, insbesondere nach der ersten Behandlung einer Serie. Versuchen Sie nicht, diese verf\u00e4rbten Stellen zu entfernen. Lassen Sie zu, dass sie sich auf nat\u00fcrliche Weise abl\u00f6sen.<br \/>R\u00f6tung und Schwellung - die Haut kann nach der Behandlung geschwollen und rot sein. Das Erythem (R\u00f6tung) und die Schwellung (Schwellung) des behandelten Bereichs klingen in der Regel innerhalb weniger Stunden ab, k\u00f6nnen aber bis zu sieben Tage oder l\u00e4nger bestehen bleiben. Die R\u00f6tung ist in der Regel unmittelbar nach der Behandlung und am Morgen nach der Behandlung am st\u00e4rksten ausgepr\u00e4gt. Um R\u00f6tungen und Schwellungen zu lindern, sollten Sie mehrmals t\u00e4glich kalte Kompressen (5 Minuten und 10 Minuten) auflegen. Innerhalb von 48 Stunden nach der Behandlung kann es zu Reizungen, Juckreiz und\/oder leichtem Brennen oder sonnenbrand\u00e4hnlichen Schmerzen kommen.<\/p><p>Pflege von Blasen und Schorf - wenn Schorf oder Verbrennungen auftreten, tragen Sie 2-3 Mal t\u00e4glich eine d\u00fcnne Schicht einer rezeptfreien antibiotischen Salbe f\u00fcr 3 Tage auf. Bitte rufen Sie uns an, wenn Sie Verbrennungen oder Schorf haben.<br \/>Hyperpigmentierung und Hypopigmentierung (Verdunkelung oder Aufhellung der Hautfarbe) k\u00f6nnen auftreten. Bitte rufen Sie uns an, wenn Sie eine solche Reaktion bemerken.<\/p><p><strong>Was ist nach einer CPL \/ IPL-Behandlung zu vermeiden?<\/strong><br \/>Aspirin, Ibuprofen, Alkohol, intensive k\u00f6rperliche Bet\u00e4tigung und Aktivit\u00e4ten, die R\u00f6tungen verursachen k\u00f6nnen, f\u00fcr 2 Tage nach der Behandlung.<br \/>Vermeiden Sie Hitze, jede Art von direkter Hitze, Sonnenb\u00e4der, Saunas und alle Ger\u00e4te, die Dampf erzeugen.<br \/>Beim Kochen, Braten und Backen sollten Sie vorsichtig sein.<\/p><p>Hautpflege nach CPL \/ IPL-Behandlung<\/p><p>Die Haut kann f\u00fcr einige Tage nach der Behandlung temperaturempfindlich sein. Verwenden Sie sanfte Reinigungsmittel und Feuchtigkeitscremes. Auf topische Produkte wie Retinol- und Glykols\u00e4ureprodukte sollten Sie mindestens eine Woche lang nach der Behandlung verzichten.<br \/>Sonne - Vermeiden Sie direkte Sonneneinstrahlung auf den behandelten Bereich und verwenden Sie f\u00fcr 4-6 Wochen nach der Behandlung einen UVA\/UVB-Sonnenschutz mit LSF 30 oder h\u00f6her.<\/p><\/div>\n            <\/div>\n                    <\/div>\n        \n<\/div>\n\t\t\t\t<\/div>\n\t\t\t\t<\/div>\n\t\t\t\t<\/div>\n\t\t\t\t\t<\/div>\n\t\t\t\t<\/div>\n\t\t\t\t<\/div>","protected":false},"excerpt":{"rendered":"<p>Fotoodm\u0142adzanie (zm\u0119czona sk\u00f3ra,utrata blasku, nier\u00f3wnomierny koloryt) Informacje o leczeniu Systemy IPL (intensywne \u015bwiat\u0142o pulsacyjne) CPL (skalibrowane \u015bwiat\u0142o pulsacyjne)IPL to skr\u00f3t od Intense Pulsed Light, procesu, kt\u00f3ry filtruje \u015bwiat\u0142o z kilku r\u00f3\u017cnych cz\u0119\u015bci widma, aby zapewni\u0107 fotoodm\u0142adzanie sk\u00f3ry, celuj\u0105c i wyra\u017anie poprawiaj\u0105c problemy, takie jak uszkodzenia s\u0142oneczne, plamy s\u0142oneczne, tr\u0105dzik r\u00f3\u017cowaty i paj\u0105czki. Calibrated Pulsed Light, [&hellip;]<\/p>","protected":false},"author":5,"featured_media":0,"parent":0,"menu_order":0,"comment_status":"closed","ping_status":"closed","template":"","meta":{"footnotes":""},"class_list":["post-3050","page","type-page","status-publish","hentry"],"_links":{"self":[{"href":"https:\/\/zabiegilaserowe.com\/de\/wp-json\/wp\/v2\/pages\/3050","targetHints":{"allow":["GET"]}}],"collection":[{"href":"https:\/\/zabiegilaserowe.com\/de\/wp-json\/wp\/v2\/pages"}],"about":[{"href":"https:\/\/zabiegilaserowe.com\/de\/wp-json\/wp\/v2\/types\/page"}],"author":[{"embeddable":true,"href":"https:\/\/zabiegilaserowe.com\/de\/wp-json\/wp\/v2\/users\/5"}],"replies":[{"embeddable":true,"href":"https:\/\/zabiegilaserowe.com\/de\/wp-json\/wp\/v2\/comments?post=3050"}],"version-history":[{"count":7,"href":"https:\/\/zabiegilaserowe.com\/de\/wp-json\/wp\/v2\/pages\/3050\/revisions"}],"predecessor-version":[{"id":3152,"href":"https:\/\/zabiegilaserowe.com\/de\/wp-json\/wp\/v2\/pages\/3050\/revisions\/3152"}],"wp:attachment":[{"href":"https:\/\/zabiegilaserowe.com\/de\/wp-json\/wp\/v2\/media?parent=3050"}],"curies":[{"name":"wp","href":"https:\/\/api.w.org\/{rel}","templated":true}]}}