{"id":3028,"date":"2025-10-14T12:15:28","date_gmt":"2025-10-14T10:15:28","guid":{"rendered":"https:\/\/zabiegilaserowe.com\/?page_id=3028"},"modified":"2025-10-26T12:10:15","modified_gmt":"2025-10-26T11:10:15","slug":"przebarwienia-cpl-ndyag","status":"publish","type":"page","link":"https:\/\/zabiegilaserowe.com\/de\/przebarwienia-cpl-ndyag\/","title":{"rendered":"Hyperpigmentierung (CPL\/ND:YAG)"},"content":{"rendered":"<div data-elementor-type=\"wp-page\" data-elementor-id=\"3028\" class=\"elementor elementor-3028\" data-elementor-post-type=\"page\">\n\t\t\t\t<div class=\"elementor-element elementor-element-8c255d1 e-flex e-con-boxed e-con e-parent\" data-id=\"8c255d1\" data-element_type=\"container\">\n\t\t\t\t\t<div class=\"e-con-inner\">\n\t\t<div class=\"elementor-element elementor-element-809a272 e-con-full e-flex e-con e-child\" data-id=\"809a272\" data-element_type=\"container\">\n\t\t\t\t<div class=\"elementor-element elementor-element-68630e1 elementor-widget elementor-widget-image\" data-id=\"68630e1\" data-element_type=\"widget\" data-widget_type=\"image.default\">\n\t\t\t\t<div class=\"elementor-widget-container\">\n\t\t\t\t\t\t\t\t\t\t\t\t\t\t\t<img fetchpriority=\"high\" decoding=\"async\" width=\"755\" height=\"1024\" src=\"https:\/\/zabiegilaserowe.com\/wp-content\/uploads\/2023\/06\/womenline-uk-treatments-discoloration-755x1024.jpg\" class=\"attachment-large size-large wp-image-1404\" alt=\"\" srcset=\"https:\/\/zabiegilaserowe.com\/wp-content\/uploads\/2023\/06\/womenline-uk-treatments-discoloration-755x1024.jpg 755w, https:\/\/zabiegilaserowe.com\/wp-content\/uploads\/2023\/06\/womenline-uk-treatments-discoloration-221x300.jpg 221w, https:\/\/zabiegilaserowe.com\/wp-content\/uploads\/2023\/06\/womenline-uk-treatments-discoloration-768x1042.jpg 768w, https:\/\/zabiegilaserowe.com\/wp-content\/uploads\/2023\/06\/womenline-uk-treatments-discoloration-9x12.jpg 9w, https:\/\/zabiegilaserowe.com\/wp-content\/uploads\/2023\/06\/womenline-uk-treatments-discoloration-600x814.jpg 600w, https:\/\/zabiegilaserowe.com\/wp-content\/uploads\/2023\/06\/womenline-uk-treatments-discoloration.jpg 1080w\" sizes=\"(max-width: 755px) 100vw, 755px\" \/>\t\t\t\t\t\t\t\t\t\t\t\t\t\t\t<\/div>\n\t\t\t\t<\/div>\n\t\t\t\t<\/div>\n\t\t<div class=\"elementor-element elementor-element-548948a e-con-full e-flex e-con e-child\" data-id=\"548948a\" data-element_type=\"container\">\n\t\t\t\t<div class=\"elementor-element elementor-element-f4ae044 elementor-widget elementor-widget-heading\" data-id=\"f4ae044\" data-element_type=\"widget\" data-widget_type=\"heading.default\">\n\t\t\t\t<div class=\"elementor-widget-container\">\n\t\t\t\t\t<h2 class=\"elementor-heading-title elementor-size-default\">Hyperpigmentierung (CPL\/ND:YAG)<\/h2>\t\t\t\t<\/div>\n\t\t\t\t<\/div>\n\t\t\t\t<div class=\"elementor-element elementor-element-39cab1a elementor-widget elementor-widget-tp-accordion\" data-id=\"39cab1a\" data-element_type=\"widget\" data-widget_type=\"tp-accordion.default\">\n\t\t\t\t<div class=\"elementor-widget-container\">\n\t\t\t\t\t\n<div class=\"theplus-accordion-wrapper elementor-accordion\"\n    id=\"accordion69e7484edffa4\" data-accordion-id=\"accordion69e7484edffa4\"\n    data-connection=\"\"\n    data-accordion-type=\"accordion\"\n    data-heightlight-text role=\"tablist\" >\n\n            <div class=\"theplus-accordion-item\"  role=\"tab\">\n            <div id=\"elementor-tab-title-6051\" class=\"elementor-tab-title plus-accordion-header active-default text-left\" data-tab=\"1\" aria-controls=\"elementor-tab-content-6051\">\n                                <span class=\"elementor-accordion-icon elementor-accordion-icon-left\" aria-hidden=\"true\"><i class=\"elementor-accordion-icon-closed fa fa-plus\"><\/i><i class=\"elementor-accordion-icon-opened fa fa-minus\"><\/i><\/span>\n                <span style=\"width:100%\"> Informationen zur Behandlung<\/span>                            <\/div>\n\n                        <div id=\"elementor-tab-content-6051\" class=\"elementor-tab-content elementor-clearfix plus-accordion-content active-default\" data-tab=\"1\" role=\"tabpanel\" aria-labelledby=\"elementor-tab-title-6051\">\n                <div class=\"plus-content-editor\" ><p><strong>Laserentfernung von Verf\u00e4rbungen<\/strong> ist eine effektive Methode zur Beseitigung dieser unattraktiven L\u00e4sionen, die durch eine \u00fcberm\u00e4\u00dfige Melaninproduktion entstehen. Laserger\u00e4te bieten eine sichere, nicht-invasive, schmerzfreie und schnelle M\u00f6glichkeit, pigmentierte L\u00e4sionen zu beseitigen. Sie sind eine hervorragende Alternative zu chemischen Peelings oder Kryotherapie.<\/p><p>Die Behandlung beinhaltet eine kontrollierte Menge an Mikroverletzungen der Haut und deren pr\u00e4zise Platzierung. Das Laserlicht erhitzt die Pigmentzellen und sch\u00e4digt sie. Sie werden dann aus dem K\u00f6rper entfernt. Nach der Behandlung ist die Pigmentierung in der Regel zun\u00e4chst dunkler, verblasst oder verschwindet aber nach etwa zwei Wochen. Die Lasertherapie ist eine sehr effektive Methode zur Behandlung von Hyperpigmentierung. Sie erm\u00f6glicht eine pr\u00e4zise Entfernung der pigmentierten L\u00e4sionen und erfrischt und verj\u00fcngt die Haut.<\/p><\/div>\n            <\/div>\n                    <\/div>\n                <div class=\"theplus-accordion-item\"  role=\"tab\">\n            <div id=\"elementor-tab-title-6052\" class=\"elementor-tab-title plus-accordion-header no text-left\" data-tab=\"2\" aria-controls=\"elementor-tab-content-6052\">\n                                <span class=\"elementor-accordion-icon elementor-accordion-icon-left\" aria-hidden=\"true\"><i class=\"elementor-accordion-icon-closed fa fa-plus\"><\/i><i class=\"elementor-accordion-icon-opened fa fa-minus\"><\/i><\/span>\n                <span style=\"width:100%\"> Wie es funktioniert <\/span>                            <\/div>\n\n                        <div id=\"elementor-tab-content-6052\" class=\"elementor-tab-content elementor-clearfix plus-accordion-content no\" data-tab=\"2\" role=\"tabpanel\" aria-labelledby=\"elementor-tab-title-6052\">\n                <div class=\"plus-content-editor\" ><p>Nach der Reinigung und Entfettung der Haut wird der vom Laser ausgesendete Lichtstrahl auf die Haut gerichtet.<\/p><p>Das vom Laser ausgestrahlte Licht zielt genau auf den problematischen Bereich der Haut, in dem sich Pigmente angesammelt haben. Auf diese Weise wirkt der Laser nur auf die L\u00e4sion und sch\u00e4digt das umliegende Gewebe nicht. Es sind mehrere Behandlungen erforderlich, um den gew\u00fcnschten Effekt zu erzielen. Die Anzahl der Behandlungen h\u00e4ngt u.a. von der Gr\u00f6\u00dfe der L\u00e4sion und der Intensit\u00e4t ihrer Pigmentierung ab. Die einzelnen Serien werden in Abst\u00e4nden von mehreren Wochen durchgef\u00fchrt (im Durchschnitt alle sechs Wochen).<\/p><\/div>\n            <\/div>\n                    <\/div>\n                <div class=\"theplus-accordion-item\"  role=\"tab\">\n            <div id=\"elementor-tab-title-6053\" class=\"elementor-tab-title plus-accordion-header no text-left\" data-tab=\"3\" aria-controls=\"elementor-tab-content-6053\">\n                                <span class=\"elementor-accordion-icon elementor-accordion-icon-left\" aria-hidden=\"true\"><i class=\"elementor-accordion-icon-closed fa fa-plus\"><\/i><i class=\"elementor-accordion-icon-opened fa fa-minus\"><\/i><\/span>\n                <span style=\"width:100%\"> Verfahren vor und nach <\/span>                            <\/div>\n\n                        <div id=\"elementor-tab-content-6053\" class=\"elementor-tab-content elementor-clearfix plus-accordion-content no\" data-tab=\"3\" role=\"tabpanel\" aria-labelledby=\"elementor-tab-title-6053\">\n                <div class=\"plus-content-editor\" ><p>Die Laserentfernung von Hyperpigmentierungen ist eine Behandlung f\u00fcr Menschen, die diese loswerden m\u00f6chten:<\/p><ul><li>seborrhoische Verf\u00e4rbung,<\/li><li>linsenf\u00f6rmige Flecken,<\/li><li>Flecken, die durch lichtsensibilisierende Medikamente verursacht werden,<\/li><li>hormonelle Ver\u00e4nderungen (Schwangerschaft, Menopause, Einnahme von Verh\u00fctungsmitteln).<\/li><\/ul><p>Weitere Indikationen f\u00fcr die Entfernung von Hyperpigmentierungen mit dem Laser sind Sommersprossen, Altersflecken, Akneflecken, Photoalterung, postinflammatorische Hyperpigmentierung und gesprenkelte Pigmentierung.<\/p><p>Nach der Entfernung von Laserpunkten sollte der Patient darauf achten, die behandelte Stelle nicht zu reizen. Er darf in den n\u00e4chsten Tagen keine alkoholhaltige Seife oder Kosmetika verwenden. Er sollte sich keinen Peeling-Behandlungen unterziehen, einschlie\u00dflich Peelings. Es ist ratsam, einen Monat lang auf Sonnenb\u00e4der, zwei Wochen lang auf Saunabesuche und hei\u00dfe B\u00e4der und eine Woche lang auf Sport zu verzichten. Nach der Behandlung sollte die Haut mehrmals t\u00e4glich mit Feuchtigkeit versorgt werden und ein Lichtschutzmittel aufgetragen werden.<\/p><\/div>\n            <\/div>\n                    <\/div>\n                <div class=\"theplus-accordion-item\"  role=\"tab\">\n            <div id=\"elementor-tab-title-6054\" class=\"elementor-tab-title plus-accordion-header no text-left\" data-tab=\"4\" aria-controls=\"elementor-tab-content-6054\">\n                                <span class=\"elementor-accordion-icon elementor-accordion-icon-left\" aria-hidden=\"true\"><i class=\"elementor-accordion-icon-closed fa fa-plus\"><\/i><i class=\"elementor-accordion-icon-opened fa fa-minus\"><\/i><\/span>\n                <span style=\"width:100%\">Kontraindikationen<\/span>                            <\/div>\n\n                        <div id=\"elementor-tab-content-6054\" class=\"elementor-tab-content elementor-clearfix plus-accordion-content no\" data-tab=\"4\" role=\"tabpanel\" aria-labelledby=\"elementor-tab-title-6054\">\n                <div class=\"plus-content-editor\" ><p>Trotz der zahlreichen Indikationen und der hohen Sicherheit sollte die Entfernung von Hyperpigmentierungen mit dem Laser nicht durchgef\u00fchrt werden, wenn im Behandlungsbereich eine Entz\u00fcndung oder eine aktive virale oder bakterielle Infektion, eine Bindegewebserkrankung oder ein geschw\u00e4chtes Immunsystem vorliegt. Weitere Kontraindikationen sind Schwangerschaft, Krebs, Einnahme von photosensibilisierenden Medikamenten, Epilepsie, Einnahme von Steroiden und frische Br\u00e4une. Menschen, die zu Narbenbildung, Vitiligo und Schuppenflechte neigen, sollten sich keiner Laserbehandlung unterziehen. Elektronische\/Metallimplantate k\u00f6nnen ebenfalls eine Kontraindikation darstellen.<\/p><p>Es ist wichtig zu beachten, dass alle Hautl\u00e4sionen, die dem Arzt verd\u00e4chtig erscheinen, nicht mit dem Laser entfernt werden k\u00f6nnen. Solche L\u00e4sionen sollten chirurgisch mit einem Rand (Reserve) aus gesundem Gewebe entfernt und dann einer histopathologischen Untersuchung unterzogen werden, um unter anderem Melanome, Basalzellkarzinome der Haut oder entz\u00fcndliche Infiltrate auszuschlie\u00dfen.<\/p><p>Hautreizungen an der Behandlungsstelle, die Verwendung von Photosensibilisatoren (Vitamin-A-Derivate, Antibiotika der Tetrazyklin-Gruppe, Johanniskraut, Ringelblume) sind ebenfalls Kontraindikationen f\u00fcr das Verfahren.<\/p><\/div>\n            <\/div>\n                    <\/div>\n                <div class=\"theplus-accordion-item\"  role=\"tab\">\n            <div id=\"elementor-tab-title-6055\" class=\"elementor-tab-title plus-accordion-header no text-left\" data-tab=\"5\" aria-controls=\"elementor-tab-content-6055\">\n                                <span class=\"elementor-accordion-icon elementor-accordion-icon-left\" aria-hidden=\"true\"><i class=\"elementor-accordion-icon-closed fa fa-plus\"><\/i><i class=\"elementor-accordion-icon-opened fa fa-minus\"><\/i><\/span>\n                <span style=\"width:100%\">Die Preisliste<\/span>                            <\/div>\n\n                        <div id=\"elementor-tab-content-6055\" class=\"elementor-tab-content elementor-clearfix plus-accordion-content no\" data-tab=\"5\" role=\"tabpanel\" aria-labelledby=\"elementor-tab-title-6055\">\n                <div class=\"plus-content-editor\" ><p>Sie finden die aktuelle Preisliste<a href=\"https:\/\/zabiegilaserowe.com\/de\/cennik\/#przebarwienia\">\u00a0hier<\/a>.<\/p><\/div>\n            <\/div>\n                    <\/div>\n        \n<\/div>\n\t\t\t\t<\/div>\n\t\t\t\t<\/div>\n\t\t\t\t<\/div>\n\t\t\t\t\t<\/div>\n\t\t\t\t<\/div>\n\t\t\t\t<\/div>","protected":false},"excerpt":{"rendered":"<p>Przebarwienia (CPL\/ND:YAG) Informacje o leczeniu Laserowe usuwanie przebarwie\u0144 to skuteczna metoda eliminacji tych nieatrakcyjnych zmian wynikaj\u0105cych z nadmiernej produkcji melaniny. Urz\u0105dzenia laserowe zapewniaj\u0105 bezpieczny, nieinwazyjny, bezbolesny i szybki spos\u00f3b na pozbycie si\u0119 zmian barwnikowych. Stanowi\u0105 doskona\u0142\u0105 alternatyw\u0119 dla peeling\u00f3w chemicznych czy krioterapii. Zabieg obejmuje kontrolowan\u0105 ilo\u015b\u0107 mikrouszkodze\u0144 sk\u00f3ry i ich precyzyjne rozmieszczenie. \u015awiat\u0142o lasera podgrzewa [&hellip;]<\/p>","protected":false},"author":5,"featured_media":0,"parent":0,"menu_order":0,"comment_status":"closed","ping_status":"closed","template":"","meta":{"footnotes":""},"class_list":["post-3028","page","type-page","status-publish","hentry"],"_links":{"self":[{"href":"https:\/\/zabiegilaserowe.com\/de\/wp-json\/wp\/v2\/pages\/3028","targetHints":{"allow":["GET"]}}],"collection":[{"href":"https:\/\/zabiegilaserowe.com\/de\/wp-json\/wp\/v2\/pages"}],"about":[{"href":"https:\/\/zabiegilaserowe.com\/de\/wp-json\/wp\/v2\/types\/page"}],"author":[{"embeddable":true,"href":"https:\/\/zabiegilaserowe.com\/de\/wp-json\/wp\/v2\/users\/5"}],"replies":[{"embeddable":true,"href":"https:\/\/zabiegilaserowe.com\/de\/wp-json\/wp\/v2\/comments?post=3028"}],"version-history":[{"count":16,"href":"https:\/\/zabiegilaserowe.com\/de\/wp-json\/wp\/v2\/pages\/3028\/revisions"}],"predecessor-version":[{"id":3861,"href":"https:\/\/zabiegilaserowe.com\/de\/wp-json\/wp\/v2\/pages\/3028\/revisions\/3861"}],"wp:attachment":[{"href":"https:\/\/zabiegilaserowe.com\/de\/wp-json\/wp\/v2\/media?parent=3028"}],"curies":[{"name":"wp","href":"https:\/\/api.w.org\/{rel}","templated":true}]}}