{"id":3,"date":"2022-03-04T12:19:02","date_gmt":"2022-03-04T11:19:02","guid":{"rendered":"http:\/\/s714366143.websitehome.co.uk\/zabieginacialo\/?page_id=3"},"modified":"2025-10-29T17:34:09","modified_gmt":"2025-10-29T16:34:09","slug":"polityka-prywatnosci","status":"publish","type":"page","link":"https:\/\/zabiegilaserowe.com\/de\/polityka-prywatnosci\/","title":{"rendered":"Datenschutzbestimmungen"},"content":{"rendered":"<div data-elementor-type=\"wp-page\" data-elementor-id=\"3\" class=\"elementor elementor-3\" data-elementor-post-type=\"page\">\n\t\t\t\t\t\t<section class=\"elementor-section elementor-top-section elementor-element elementor-element-65c4ea71 elementor-section-boxed elementor-section-height-default elementor-section-height-default\" data-id=\"65c4ea71\" data-element_type=\"section\">\n\t\t\t\t\t\t<div class=\"elementor-container elementor-column-gap-default\">\n\t\t\t\t\t<div class=\"elementor-column elementor-col-100 elementor-top-column elementor-element elementor-element-1d5989c4\" data-id=\"1d5989c4\" data-element_type=\"column\">\n\t\t\t<div class=\"elementor-widget-wrap elementor-element-populated\">\n\t\t\t\t\t\t<div class=\"elementor-element elementor-element-60a33d8b elementor-widget elementor-widget-text-editor\" data-id=\"60a33d8b\" data-element_type=\"widget\" data-widget_type=\"text-editor.default\">\n\t\t\t\t<div class=\"elementor-widget-container\">\n\t\t\t\t\t\t\t\t\t<ol>\n<li>Die Datenschutzrichtlinie legt die Regeln f\u00fcr den Schutz der Privatsph\u00e4re und die Verarbeitung personenbezogener Daten von Service-Nutzern fest\u00a0<a href=\"https:\/\/zabiegilaserowe.com\/de\/\" target=\"_blank\" rel=\"noopener\" data-saferedirecturl=\"https:\/\/www.google.com\/url?q=https:\/\/zabiegilaserowe.com&amp;source=gmail&amp;ust=1687265209995000&amp;usg=AOvVaw1K7O1n1QF-ryk5D0tTT9E6\">www.zabieginacialo.com<\/a>\u00a0der im Internet betrieben wird (im Folgenden der \"Dienst\").<\/li>\n<li>Der Verwalter der pers\u00f6nlichen Daten der Benutzer ist Womenline Ewa Nieczypor, mit <span class=\"elementor-icon-list-text\">54 Wyszy\u0144skiego-Platz<\/span>, 58-500 Jelenia G\u00f3ra, REGON 0212192475, NIP 6912192475. Der Administrator kann per E-Mail kontaktiert werden: <a href=\"mailto:ewa.nieczypor@gmail.com\" target=\"_blank\" rel=\"noopener\">ewa.nieczypor@gmail.com<\/a> oder per Post an die folgende Adresse: Womenline Ewa Nieczypor Ma\u0142a Kamienica 81 58-512 Ma\u0142a Kamienica.<\/li>\n<li>Bei dem f\u00fcr die Verarbeitung Verantwortlichen ist ein Datenschutzbeauftragter ernannt worden, den Sie per E-Mail erreichen k\u00f6nnen:\u00a0<a href=\"mailto:ewa.nieczypor@gmail.com\" target=\"_blank\" rel=\"noopener\">ewa.nieczypor@gmail.com<\/a> oder per Post an die folgende Adresse: Womenline Ewa Nieczypor Ma\u0142a Kamienica 81 58-512 Ma\u0142a Kamienica.<\/li>\n<li>Ein separater Verwalter der personenbezogenen Daten der Nutzer im Rahmen ihrer Verwendung bei der Durchf\u00fchrung von Zahlungsvorg\u00e4ngen f\u00fcr Dienstleistungen ist Blue Media S.A. mit Sitz in Sopot, ul. Powsta\u0144c\u00f3w Warszawy 6, 81-718 Sopot, eingetragen im Unternehmerregister des Landesgerichtsregisters, das vom Amtsgericht in Pozna\u0144 - Nowe Miasto und Wilda in Pozna\u0144, VIII. Wirtschaftsabteilung des Landesgerichtsregisters gef\u00fchrt wird, unter der KRS-Nummer 0000320590, REGON: 191781561, NIP: 5851351185. Der Verwalter kann \u00fcber die E-Mail-Adresse kontaktiert werden:\u00a0<a href=\"mailto:odo@bm.pl\" target=\"_blank\" rel=\"noopener\">odo@bm.pl<\/a>\u00a0oder schriftlich an Blue Media S.A. ul. Powsta\u0144c\u00f3w Warszawy 6, 81-718 Sopot.<\/li>\n<li>Der Administrator handelt im Einklang mit der Verordnung (EU) 2016\/679 des Europ\u00e4ischen Parlaments und des Rates vom 27. April 2016 zum Schutz nat\u00fcrlicher Personen bei der Verarbeitung personenbezogener Daten, zum freien Datenverkehr und zur Aufhebung der Richtlinie 95\/46\/EG (im Folgenden \"RODO\"), einschlie\u00dflich insbesondere: angemessener Schutz der personenbezogenen Daten der Nutzer vor unrechtm\u00e4\u00dfigem Zugriff auf personenbezogene Daten durch Dritte, insbesondere Verschl\u00fcsselung personenbezogener Daten, Archivierung personenbezogener Daten, Bewertung der Sicherheitsma\u00dfnahmen f\u00fcr personenbezogene Daten, Gew\u00e4hrleistung der Vertraulichkeit, Integrit\u00e4t, Verf\u00fcgbarkeit und Widerstandsf\u00e4higkeit der Verarbeitungssysteme und -dienste.<\/li>\n<li>Die in den Service eingegebenen Benutzerdaten sind das Eigentum des Benutzers.<\/li>\n<li>Im Rahmen der gew\u00f6hnlichen Daten wie Vorname, Nachname, Geburtsdatum, Kontakttelefon, E-Mail (im Falle des Wunsches, eine Mehrwertsteuerrechnung zur Best\u00e4tigung des Kaufs von Dienstleistungen durch den Nutzer zu erhalten, der Firmenname, die Adressdaten der Firma und die NIP- und REGON-Nummern der Firma) werden die Daten des Nutzers nur verarbeitet, um die Nutzung der Funktionalit\u00e4ten der Website zu erm\u00f6glichen, um umfassende Laser-Haarentfernungsdienstleistungen zu erbringen, Beratungen und kosmetische Konsultationen und andere Dienstleistungen zu erteilen sowie Abrechnungen f\u00fcr die erworbenen Dienstleistungen vorzunehmen, zur Kontaktaufnahme und F\u00fchrung von Personendateien sowie zur eventuellen Feststellung, Untersuchung oder Abwehr von Anspr\u00fcchen, zu Beweis-, Analyse-, Archivierungs-, Abrechnungs- und Buchhaltungszwecken sowie f\u00fcr den Verwalter, um Produkte und Dienstleistungen direkt anzubieten (Direktmarketing), einschlie\u00dflich der Auswahl nach den Bed\u00fcrfnissen des Nutzers durch Profiling, das jedoch keine wesentlichen Auswirkungen auf die Situation des Nutzers hat und keine rechtlichen Folgen f\u00fcr ihn hat. Die Verarbeitung der Daten f\u00fcr diese Zwecke erfolgt auf der Grundlage von Artikel 6 Absatz 1 Buchstaben b), c) und f) der RODO, also wenn:\n<ul>\n<li>die Verarbeitung ist f\u00fcr die Erf\u00fcllung eines Vertrags, dessen Vertragspartei die betroffene Person ist, oder f\u00fcr Ma\u00dfnahmen erforderlich, die auf Antrag der betroffenen Person vor Abschluss eines Vertrags getroffen werden,<\/li>\n<li>die Verarbeitung ist f\u00fcr die Erf\u00fcllung einer dem Verwalter obliegenden rechtlichen Verpflichtung erforderlich,<\/li>\n<li>die Verarbeitung ist zur Wahrung der berechtigten Interessen des f\u00fcr die Verarbeitung Verantwortlichen oder eines Dritten erforderlich, sofern nicht die Interessen oder Grundrechte und Grundfreiheiten der betroffenen Person, die den Schutz personenbezogener Daten erfordern, \u00fcberwiegen.<\/li>\n<\/ul>\n<\/li>\n<li>Soweit die verarbeiteten Daten Daten einer besonderen Kategorie - Gesundheitsdaten - enthalten k\u00f6nnen, verarbeitet der Verwalter die Daten ausschlie\u00dflich zum Zweck der Erbringung umfassender Laser-Haarentfernungsdienstleistungen, der kosmetischen Beratung und Konsultation sowie der F\u00fchrung von Personalakten. Die Rechtsgrundlage f\u00fcr die Verarbeitung der Daten des Nutzers ist die Einwilligung gem\u00e4\u00df Artikel 9(2)(a) der RODO. Die Bereitstellung von Daten und die Einwilligung in die Verarbeitung von Gesundheitsdaten ist freiwillig; die Nichtbereitstellung dieser Daten oder die Nichterteilung der Einwilligung hat jedoch zur Folge, dass die Behandlung nicht durchgef\u00fchrt werden kann. Eine solche Zustimmung kann jederzeit widerrufen werden.<\/li>\n<li>Die Durchf\u00fchrung von Direktmarketing durch den Verwalter mittels Endger\u00e4ten (insbesondere Mobil- und Festnetztelefonen, Tablets, Computern) und automatischen Anrufsystemen an die vom Nutzer angegebene Telefonnummer und E-Mail-Adresse, die darin besteht, Marketingnachrichten \u00fcber die Produkte und Dienstleistungen des Verwalters und vom Verwalter organisierte Marketingaktionen zu empfangen und kommerzielle Informationen \u00fcber die vom Verwalter angebotenen Waren oder Dienstleistungen an die vom Nutzer angegebene E-Mail-Adresse zu senden, im Sinne des Gesetzes vom 18. Juli 2002 \u00fcber die Erbringung von Dienstleistungen auf elektronischem Wege (Dz.U.2017.1219 t.j. vom 2017.06.24) oder per Telefon im Sinne des Telekommunikationsgesetzes vom 16. Juli 2004 (Dz.U.2017.1907 t.j. vom 2017.10.12) zur Verf\u00fcgung gestellt hat, unterliegt der gesonderten Zustimmung des Nutzers gem\u00e4\u00df Artikel 6(1)(a) RODO. Die Bereitstellung von Daten und die Zustimmung zur Datenverarbeitung sind freiwillig. Diese Zustimmung kann jederzeit widerrufen werden - der Nutzer kann sich jederzeit gegen den Erhalt weiterer kommerzieller Informationen entscheiden, indem er die auf der Website angegebene Hotline-Nummer anruft oder das Unternehmen unter der folgenden E-Mail-Adresse kontaktiert\u00a0<a href=\"mailto:ewa.nieczypor@gmail.com\" target=\"_blank\" rel=\"noopener\">ewa.nieczypor@gmail.com<\/a>\u00a0oder schriftlich unter der in Absatz 2 oder 3 angegebenen Adresse.<\/li>\n<li>Der Nutzer hat das Recht auf:<\/li>\n<\/ol>\n<ol>\n<li style=\"list-style-type: none;\">\n<ol>\n<li>Zugang zu ihren Daten und erhalten eine Kopie ihrer Daten,<\/li>\n<li>die Berichtigung (\u00c4nderung) Ihrer Daten,<\/li>\n<li>L\u00f6schung - wenn es nach Ansicht des Nutzers keinen Grund f\u00fcr den Administrator gibt, seine Daten zu verarbeiten,<\/li>\n<li>Einschr\u00e4nkung der Datenverarbeitung - wenn der Administrator nach Ansicht des Nutzers \u00fcber unzutreffende Daten \u00fcber ihn verf\u00fcgt oder diese unzul\u00e4ssig verarbeitet; oder der Nutzer der L\u00f6schung der Daten nicht zustimmt, weil dies zur Feststellung, Geltendmachung oder Verteidigung von Anspr\u00fcchen erforderlich ist; oder f\u00fcr die Dauer des Widerspruchs des Nutzers gegen die Datenverarbeitung,<\/li>\n<li>Widerspruch gegen die Verarbeitung von Daten zu Zwecken des Direktmarketings, einschlie\u00dflich Profiling, und das Recht auf Widerspruch gegen die Verarbeitung von Daten auf der Grundlage eines berechtigten Interesses zu anderen Zwecken als dem des Direktmarketings, und wenn die Verarbeitung f\u00fcr den Administrator erforderlich ist, um eine Aufgabe zu erf\u00fcllen, die im \u00f6ffentlichen Interesse liegt oder zur Aus\u00fcbung einer uns \u00fcbertragenen \u00f6ffentlichen Gewalt,<\/li>\n<li>Daten\u00fcbertragbarkeit - Der Nutzer hat das Recht, seine personenbezogenen Daten, die er dem Administrator auf der Grundlage eines Vertrages oder einer Einwilligung zur Verf\u00fcgung gestellt hat, vom Administrator in einem strukturierten, allgemein gebr\u00e4uchlichen und maschinenlesbaren Format zu erhalten, oder der Nutzer kann den Administrator anweisen, diese Daten direkt an eine andere Stelle zu \u00fcbermitteln;,<\/li>\n<li>eine Beschwerde bei einer Aufsichtsbeh\u00f6rde einreichen - wenn der Nutzer der Meinung ist, dass der Administrator seine Daten unrechtm\u00e4\u00dfig verarbeitet, kann er eine Beschwerde beim Pr\u00e4sidenten des Amtes f\u00fcr den Schutz personenbezogener Daten oder einer anderen zust\u00e4ndigen Aufsichtsbeh\u00f6rde einreichen,<\/li>\n<li>Das Recht, die Zustimmung zur Verarbeitung personenbezogener Daten zu widerrufen - der Nutzer hat jederzeit das Recht, die Zustimmung zur Verarbeitung derjenigen personenbezogenen Daten zu widerrufen, die der Administrator auf der Grundlage seiner Zustimmung verarbeitet; der Widerruf der Zustimmung ber\u00fchrt nicht die Rechtm\u00e4\u00dfigkeit der Verarbeitung, die auf der Grundlage der Zustimmung vor ihrem Widerruf erfolgt ist.<\/li>\n<\/ol>\n<\/li>\n<li>Der Benutzer gibt alle Daten freiwillig und wissentlich an.<\/li>\n<li>Die folgenden Kategorien von Einrichtungen k\u00f6nnen Zugang zu den pers\u00f6nlichen Daten des Nutzers haben:\n<ol>\n<li>autorisierte Mitarbeiter und Partner des Administrators,<\/li>\n<li>Dienstleister, die dem Verwalter technische und organisatorische L\u00f6sungen zur Verf\u00fcgung stellen, die die Erbringung funktionaler Dienstleistungen erm\u00f6glichen (insbesondere Kurier- und Postdienste, IT-Dienste, Marketing-, Rechts- und Beratungsdienstleister sowie deren bevollm\u00e4chtigte Mitarbeiter und Partner),<\/li>\n<li>Einrichtungen, die Datenanalysen zum Zweck der Personalisierung von Werbung durchf\u00fchren und die in dieser Hinsicht gesonderte Verantwortliche sind, insbesondere Google LLc.<\/li>\n<\/ol>\n<\/li>\n<li>Die Daten werden auch an Empf\u00e4nger in Drittl\u00e4ndern (L\u00e4nder au\u00dferhalb des Europ\u00e4ischen Wirtschaftsraums wie z.B.: Google LLc. und The Rocket Science Group LLC d\/b\/a MailChimp) \u00fcbermittelt, die einer Zertifizierung unter dem EU-US Privacy Shield unterliegen, die der Nutzer jederzeit unter\u00a0<a href=\"https:\/\/www.privacyshield.gov\/list\/\" target=\"_blank\" rel=\"nofollow noopener\" data-saferedirecturl=\"https:\/\/www.google.com\/url?q=https:\/\/www.privacyshield.gov\/list\/&amp;source=gmail&amp;ust=1687265209995000&amp;usg=AOvVaw1lAh9YwM-GmTPBPZKAlPr1\">https:\/\/www.<wbr \/>privacyshield.gov\/list\/<\/a>. Au\u00dfer in den angegebenen F\u00e4llen wird der Administrator die von Ihnen zur Verf\u00fcgung gestellten personenbezogenen Daten nur dann in L\u00e4nder au\u00dferhalb des EWR \u00fcbermitteln oder deren \u00dcbermittlung genehmigen, wenn er die erforderlichen Ma\u00dfnahmen ergriffen hat, um sicherzustellen, dass die \u00dcbermittlung im Einklang mit der RODO steht. Zu den betreffenden Ma\u00dfnahmen kann insbesondere die \u00dcbermittlung personenbezogener Daten an einen Empf\u00e4nger in einem Land geh\u00f6ren, das gem\u00e4\u00df einer Entscheidung der Europ\u00e4ischen Kommission einen angemessenen Schutz personenbezogener Daten gew\u00e4hrleistet, oder an einen Empf\u00e4nger in den Vereinigten Staaten, der die Einhaltung des EU-US Privacy Shield-Programms zertifiziert hat.<\/li>\n<li>Im Zuge des Betriebs der Website nutzt der Administrator die Dienste von Google, wobei Google ein separater Verantwortlicher f\u00fcr die personenbezogenen Daten der Nutzer ist. Der Administrator bewirbt die Dienste mit Google AdWords. Die \u00fcber die Nutzer gesammelten Daten dienen der besseren Ausrichtung der Werbung und der F\u00f6rderung des Dienstinhabers und werden auch zur Entwicklung von Remarketing-Kampagnen verwendet. Der Administrator unternimmt besondere Anstrengungen, um die Nutzer zum Besuch des Dienstes zu ermutigen. Um seine Dienste zu verbessern und die Website zu erweitern, sammelt er daher mit Google Analytics Informationen \u00fcber das technische Profil des Nutzers in unpers\u00f6nlicher Form.<\/li>\n<li>Der Eigent\u00fcmer und Administrator kann statistische Daten \u00fcber die Beliebtheit und die Nutzung der verschiedenen von der Website angebotenen Dienste sammeln und diese mit anderen Unternehmen teilen. Diese Daten werden nur in anonymer und kollektiver Form weitergegeben, ohne dass die M\u00f6glichkeit besteht, auf ihrer Grundlage pers\u00f6nliche Daten der Nutzer zu extrahieren. Der Administrator kann die gesammelten statistischen Daten auch f\u00fcr Marketing-, Informations- und Statistikzwecke sowie f\u00fcr die Ver\u00f6ffentlichung in Medien wie Internet, Presse, Radio, Fernsehen, Mobilfunk und Festnetztelefonie verwenden.<\/li>\n<li>Die vom Nutzer zur Verf\u00fcgung gestellten personenbezogenen Daten werden in dem Umfang und f\u00fcr die Dauer verarbeitet, die erforderlich sind, um die Zwecke, f\u00fcr die sie erhoben wurden, zu erf\u00fcllen. Dieser Zeitraum l\u00e4sst sich nicht explizit festlegen und h\u00e4ngt von den Entscheidungen \u00fcber die Nutzung der Dienste des Verwalters ab, f\u00fcr die die Daten erhoben wurden. Im Zusammenhang mit abgelaufenen oder gek\u00fcndigten Vertr\u00e4gen richtet sich die Dauer der Verarbeitung personenbezogener Daten durch den Verwalter nach den Verj\u00e4hrungsfristen f\u00fcr zivilrechtliche Anspr\u00fcche und steuer- und buchhaltungsrechtliche Verpflichtungen, so dass wir die Daten nicht l\u00e4nger als 6 Jahre nach Vertragsende verarbeiten werden. Personenbezogene Daten, die f\u00fcr die von der Einwilligungserkl\u00e4rung erfassten Zwecke verarbeitet werden, werden f\u00fcr diese Zwecke so lange verarbeitet, bis die Einwilligung widerrufen wird.<\/li>\n<li>Dieser Service ist nicht f\u00fcr Kinder unter sechzehn Jahren konzipiert und richtet sich auch nicht an sie.<\/li>\n<li>Die Website sammelt nur die Informationen, die in den unten genannten Cookies enthalten sind, auf automatisierte Weise.<\/li>\n<li>Infolge Ihrer Nutzung der Website k\u00f6nnen Textdateien (so genannte Cookies) auf Ihren Ger\u00e4ten gespeichert werden, deren Zweck es ist, Ihren Zugang zur Website und deren Nutzung zu erleichtern sowie Ihre Pr\u00e4ferenzen und Ihr Verhalten zu untersuchen, um die Bereitstellung personalisierter Inhalte auf der Website zu erm\u00f6glichen und die Funktionsweise der Website zu verbessern. Au\u00dferdem werden durch Cookies Daten zu statistischen Zwecken gesammelt.<\/li>\n<li>Der Nutzer kann die Platzierung und Speicherung von Cookies auf der Ebene des von ihm verwendeten Webbrowsers deaktivieren. Wie Sie Cookies deaktivieren k\u00f6nnen, h\u00e4ngt von dem vom Nutzer verwendeten Internetbrowser ab. Detaillierte Informationen \u00fcber die M\u00f6glichkeit und die Methoden der Handhabung von Cookies finden Sie in den Einstellungen Ihrer Software (Webbrowser).<\/li>\n<li>Informationen \u00fcber die Verwaltung von Cookies in den verschiedenen Browsern finden Sie auf den Seiten, die den einzelnen Browsern gewidmet sind:\n<ol>\n<li>Firefox:\u00a0<a href=\"https:\/\/support.mozilla.org\/pl\/kb\/ciasteczka\" target=\"_blank\" rel=\"noopener\" data-saferedirecturl=\"https:\/\/www.google.com\/url?q=https:\/\/support.mozilla.org\/pl\/kb\/ciasteczka&amp;source=gmail&amp;ust=1687265209995000&amp;usg=AOvVaw3G2X3MELs6QvzlMyzTNV4J\">http:\/\/support.<wbr \/>mozilla.org\/de\/kb\/cookie<\/a>,<\/li>\n<li>Internet Explorer:\u00a0<a href=\"https:\/\/support.microsoft.com\/kb\/196955\/pl\" target=\"_blank\" rel=\"noopener\" data-saferedirecturl=\"https:\/\/www.google.com\/url?q=https:\/\/support.microsoft.com\/kb\/196955\/pl&amp;source=gmail&amp;ust=1687265209995000&amp;usg=AOvVaw2wQsI5adoE3sqZbC53UFAv\">http:\/\/support.<wbr \/>microsoft.com\/kb\/196955\/de<\/a>,<\/li>\n<li>Chrom:\u00a0<a href=\"https:\/\/support.google.com\/chrome\/bin\/answer.py?hl=pl&amp;answer=95647\" target=\"_blank\" rel=\"noopener\" data-saferedirecturl=\"https:\/\/www.google.com\/url?q=https:\/\/support.google.com\/chrome\/bin\/answer.py?hl%3Dpl%26answer%3D95647&amp;source=gmail&amp;ust=1687265209995000&amp;usg=AOvVaw22BqQaRfxae1fJOovk22-i\">http:\/\/support.google.<wbr \/>com\/chrome\/bin\/answer.py?hl=<wbr \/>en&amp;answer=95647,<\/a><\/li>\n<li>Oper:\u00a0<a href=\"http:\/\/help.opera.com\/Linux\/12.10\/pl\/cookies.html\" target=\"_blank\" rel=\"noopener\" data-saferedirecturl=\"https:\/\/www.google.com\/url?q=http:\/\/help.opera.com\/Linux\/12.10\/pl\/cookies.html&amp;source=gmail&amp;ust=1687265209995000&amp;usg=AOvVaw0Dl5B-44j5xyoFZ_0nJhZ4\">http:\/\/help.opera.com\/<wbr \/>Linux\/12.10\/de\/cookies.html<\/a>,<\/li>\n<li>Safari:\u00a0<a href=\"https:\/\/support.apple.com\/kb\/HT1677?viewlocale=pl_PL&amp;locale=pl_PL\" target=\"_blank\" rel=\"noopener\" data-saferedirecturl=\"https:\/\/www.google.com\/url?q=https:\/\/support.apple.com\/kb\/HT1677?viewlocale%3Dpl_PL%26locale%3Dpl_PL&amp;source=gmail&amp;ust=1687265209995000&amp;usg=AOvVaw0KVDo-XaGR3lZivvmOBEtq\">http:\/\/support.apple.<wbr \/>com\/kb\/HT1677?viewlocale=de_<wbr \/>DE&amp;locale=de_EN.<\/a><\/li>\n<\/ol>\n<\/li>\n<li>Womenline kann Cookies in zwei Arten sammeln - als \"Sitzungs\"-Dateien und \"permanente\" Dateien. Erstere sind tempor\u00e4re Dateien, die auf dem Ger\u00e4t des Nutzers verbleiben, bis sich der Nutzer von der Website abmeldet oder die Software (Webbrowser) schlie\u00dft. \"Permanente\" Dateien verbleiben auf dem Ger\u00e4t des Nutzers f\u00fcr die in den Parametern der \"Cookies\" angegebene Zeit oder bis sie vom Nutzer manuell gel\u00f6scht werden.<\/li>\n<li>Cookies werden auf dem Endger\u00e4t des Nutzers des Dienstes platziert und k\u00f6nnen auch von Werbetreibenden verwendet werden, die mit dem Administrator zusammenarbeiten. Cookies k\u00f6nnen insbesondere auch von Google verwendet werden, um Anzeigen zu schalten, die auf die Art und Weise, wie ein Nutzer die Website nutzt, zugeschnitten sind. Zu diesem Zweck k\u00f6nnen sie Informationen \u00fcber den Navigationspfad des Nutzers oder die auf einer bestimmten Seite verbrachte Zeit speichern. Was die vom Google-Werbenetzwerk gesammelten Informationen \u00fcber die Pr\u00e4ferenzen des Nutzers betrifft, so kann der Nutzer die aus den Cookies resultierenden Informationen mit Hilfe eines Tools einsehen und bearbeiten:\u00a0<a href=\"https:\/\/adssettings.google.com\/authenticated?hl=pl\" target=\"_blank\" rel=\"noopener\" data-saferedirecturl=\"https:\/\/www.google.com\/url?q=https:\/\/adssettings.google.com\/authenticated?hl%3Dpl&amp;source=gmail&amp;ust=1687265209995000&amp;usg=AOvVaw1B71YOMx8jg_YfmBKGq7F9\">https:\/\/<wbr \/>adssettings.google.com\/<wbr \/>authentifiziert?hl=de<\/a>. Der Eigent\u00fcmer der Website empfiehlt den Nutzern au\u00dferdem, die Datenschutzbestimmungen von Google Analytics zu lesen, um sich \u00fcber die Verwendung von Cookies in Statistiken zu informieren: Google Analytics-Datenschutzerkl\u00e4rung.\u00a0<a href=\"https:\/\/www.google.com\/analytics\/learn\/privacy.html?hl=pl\" target=\"_blank\" rel=\"noopener\" data-saferedirecturl=\"https:\/\/www.google.com\/url?q=https:\/\/www.google.com\/analytics\/learn\/privacy.html?hl%3Dpl&amp;source=gmail&amp;ust=1687265209995000&amp;usg=AOvVaw1Xr6dDPc7oZvzHdApKFSNn\">https:\/\/www.google.<wbr \/>com\/analytics\/learn\/privacy.<wbr \/>html?hl=de<\/a>.<\/li>\n<li>Der Administrator weist darauf hin, dass die Einschr\u00e4nkung der Verwendung von Cookies einige der auf der Website verf\u00fcgbaren Funktionalit\u00e4ten beeintr\u00e4chtigen und in extremen F\u00e4llen die Nutzung der Website unm\u00f6glich machen kann.<\/li>\n<\/ol>\n<p><!-- \/wp:heading --><\/p>\t\t\t\t\t\t\t\t<\/div>\n\t\t\t\t<\/div>\n\t\t\t\t\t<\/div>\n\t\t<\/div>\n\t\t\t\t\t<\/div>\n\t\t<\/section>\n\t\t\t\t<\/div>","protected":false},"excerpt":{"rendered":"<p>Polityka Prywatno\u015bci okre\u015bla zasady prywatno\u015bci i\u00a0przetwarzania danych osobowych u\u017cytkownik\u00f3w serwisu\u00a0www.zabieginacialo.com\u00a0prowadzonego w\u00a0sieci Internet (dalej jako\u00a0\u201eSerwis\u201d). Administratorem danych osobowych U\u017cytkownik\u00f3w jest Womenline Ewa Nieczypor, przy Pl. Wyszy\u0144skiego 54, 58-500 Jelenia G\u00f3ra, REGON 0212192475, NIP 6912192475.. Z Administratorem mo\u017cna si\u0119 kontaktowa\u0107 si\u0119 poprzez e-mail: ewa.nieczypor@gmail.com lub za po\u015brednictwem poczty tradycyjnej na adres: Womenline Ewa Nieczypor Ma\u0142a Kamienica 81 [&hellip;]<\/p>","protected":false},"author":1,"featured_media":0,"parent":0,"menu_order":0,"comment_status":"closed","ping_status":"open","template":"","meta":{"footnotes":""},"class_list":["post-3","page","type-page","status-publish","hentry"],"_links":{"self":[{"href":"https:\/\/zabiegilaserowe.com\/de\/wp-json\/wp\/v2\/pages\/3","targetHints":{"allow":["GET"]}}],"collection":[{"href":"https:\/\/zabiegilaserowe.com\/de\/wp-json\/wp\/v2\/pages"}],"about":[{"href":"https:\/\/zabiegilaserowe.com\/de\/wp-json\/wp\/v2\/types\/page"}],"author":[{"embeddable":true,"href":"https:\/\/zabiegilaserowe.com\/de\/wp-json\/wp\/v2\/users\/1"}],"replies":[{"embeddable":true,"href":"https:\/\/zabiegilaserowe.com\/de\/wp-json\/wp\/v2\/comments?post=3"}],"version-history":[{"count":18,"href":"https:\/\/zabiegilaserowe.com\/de\/wp-json\/wp\/v2\/pages\/3\/revisions"}],"predecessor-version":[{"id":3898,"href":"https:\/\/zabiegilaserowe.com\/de\/wp-json\/wp\/v2\/pages\/3\/revisions\/3898"}],"wp:attachment":[{"href":"https:\/\/zabiegilaserowe.com\/de\/wp-json\/wp\/v2\/media?parent=3"}],"curies":[{"name":"wp","href":"https:\/\/api.w.org\/{rel}","templated":true}]}}