{"id":1377,"date":"2023-06-14T14:42:33","date_gmt":"2023-06-14T12:42:33","guid":{"rendered":"https:\/\/zabiegilaserowe.com\/?page_id=1377"},"modified":"2025-01-18T17:26:25","modified_gmt":"2025-01-18T16:26:25","slug":"regulamin-korzystania-z-uslug-salonow","status":"publish","type":"page","link":"https:\/\/zabiegilaserowe.com\/de\/regulamin-korzystania-z-uslug-salonow\/","title":{"rendered":"Allgemeine Gesch\u00e4ftsbedingungen f\u00fcr Besuche im Womenline Salon"},"content":{"rendered":"<div data-elementor-type=\"wp-page\" data-elementor-id=\"1377\" class=\"elementor elementor-1377\" data-elementor-post-type=\"page\">\n\t\t\t\t<div class=\"elementor-element elementor-element-6152406 e-con-full e-flex e-con e-parent\" data-id=\"6152406\" data-element_type=\"container\">\n\t\t\t\t<div class=\"elementor-element elementor-element-f96fc9a elementor-widget elementor-widget-spacer\" data-id=\"f96fc9a\" data-element_type=\"widget\" data-widget_type=\"spacer.default\">\n\t\t\t\t<div class=\"elementor-widget-container\">\n\t\t\t\t\t\t\t<div class=\"elementor-spacer\">\n\t\t\t<div class=\"elementor-spacer-inner\"><\/div>\n\t\t<\/div>\n\t\t\t\t\t\t<\/div>\n\t\t\t\t<\/div>\n\t\t\t\t<div class=\"elementor-element elementor-element-98453ae elementor-widget elementor-widget-text-editor\" data-id=\"98453ae\" data-element_type=\"widget\" data-widget_type=\"text-editor.default\">\n\t\t\t\t<div class=\"elementor-widget-container\">\n\t\t\t\t\t\t\t\t\t<div class=\"WordSection1\"><h2 class=\"MsoNormal\" style=\"text-align: center;\"><span style=\"color: #000000;\"><b>Allgemeine Gesch\u00e4ftsbedingungen f\u00fcr den Besuch des Womenline Laser Depilation Salons in Jelenia G\u00f3ra <\/b><\/span><\/h2><p class=\"MsoNormal\" style=\"margin-left: 36.0pt;\"><span style=\"color: #000000;\"><b>\u00a7 1 Einen Besuch buchen<\/b><\/span><\/p><p class=\"MsoListParagraphCxSpFirst\" style=\"margin-left: 71.4pt; text-indent: -18.0pt;\"><span style=\"color: #000000;\">1.1<span style=\"font: 7.0pt 'Times New Roman';\">\u00a0\u00a0 <\/span>Um einen Termin im Sch\u00f6nheitssalon zu buchen, muss der Kunde eine Anzahlung von 50 PLN auf das angegebene Bankkonto oder \u00fcber BLIK payment leisten.<\/span><\/p><p class=\"MsoListParagraphCxSpMiddle\" style=\"margin-left: 71.4pt; text-indent: -18.0pt;\"><span style=\"color: #000000;\">1.2<span style=\"font: 7.0pt 'Times New Roman';\">\u00a0\u00a0 <\/span>Die Anzahlung muss innerhalb von 24 Stunden nach der Buchung geleistet werden. Wird die Zahlung nicht innerhalb der angegebenen Frist geleistet, wird der Besuch storniert.<\/span><\/p><p class=\"MsoListParagraphCxSpLast\" style=\"margin-left: 71.4pt; text-indent: -18.0pt;\"><span style=\"color: #000000;\">1.3<span style=\"font: 7.0pt 'Times New Roman';\">\u00a0\u00a0 <\/span>Kautionszahlungen sollten an folgende Adresse geleistet werden:<\/span><br \/><span style=\"color: #000000;\">Kontonummer: 43291000060000000002440028 Ewa Nieczypor-Korczyc <\/span><br \/><span style=\"color: #000000;\">Titel \u00fcbertragen: Name, Datum des Besuchs.<\/span><br \/><span style=\"color: #000000;\">Oder BLIK 519123846<\/span><\/p><p class=\"MsoNormal\" style=\"text-indent: 35.4pt;\"><span style=\"color: #000000;\"><b>\u00a7 2 Regeln f\u00fcr die R\u00fcckerstattung der Kaution<\/b><\/span><\/p><p class=\"MsoListParagraphCxSpFirst\" style=\"margin-left: 71.4pt; text-indent: -18.0pt;\"><span style=\"color: #000000;\">2.1<span style=\"font: 7.0pt 'Times New Roman';\">\u00a0\u00a0 <\/span>Die Kaution wird dem Kunden am Ende der Laser-Haarentfernungssitzung zur\u00fcckerstattet, sofern der Termin wie geplant durchgef\u00fchrt wurde.<\/span><\/p><p class=\"MsoListParagraphCxSpLast\" style=\"margin-left: 71.4pt; text-indent: -18.0pt;\"><span style=\"color: #000000;\">2.2<span style=\"font: 7.0pt 'Times New Roman';\">\u00a0\u00a0 <\/span>Im Falle einer Stornierung durch den Kunden mit weniger als 48 Stunden Vorlaufzeit oder bei Abwesenheit des Kunden wird die Anzahlung nicht zur\u00fcckerstattet.<\/span><\/p><p class=\"MsoNormal\" style=\"text-indent: 35.4pt;\"><span style=\"color: #000000;\"><b>\u00a7 3 \u00c4nderung der Ernennung<\/b><\/span><\/p><p class=\"MsoListParagraphCxSpFirst\" style=\"margin-left: 71.4pt; text-indent: -18.0pt;\"><span style=\"color: #000000;\">3.1<span style=\"font: 7.0pt 'Times New Roman';\">\u00a0\u00a0 <\/span>Der Kunde hat das Recht, seinen Termin zu verschieben, sofern er den Salon mindestens 48 Stunden im Voraus dar\u00fcber informiert.<\/span><\/p><p class=\"MsoListParagraphCxSpLast\" style=\"margin-left: 71.4pt; text-indent: -18.0pt;\"><span style=\"color: #000000;\">3.2<span style=\"font: 7.0pt 'Times New Roman';\">\u00a0\u00a0 <\/span>Wenn der Termin auf einen sp\u00e4teren Zeitpunkt verschoben wird, wird die Anzahlung auf den neuen Termin \u00fcbertragen.<\/span><\/p><p class=\"MsoNormal\" style=\"text-indent: 35.4pt;\"><span style=\"color: #000000;\"><b>\u00a7 4 Stornierung eines Besuchs durch den Salon<\/b><\/span><\/p><p class=\"MsoListParagraph\" style=\"margin-left: 70.9pt; text-indent: -18.0pt;\"><span style=\"color: #000000;\">4.1<span style=\"font: 7.0pt 'Times New Roman';\">\u00a0\u00a0 <\/span>Im Falle einer Stornierung durch den Salon wird dem Kunden die Anzahlung in voller H\u00f6he zur\u00fcckerstattet oder, mit Zustimmung des Kunden, auf einen anderen Termin \u00fcbertragen.<\/span><\/p><p class=\"MsoNormal\" style=\"margin-left: 36.0pt;\"><span style=\"color: #000000;\"><b>\u00a7 5 Sonstige Zahlungen<br \/><\/b><\/span><\/p><p class=\"MsoListParagraphCxSpFirst\" style=\"margin-left: 71.4pt; text-indent: -18.0pt;\"><span style=\"color: #000000;\">5.1<span style=\"font: 7.0pt 'Times New Roman';\">\u00a0\u00a0\u00a0<\/span>Der Restbetrag f\u00fcr die Behandlung ist am Ende des Besuchs zu zahlen, gem\u00e4\u00df der aktuellen Preisliste des Salons.<\/span><\/p><p class=\"MsoNormal\" style=\"margin-left: 36.0pt;\"><span style=\"color: #000000;\"><b>\u00a7 6 Schlussbestimmungen<br \/><\/b><\/span><\/p><p class=\"MsoListParagraphCxSpFirst\" style=\"margin-left: 71.4pt; text-indent: -18.0pt;\"><span style=\"color: #000000;\">6.1<span style=\"font: 7.0pt 'Times New Roman';\">\u00a0\u00a0 <\/span>Mit einer Buchung akzeptiert der Kunde die oben genannten Bestimmungen.<\/span><\/p><p class=\"MsoListParagraphCxSpMiddle\" style=\"margin-left: 71.4pt; text-indent: -18.0pt;\"><span style=\"color: #000000;\">6.2<span style=\"font: 7.0pt 'Times New Roman';\">\u00a0\u00a0 <\/span>Der Salon beh\u00e4lt sich das Recht vor, die Regeln und Vorschriften zu \u00e4ndern, wor\u00fcber die Kunden im Voraus informiert werden.<\/span><\/p><p class=\"MsoListParagraphCxSpLast\" style=\"margin-left: 71.4pt; text-indent: -18.0pt;\">\u00a0<\/p><\/div>\t\t\t\t\t\t\t\t<\/div>\n\t\t\t\t<\/div>\n\t\t\t\t<\/div>\n\t\t\t\t<\/div>","protected":false},"excerpt":{"rendered":"<p>Allgemeine Gesch\u00e4ftsbedingungen f\u00fcr Besuche im Womenline Laser Depilation Salon in Jelenia G\u00f3ra \u00a7 1 Buchung eines Besuchs 1.1 Um einen Besuch im Sch\u00f6nheitssalon zu buchen, muss der Kunde eine Anzahlung von 50 PLN auf das angegebene Bankkonto oder per BLIK-Zahlung leisten. 1.2 Die Anzahlung muss innerhalb von 24 Stunden nach der Buchung geleistet werden. Bei Nichtbezahlung [...]<\/p>","protected":false},"author":1,"featured_media":0,"parent":0,"menu_order":0,"comment_status":"closed","ping_status":"closed","template":"","meta":{"footnotes":""},"class_list":["post-1377","page","type-page","status-publish","hentry"],"_links":{"self":[{"href":"https:\/\/zabiegilaserowe.com\/de\/wp-json\/wp\/v2\/pages\/1377","targetHints":{"allow":["GET"]}}],"collection":[{"href":"https:\/\/zabiegilaserowe.com\/de\/wp-json\/wp\/v2\/pages"}],"about":[{"href":"https:\/\/zabiegilaserowe.com\/de\/wp-json\/wp\/v2\/types\/page"}],"author":[{"embeddable":true,"href":"https:\/\/zabiegilaserowe.com\/de\/wp-json\/wp\/v2\/users\/1"}],"replies":[{"embeddable":true,"href":"https:\/\/zabiegilaserowe.com\/de\/wp-json\/wp\/v2\/comments?post=1377"}],"version-history":[{"count":22,"href":"https:\/\/zabiegilaserowe.com\/de\/wp-json\/wp\/v2\/pages\/1377\/revisions"}],"predecessor-version":[{"id":3001,"href":"https:\/\/zabiegilaserowe.com\/de\/wp-json\/wp\/v2\/pages\/1377\/revisions\/3001"}],"wp:attachment":[{"href":"https:\/\/zabiegilaserowe.com\/de\/wp-json\/wp\/v2\/media?parent=1377"}],"curies":[{"name":"wp","href":"https:\/\/api.w.org\/{rel}","templated":true}]}}