{"id":2144,"date":"2023-08-06T21:59:58","date_gmt":"2023-08-06T19:59:58","guid":{"rendered":"https:\/\/zabiegilaserowe.com\/?post_type=product&#038;p=2144"},"modified":"2023-08-06T22:00:34","modified_gmt":"2023-08-06T20:00:34","slug":"pakiet-cale-cialo-1-5-h","status":"publish","type":"product","link":"https:\/\/zabiegilaserowe.com\/cs\/produkt\/pakiet-cale-cialo-1-5-h\/","title":{"rendered":"Bal\u00ed\u010dek pro cel\u00e9 t\u011blo (1,5 h)"},"content":{"rendered":"","protected":false},"excerpt":{"rendered":"","protected":false},"featured_media":2143,"comment_status":"open","ping_status":"closed","template":"","meta":[],"product_brand":[],"product_cat":[23],"product_tag":[],"class_list":{"0":"post-2144","1":"product","2":"type-product","3":"status-publish","4":"has-post-thumbnail","6":"product_cat-bez-kategorii","8":"first","9":"instock","10":"virtual","11":"taxable","12":"purchasable","13":"product-type-simple"},"_links":{"self":[{"href":"https:\/\/zabiegilaserowe.com\/cs\/wp-json\/wp\/v2\/product\/2144","targetHints":{"allow":["GET"]}}],"collection":[{"href":"https:\/\/zabiegilaserowe.com\/cs\/wp-json\/wp\/v2\/product"}],"about":[{"href":"https:\/\/zabiegilaserowe.com\/cs\/wp-json\/wp\/v2\/types\/product"}],"replies":[{"embeddable":true,"href":"https:\/\/zabiegilaserowe.com\/cs\/wp-json\/wp\/v2\/comments?post=2144"}],"version-history":[{"count":1,"href":"https:\/\/zabiegilaserowe.com\/cs\/wp-json\/wp\/v2\/product\/2144\/revisions"}],"predecessor-version":[{"id":2145,"href":"https:\/\/zabiegilaserowe.com\/cs\/wp-json\/wp\/v2\/product\/2144\/revisions\/2145"}],"wp:featuredmedia":[{"embeddable":true,"href":"https:\/\/zabiegilaserowe.com\/cs\/wp-json\/wp\/v2\/media\/2143"}],"wp:attachment":[{"href":"https:\/\/zabiegilaserowe.com\/cs\/wp-json\/wp\/v2\/media?parent=2144"}],"wp:term":[{"taxonomy":"product_brand","embeddable":true,"href":"https:\/\/zabiegilaserowe.com\/cs\/wp-json\/wp\/v2\/product_brand?post=2144"},{"taxonomy":"product_cat","embeddable":true,"href":"https:\/\/zabiegilaserowe.com\/cs\/wp-json\/wp\/v2\/product_cat?post=2144"},{"taxonomy":"product_tag","embeddable":true,"href":"https:\/\/zabiegilaserowe.com\/cs\/wp-json\/wp\/v2\/product_tag?post=2144"}],"curies":[{"name":"wp","href":"https:\/\/api.w.org\/{rel}","templated":true}]}}