{"id":2127,"date":"2023-08-06T21:43:45","date_gmt":"2023-08-06T19:43:45","guid":{"rendered":"https:\/\/zabiegilaserowe.com\/?post_type=product&#038;p=2127"},"modified":"2023-08-06T21:50:50","modified_gmt":"2023-08-06T19:50:50","slug":"pakiet-6-zabiegow-bikini-i-pachy-30-minut","status":"publish","type":"product","link":"https:\/\/zabiegilaserowe.com\/cs\/produkt\/pakiet-6-zabiegow-bikini-i-pachy-30-minut\/","title":{"rendered":"Bal\u00ed\u010dek 6 o\u0161et\u0159en\u00ed bikin a podpa\u017e\u00ed 30 minut"},"content":{"rendered":"","protected":false},"excerpt":{"rendered":"","protected":false},"featured_media":2115,"comment_status":"open","ping_status":"closed","template":"","meta":[],"product_brand":[],"product_cat":[23],"product_tag":[],"class_list":{"0":"post-2127","1":"product","2":"type-product","3":"status-publish","4":"has-post-thumbnail","6":"product_cat-bez-kategorii","8":"first","9":"instock","10":"virtual","11":"taxable","12":"purchasable","13":"product-type-simple"},"_links":{"self":[{"href":"https:\/\/zabiegilaserowe.com\/cs\/wp-json\/wp\/v2\/product\/2127","targetHints":{"allow":["GET"]}}],"collection":[{"href":"https:\/\/zabiegilaserowe.com\/cs\/wp-json\/wp\/v2\/product"}],"about":[{"href":"https:\/\/zabiegilaserowe.com\/cs\/wp-json\/wp\/v2\/types\/product"}],"replies":[{"embeddable":true,"href":"https:\/\/zabiegilaserowe.com\/cs\/wp-json\/wp\/v2\/comments?post=2127"}],"version-history":[{"count":1,"href":"https:\/\/zabiegilaserowe.com\/cs\/wp-json\/wp\/v2\/product\/2127\/revisions"}],"predecessor-version":[{"id":2133,"href":"https:\/\/zabiegilaserowe.com\/cs\/wp-json\/wp\/v2\/product\/2127\/revisions\/2133"}],"wp:featuredmedia":[{"embeddable":true,"href":"https:\/\/zabiegilaserowe.com\/cs\/wp-json\/wp\/v2\/media\/2115"}],"wp:attachment":[{"href":"https:\/\/zabiegilaserowe.com\/cs\/wp-json\/wp\/v2\/media?parent=2127"}],"wp:term":[{"taxonomy":"product_brand","embeddable":true,"href":"https:\/\/zabiegilaserowe.com\/cs\/wp-json\/wp\/v2\/product_brand?post=2127"},{"taxonomy":"product_cat","embeddable":true,"href":"https:\/\/zabiegilaserowe.com\/cs\/wp-json\/wp\/v2\/product_cat?post=2127"},{"taxonomy":"product_tag","embeddable":true,"href":"https:\/\/zabiegilaserowe.com\/cs\/wp-json\/wp\/v2\/product_tag?post=2127"}],"curies":[{"name":"wp","href":"https:\/\/api.w.org\/{rel}","templated":true}]}}