{"id":2121,"date":"2023-08-06T21:38:20","date_gmt":"2023-08-06T19:38:20","guid":{"rendered":"https:\/\/zabiegilaserowe.com\/?post_type=product&#038;p=2121"},"modified":"2024-05-07T21:51:04","modified_gmt":"2024-05-07T19:51:04","slug":"pakiet-6-zabiegow-nogi-bikini-i-pachy-60-minut","status":"publish","type":"product","link":"https:\/\/zabiegilaserowe.com\/cs\/produkt\/pakiet-6-zabiegow-nogi-bikini-i-pachy-60-minut\/","title":{"rendered":"Bal\u00ed\u010dek 6 o\u0161et\u0159en\u00ed nohou, bikin a podpa\u017e\u00ed 60 minut"},"content":{"rendered":"","protected":false},"excerpt":{"rendered":"","protected":false},"featured_media":2120,"comment_status":"open","ping_status":"closed","template":"","meta":[],"product_brand":[],"product_cat":[23],"product_tag":[],"class_list":{"0":"post-2121","1":"product","2":"type-product","3":"status-publish","4":"has-post-thumbnail","6":"product_cat-bez-kategorii","8":"first","9":"instock","10":"sale","11":"virtual","12":"taxable","13":"purchasable","14":"product-type-simple"},"_links":{"self":[{"href":"https:\/\/zabiegilaserowe.com\/cs\/wp-json\/wp\/v2\/product\/2121","targetHints":{"allow":["GET"]}}],"collection":[{"href":"https:\/\/zabiegilaserowe.com\/cs\/wp-json\/wp\/v2\/product"}],"about":[{"href":"https:\/\/zabiegilaserowe.com\/cs\/wp-json\/wp\/v2\/types\/product"}],"replies":[{"embeddable":true,"href":"https:\/\/zabiegilaserowe.com\/cs\/wp-json\/wp\/v2\/comments?post=2121"}],"version-history":[{"count":1,"href":"https:\/\/zabiegilaserowe.com\/cs\/wp-json\/wp\/v2\/product\/2121\/revisions"}],"predecessor-version":[{"id":2122,"href":"https:\/\/zabiegilaserowe.com\/cs\/wp-json\/wp\/v2\/product\/2121\/revisions\/2122"}],"wp:featuredmedia":[{"embeddable":true,"href":"https:\/\/zabiegilaserowe.com\/cs\/wp-json\/wp\/v2\/media\/2120"}],"wp:attachment":[{"href":"https:\/\/zabiegilaserowe.com\/cs\/wp-json\/wp\/v2\/media?parent=2121"}],"wp:term":[{"taxonomy":"product_brand","embeddable":true,"href":"https:\/\/zabiegilaserowe.com\/cs\/wp-json\/wp\/v2\/product_brand?post=2121"},{"taxonomy":"product_cat","embeddable":true,"href":"https:\/\/zabiegilaserowe.com\/cs\/wp-json\/wp\/v2\/product_cat?post=2121"},{"taxonomy":"product_tag","embeddable":true,"href":"https:\/\/zabiegilaserowe.com\/cs\/wp-json\/wp\/v2\/product_tag?post=2121"}],"curies":[{"name":"wp","href":"https:\/\/api.w.org\/{rel}","templated":true}]}}