{"id":1153,"date":"2023-06-12T11:06:33","date_gmt":"2023-06-12T09:06:33","guid":{"rendered":"https:\/\/zabiegilaserowe.com\/?post_type=product&#038;p=1153"},"modified":"2024-05-07T21:48:35","modified_gmt":"2024-05-07T19:48:35","slug":"depilacja-laserowa-pachy-bikini-50-off","status":"publish","type":"product","link":"https:\/\/zabiegilaserowe.com\/cs\/produkt\/depilacja-laserowa-pachy-bikini-50-off\/","title":{"rendered":"Laserov\u00e1 depilace podpa\u017e\u00ed + bikin 50% OFF"},"content":{"rendered":"","protected":false},"excerpt":{"rendered":"<p>V\u00e1\u017een\u00fd z\u00e1kazn\u00edku,<\/p>\n<p>V\u00e1\u017een\u00fd pane\/pan\u00ed,<\/p>\n<p>S pot\u011b\u0161en\u00edm v\u00e1m p\u0159edstavujeme na\u0161i zaj\u00edmavou speci\u00e1ln\u00ed nab\u00eddku: laserov\u00e1 epilace podpa\u017e\u00ed a bikin se slevou 50% p\u0159i zakoupen\u00ed bal\u00ed\u010dku 6 o\u0161et\u0159en\u00ed. Vyu\u017eijte t\u00e9to jedine\u010dn\u00e9 p\u0159\u00edle\u017eitosti a dos\u00e1hn\u011bte hladkosti a pohodl\u00ed, o jak\u00e9m jste v\u017edy snili.<\/p>\n<p>Na\u0161e nab\u00eddka zahrnuje:<\/p>\n<ol>\n<li>Profesion\u00e1ln\u00ed laserov\u00e1 epilace podpa\u017e\u00ed.<\/li>\n<li>Laserov\u00e1 depilace bikin - mo\u017enost volby m\u011blk\u00e9 nebo hlubok\u00e9 depilace.<\/li>\n<li>Bal\u00ed\u010dek 6 o\u0161et\u0159en\u00ed pro optim\u00e1ln\u00ed a trval\u00e9 v\u00fdsledky.<\/li>\n<li>P\u0159\u00edstup ke kvalifikovan\u00fdm odborn\u00edk\u016fm, kte\u0159\u00ed zajist\u00ed va\u0161e pohodl\u00ed a bezpe\u010dnost b\u011bhem l\u00e9\u010dby.<\/li>\n<\/ol>\n<p>Zapome\u0148te na nepohodl\u00ed tradi\u010dn\u00edch metod odstra\u0148ov\u00e1n\u00ed chloupk\u016f, jako je holen\u00ed nebo depilace voskem. Vyberte si na\u0161i speci\u00e1ln\u00ed nab\u00eddku a u\u017eijte si hladkou a kr\u00e1snou poko\u017eku s men\u0161\u00ed n\u00e1mahou a za ni\u017e\u0161\u00ed cenu.<\/p>\n<p>Nab\u00eddka plat\u00ed do 12.08.2023, tak si nenechte tuto p\u0159\u00edle\u017eitost uj\u00edt!<\/p>\n<p>Chcete-li nab\u00eddku vyu\u017e\u00edt nebo se dozv\u011bd\u011bt v\u00edce, kontaktujte n\u00e1s. Jsme v\u00e1m k dispozici, abychom v\u00e1m zodpov\u011bd\u011bli v\u0161echny va\u0161e dotazy a zajistili o\u0161et\u0159en\u00ed.<\/p>\n<p>S pozdravem,<\/p>\n<p>S pozdravem, Ewa Nieczypor-Korczyc<\/p>","protected":false},"featured_media":1402,"comment_status":"open","ping_status":"closed","template":"","meta":[],"product_brand":[],"product_cat":[23],"product_tag":[],"class_list":{"0":"post-1153","1":"product","2":"type-product","3":"status-publish","4":"has-post-thumbnail","6":"product_cat-bez-kategorii","8":"first","9":"instock","10":"sale","11":"virtual","12":"taxable","13":"purchasable","14":"product-type-simple"},"_links":{"self":[{"href":"https:\/\/zabiegilaserowe.com\/cs\/wp-json\/wp\/v2\/product\/1153","targetHints":{"allow":["GET"]}}],"collection":[{"href":"https:\/\/zabiegilaserowe.com\/cs\/wp-json\/wp\/v2\/product"}],"about":[{"href":"https:\/\/zabiegilaserowe.com\/cs\/wp-json\/wp\/v2\/types\/product"}],"replies":[{"embeddable":true,"href":"https:\/\/zabiegilaserowe.com\/cs\/wp-json\/wp\/v2\/comments?post=1153"}],"version-history":[{"count":2,"href":"https:\/\/zabiegilaserowe.com\/cs\/wp-json\/wp\/v2\/product\/1153\/revisions"}],"predecessor-version":[{"id":1982,"href":"https:\/\/zabiegilaserowe.com\/cs\/wp-json\/wp\/v2\/product\/1153\/revisions\/1982"}],"wp:featuredmedia":[{"embeddable":true,"href":"https:\/\/zabiegilaserowe.com\/cs\/wp-json\/wp\/v2\/media\/1402"}],"wp:attachment":[{"href":"https:\/\/zabiegilaserowe.com\/cs\/wp-json\/wp\/v2\/media?parent=1153"}],"wp:term":[{"taxonomy":"product_brand","embeddable":true,"href":"https:\/\/zabiegilaserowe.com\/cs\/wp-json\/wp\/v2\/product_brand?post=1153"},{"taxonomy":"product_cat","embeddable":true,"href":"https:\/\/zabiegilaserowe.com\/cs\/wp-json\/wp\/v2\/product_cat?post=1153"},{"taxonomy":"product_tag","embeddable":true,"href":"https:\/\/zabiegilaserowe.com\/cs\/wp-json\/wp\/v2\/product_tag?post=1153"}],"curies":[{"name":"wp","href":"https:\/\/api.w.org\/{rel}","templated":true}]}}