{"id":914,"date":"2023-06-09T15:40:08","date_gmt":"2023-06-09T13:40:08","guid":{"rendered":"https:\/\/zabiegilaserowe.com\/moje-konto\/"},"modified":"2023-06-20T18:55:21","modified_gmt":"2023-06-20T16:55:21","slug":"moje-konto","status":"publish","type":"page","link":"https:\/\/zabiegilaserowe.com\/cs\/moje-konto\/","title":{"rendered":"M\u016fj \u00fa\u010det"},"content":{"rendered":"<div data-elementor-type=\"wp-page\" data-elementor-id=\"914\" class=\"elementor elementor-914\" data-elementor-post-type=\"page\">\n\t\t\t\t\t\t<section class=\"elementor-section elementor-top-section elementor-element elementor-element-48ee1a2 elementor-section-stretched elementor-section-boxed elementor-section-height-default elementor-section-height-default\" data-id=\"48ee1a2\" data-element_type=\"section\" data-settings=\"{&quot;stretch_section&quot;:&quot;section-stretched&quot;,&quot;background_background&quot;:&quot;classic&quot;}\">\n\t\t\t\t\t\t<div class=\"elementor-container elementor-column-gap-default\">\n\t\t\t\t\t<div class=\"elementor-column elementor-col-100 elementor-top-column elementor-element elementor-element-4cb29b6\" data-id=\"4cb29b6\" data-element_type=\"column\">\n\t\t\t<div class=\"elementor-widget-wrap elementor-element-populated\">\n\t\t\t\t\t\t<div class=\"elementor-element elementor-element-23fa24f elementor-widget elementor-widget-spacer\" data-id=\"23fa24f\" data-element_type=\"widget\" data-widget_type=\"spacer.default\">\n\t\t\t\t<div class=\"elementor-widget-container\">\n\t\t\t\t\t\t\t<div class=\"elementor-spacer\">\n\t\t\t<div class=\"elementor-spacer-inner\"><\/div>\n\t\t<\/div>\n\t\t\t\t\t\t<\/div>\n\t\t\t\t<\/div>\n\t\t\t\t<div class=\"elementor-element elementor-element-f164a93 text-center elementor-widget elementor-widget-tp-heading-title\" data-id=\"f164a93\" data-element_type=\"widget\" data-widget_type=\"tp-heading-title.default\">\n\t\t\t\t<div class=\"elementor-widget-container\">\n\t\t\t\t\t<div class=\"heading heading_style heading_style69e88c5ea556a style-2\" ><div class=\"sub-style\"  ><div class=\"head-title\" > <h2  class=\"heading-title\"   data-hover=\"Moje Konto\">M\u016fj \u00fa\u010det<\/h2><\/div><\/div><\/div>\t\t\t\t<\/div>\n\t\t\t\t<\/div>\n\t\t\t\t<div class=\"elementor-element elementor-element-1459798 elementor-widget elementor-widget-spacer\" data-id=\"1459798\" data-element_type=\"widget\" data-widget_type=\"spacer.default\">\n\t\t\t\t<div class=\"elementor-widget-container\">\n\t\t\t\t\t\t\t<div class=\"elementor-spacer\">\n\t\t\t<div class=\"elementor-spacer-inner\"><\/div>\n\t\t<\/div>\n\t\t\t\t\t\t<\/div>\n\t\t\t\t<\/div>\n\t\t\t\t<div class=\"elementor-element elementor-element-3787bba elementor-widget elementor-widget-tp-woo-myaccount\" data-id=\"3787bba\" data-element_type=\"widget\" data-widget_type=\"tp-woo-myaccount.default\">\n\t\t\t\t<div class=\"elementor-widget-container\">\n\t\t\t\t\t<div class=\"tp-myaccount-page-wrapper tp_ma_l_1\"><div class=\"woocommerce\"><\/div><\/div>\t\t\t\t<\/div>\n\t\t\t\t<\/div>\n\t\t\t\t<div class=\"elementor-element elementor-element-6aa5529 elementor-widget elementor-widget-spacer\" data-id=\"6aa5529\" data-element_type=\"widget\" data-widget_type=\"spacer.default\">\n\t\t\t\t<div class=\"elementor-widget-container\">\n\t\t\t\t\t\t\t<div class=\"elementor-spacer\">\n\t\t\t<div class=\"elementor-spacer-inner\"><\/div>\n\t\t<\/div>\n\t\t\t\t\t\t<\/div>\n\t\t\t\t<\/div>\n\t\t\t\t\t<\/div>\n\t\t<\/div>\n\t\t\t\t\t<\/div>\n\t\t<\/section>\n\t\t\t\t<\/div>","protected":false},"excerpt":{"rendered":"<p>M\u016fj \u00fa\u010det Kokpit Objedn\u00e1vky Ke sta\u017een\u00ed Adresy \u00dadaje o \u00fa\u010dtu Odhl\u00e1sit se V\u00edtejte Aneta Kencler (nejste Aneta Kencler? Odhl\u00e1sit se) V nastaven\u00ed sv\u00e9ho \u00fa\u010dtu si m\u016f\u017eete prohl\u00e9dnout sv\u00e9 posledn\u00ed objedn\u00e1vky, spravovat sv\u00e9 platebn\u00ed a dodac\u00ed adresy a zm\u011bnit sv\u00e9 heslo a \u00fadaje o \u00fa\u010dtu.<\/p>","protected":false},"author":1,"featured_media":0,"parent":0,"menu_order":0,"comment_status":"closed","ping_status":"closed","template":"","meta":{"footnotes":""},"class_list":["post-914","page","type-page","status-publish","hentry"],"_links":{"self":[{"href":"https:\/\/zabiegilaserowe.com\/cs\/wp-json\/wp\/v2\/pages\/914","targetHints":{"allow":["GET"]}}],"collection":[{"href":"https:\/\/zabiegilaserowe.com\/cs\/wp-json\/wp\/v2\/pages"}],"about":[{"href":"https:\/\/zabiegilaserowe.com\/cs\/wp-json\/wp\/v2\/types\/page"}],"author":[{"embeddable":true,"href":"https:\/\/zabiegilaserowe.com\/cs\/wp-json\/wp\/v2\/users\/1"}],"replies":[{"embeddable":true,"href":"https:\/\/zabiegilaserowe.com\/cs\/wp-json\/wp\/v2\/comments?post=914"}],"version-history":[{"count":9,"href":"https:\/\/zabiegilaserowe.com\/cs\/wp-json\/wp\/v2\/pages\/914\/revisions"}],"predecessor-version":[{"id":1979,"href":"https:\/\/zabiegilaserowe.com\/cs\/wp-json\/wp\/v2\/pages\/914\/revisions\/1979"}],"wp:attachment":[{"href":"https:\/\/zabiegilaserowe.com\/cs\/wp-json\/wp\/v2\/media?parent=914"}],"curies":[{"name":"wp","href":"https:\/\/api.w.org\/{rel}","templated":true}]}}