{"id":2033,"date":"2023-07-30T18:38:39","date_gmt":"2023-07-30T16:38:39","guid":{"rendered":"https:\/\/zabiegilaserowe.com\/?page_id=2033"},"modified":"2023-07-30T18:57:07","modified_gmt":"2023-07-30T16:57:07","slug":"poliabrazja","status":"publish","type":"page","link":"https:\/\/zabiegilaserowe.com\/cs\/poliabrazja\/","title":{"rendered":"polyabraze"},"content":{"rendered":"<div data-elementor-type=\"wp-page\" data-elementor-id=\"2033\" class=\"elementor elementor-2033\" data-elementor-post-type=\"page\">\n\t\t\t\t\t\t<section class=\"elementor-section elementor-top-section elementor-element elementor-element-6a333a85 elementor-section-full_width elementor-section-height-min-height elementor-section-items-stretch elementor-section-content-middle elementor-section-height-default\" data-id=\"6a333a85\" data-element_type=\"section\">\n\t\t\t\t\t\t<div class=\"elementor-container elementor-column-gap-no\">\n\t\t\t\t\t<div class=\"elementor-column elementor-col-50 elementor-top-column elementor-element elementor-element-7e57c6af\" data-id=\"7e57c6af\" data-element_type=\"column\" data-settings=\"{&quot;background_background&quot;:&quot;classic&quot;}\">\n\t\t\t<div class=\"elementor-widget-wrap elementor-element-populated\">\n\t\t\t\t\t\t<div class=\"elementor-element elementor-element-38dfe8d9 elementor-widget-tablet__width-initial elementor-widget elementor-widget-spacer\" data-id=\"38dfe8d9\" data-element_type=\"widget\" data-widget_type=\"spacer.default\">\n\t\t\t\t<div class=\"elementor-widget-container\">\n\t\t\t\t\t\t\t<div class=\"elementor-spacer\">\n\t\t\t<div class=\"elementor-spacer-inner\"><\/div>\n\t\t<\/div>\n\t\t\t\t\t\t<\/div>\n\t\t\t\t<\/div>\n\t\t\t\t\t<\/div>\n\t\t<\/div>\n\t\t\t\t<div class=\"elementor-column elementor-col-50 elementor-top-column elementor-element elementor-element-5d09ce0e\" data-id=\"5d09ce0e\" data-element_type=\"column\" data-settings=\"{&quot;background_background&quot;:&quot;classic&quot;}\">\n\t\t\t<div class=\"elementor-widget-wrap elementor-element-populated\">\n\t\t\t\t\t\t<div class=\"elementor-element elementor-element-40eb3a23 elementor-widget elementor-widget-heading\" data-id=\"40eb3a23\" data-element_type=\"widget\" data-widget_type=\"heading.default\">\n\t\t\t\t<div class=\"elementor-widget-container\">\n\t\t\t\t\t<h4 class=\"elementor-heading-title elementor-size-default\">\u010cist\u00edc\u00ed k\u00fara - ide\u00e1ln\u00ed pro l\u00e9to a mimo....<\/h4>\t\t\t\t<\/div>\n\t\t\t\t<\/div>\n\t\t\t\t<div class=\"elementor-element elementor-element-194a899a elementor-widget elementor-widget-text-editor\" data-id=\"194a899a\" data-element_type=\"widget\" data-widget_type=\"text-editor.default\">\n\t\t\t\t<div class=\"elementor-widget-container\">\n\t\t\t\t\t\t\t\t\t<p>O\u0161et\u0159en\u00ed se doporu\u010duje klient\u016fm v\u0161ech v\u011bkov\u00fdch kategori\u00ed. D\u00edky speci\u00e1ln\u011b vyvinut\u00e9 technologii je o\u0161et\u0159en\u00ed bezpe\u010dn\u00e9 pro ka\u017edou ple\u0165. C\u00edlem o\u0161et\u0159en\u00ed je vy\u010distit a vy\u017eivit ple\u0165.<\/p><p>O\u0161et\u0159en\u00ed se prov\u00e1d\u00ed v kombinaci s terapi\u00ed Arosha - na m\u00edru individu\u00e1ln\u00edm pot\u0159eb\u00e1m klienta.<\/p><p>Jedn\u00e1 se o steriln\u00ed a inovativn\u00ed o\u0161et\u0159en\u00ed, p\u0159i kter\u00e9m se odstra\u0148uj\u00ed odum\u0159el\u00e9 ko\u017en\u00ed bu\u0148ky. Toho je dosa\u017eeno kombinac\u00ed chemick\u00e9ho peelingu a mechanick\u00e9 pr\u00e1ce rota\u010dn\u00ed hlavice. Poko\u017eka je jemn\u011b vy\u010di\u0161t\u011bna, co\u017e klient\u016fm zaru\u010duje velmi p\u0159\u00edjemn\u00fd pocit.<\/p>\t\t\t\t\t\t\t\t<\/div>\n\t\t\t\t<\/div>\n\t\t\t\t<div class=\"elementor-element elementor-element-d6fae3b elementor-widget elementor-widget-heading\" data-id=\"d6fae3b\" data-element_type=\"widget\" data-widget_type=\"heading.default\">\n\t\t\t\t<div class=\"elementor-widget-container\">\n\t\t\t\t\t<h4 class=\"elementor-heading-title elementor-size-default\">O\u0161et\u0159en\u00ed POLYABRASIA v\u00fdrazn\u011b zlep\u0161uje propustnost epidermis, co\u017e umo\u017e\u0148uje velmi \u00fa\u010dinn\u011b zav\u00e1d\u011bt \u00fa\u010dinn\u00e9 l\u00e1tky do hlub\u0161\u00edch \u010d\u00e1st\u00ed poko\u017eky.<\/h4>\t\t\t\t<\/div>\n\t\t\t\t<\/div>\n\t\t\t\t<div class=\"elementor-element elementor-element-109be9f elementor-widget elementor-widget-heading\" data-id=\"109be9f\" data-element_type=\"widget\" data-widget_type=\"heading.default\">\n\t\t\t\t<div class=\"elementor-widget-container\">\n\t\t\t\t\t<h4 class=\"elementor-heading-title elementor-size-default\">Oblasti pou\u017eit\u00ed polyabraze<\/h4>\t\t\t\t<\/div>\n\t\t\t\t<\/div>\n\t\t\t\t<div class=\"elementor-element elementor-element-cdaaeb7 elementor-widget elementor-widget-text-editor\" data-id=\"cdaaeb7\" data-element_type=\"widget\" data-widget_type=\"text-editor.default\">\n\t\t\t\t<div class=\"elementor-widget-container\">\n\t\t\t\t\t\t\t\t\t<p><strong>Mastn\u00e1 a sm\u00ed\u0161en\u00e1 ple\u0165.<\/strong><\/p><p>Mastn\u00e1 a sm\u00ed\u0161en\u00e1 ple\u0165 m\u00e1 zv\u00fd\u0161enou produkci ko\u017en\u00edho mazu, tak\u017ee se intenzivn\u011b \"leskne\", v\u00fdvody vlasov\u00e9ho a mazov\u00e9ho apar\u00e1tu jsou v\u00fdrazn\u011b roz\u0161\u00ed\u0159en\u00e9 a ple\u0165 je obvykle zne\u010di\u0161t\u011bn\u00e1 \u010dern\u00fdmi te\u010dkami. D\u00edky o\u0161et\u0159en\u00ed\u00a0<strong>Polyabraze<\/strong>\u00fa\u010dinn\u011b odstra\u0148uj\u00ed odum\u0159el\u00e9 ko\u017en\u00ed bu\u0148ky, co\u017e zlep\u0161uje tonus poko\u017eky a omezuje p\u016fsoben\u00ed anaerobn\u00edch bakteri\u00ed. T\u00edm se sni\u017euje riziko vzniku hnisav\u00fdch l\u00e9z\u00ed. Systematick\u00e9 o\u0161et\u0159en\u00ed zu\u017euje \u00fast\u00ed chloupk\u016f a mazov\u00e9ho apar\u00e1tu a sni\u017euje produkci ko\u017en\u00edho mazu, co\u017e v\u00fdrazn\u011b zlep\u0161uje vzhled poko\u017eky. O\u0161et\u0159en\u00ed je \u00fa\u010dinn\u00e9, ale nedr\u00e1\u017ed\u00ed nadm\u011brn\u011b poko\u017eku. To je nesm\u00edrn\u011b d\u016fle\u017eit\u00e9 pro klienty se sm\u00ed\u0161enou nebo mastnou plet\u00ed, stejn\u011b jako pro citlivou a c\u00e9vn\u00ed ple\u0165.<\/p>\t\t\t\t\t\t\t\t<\/div>\n\t\t\t\t<\/div>\n\t\t\t\t<div class=\"elementor-element elementor-element-b6c421b elementor-widget elementor-widget-text-editor\" data-id=\"b6c421b\" data-element_type=\"widget\" data-widget_type=\"text-editor.default\">\n\t\t\t\t<div class=\"elementor-widget-container\">\n\t\t\t\t\t\t\t\t\t<p><strong>Zral\u00e1 ple\u0165 (po 40. roce v\u011bku).<\/strong><\/p><p>Po 40. roce \u017eivota p\u0159est\u00e1v\u00e1 ple\u0165 produkovat l\u00e1tky, kter\u00e9 zaru\u010duj\u00ed mlad\u00fd a sv\u011b\u017e\u00ed vzhled. Zral\u00e1 ple\u0165 by se nem\u011bla p\u0159\u00edli\u0161 nam\u00e1hat, tahat ani o\u0161et\u0159ovat p\u0159\u00edli\u0161 agresivn\u00edmi abrazivn\u00edmi postupy, proto\u017ee to urychluje proces st\u00e1rnut\u00ed. D\u00edky kombinaci p\u016fsoben\u00ed kyselin a steriln\u00ed hlavice pro\u00a0<strong>Polyabraze<\/strong>\u00fa\u010dinn\u011b, ale neinvazivn\u011b \u010dist\u00ed poko\u017eku od odum\u0159el\u00fdch bun\u011bk a nav\u00edc ji stimuluje. Konstrukce hlavice n\u00e1m umo\u017e\u0148uje pracovat na nejcitliv\u011bj\u0161\u00edch parti\u00edch zral\u00e9 pleti, nep\u0159\u00edstupn\u00fdch b\u011b\u017en\u00fdm o\u0161et\u0159en\u00edm (okol\u00ed o\u010d\u00ed, \u00fast, brady, krku, dekoltu), kter\u00e1 jsou pro ple\u0165 p\u0159\u00edli\u0161 mechanicky dr\u00e1\u017ediv\u00e1. Pr\u00e1ce s hlavic\u00ed v t\u011bchto oblastech umo\u017e\u0148uje dos\u00e1hnout nejen efektu vy\u010di\u0161t\u011bn\u00ed pleti, ale p\u0159edev\u0161\u00edm vyhlazen\u00ed a zpli\u0161en\u00ed mimick\u00fdch vr\u00e1sek.<\/p>\t\t\t\t\t\t\t\t<\/div>\n\t\t\t\t<\/div>\n\t\t\t\t<div class=\"elementor-element elementor-element-2da4958 elementor-widget elementor-widget-text-editor\" data-id=\"2da4958\" data-element_type=\"widget\" data-widget_type=\"text-editor.default\">\n\t\t\t\t<div class=\"elementor-widget-container\">\n\t\t\t\t\t\t\t\t\t<p><strong>C\u00e9vn\u00ed k\u016f\u017ee.<\/strong><\/p><p>Jedn\u00e1 se o extr\u00e9mn\u011b obt\u00ed\u017en\u00fd typ pleti, kter\u00fd vlastn\u011b vylu\u010duje pou\u017eit\u00ed mnoha kosmetick\u00fdch postup\u016f, kter\u00e9 jsou pro ni sice \u00fa\u010dinn\u00e9, ale p\u0159\u00edli\u0161 agresivn\u00ed. Navzdory p\u0159ecitliv\u011blosti c\u00e9vn\u00ed poko\u017eky ji abrazivn\u00ed hlavice nedr\u00e1\u017ed\u00ed ani nezah\u0159\u00edv\u00e1. Speci\u00e1ln\u00ed program jemn\u011b, ale \u00fa\u010dinn\u011b odstra\u0148uje odum\u0159el\u00e9 ko\u017en\u00ed bu\u0148ky, zat\u00edmco rota\u010dn\u00ed pohyb hlavice nav\u00edc stimuluje poko\u017eku p\u0159\u00edjemnou mas\u00e1\u017e\u00ed. Po o\u0161et\u0159en\u00ed je ple\u0165 rozjasn\u011bn\u00e1 a o\u010di\u0161t\u011bn\u00e1 od vrstev odum\u0159el\u00fdch bun\u011bk.<\/p>\t\t\t\t\t\t\t\t<\/div>\n\t\t\t\t<\/div>\n\t\t\t\t<div class=\"elementor-element elementor-element-3b14538 elementor-widget elementor-widget-text-editor\" data-id=\"3b14538\" data-element_type=\"widget\" data-widget_type=\"text-editor.default\">\n\t\t\t\t<div class=\"elementor-widget-container\">\n\t\t\t\t\t\t\t\t\t<p><strong>Ple\u0165 se sklonem k akn\u00e9.<\/strong><\/p><p dir=\"auto\">V ordinaci je p\u00e9\u010de o n\u011bj velmi obt\u00ed\u017en\u00e1, hnisav\u00e9 exsud\u00e1ty br\u00e1n\u00ed exfoliaci a mechanick\u00e9 stimulaci, co\u017e v\u00fdrazn\u011b omezuje mo\u017enosti o\u0161et\u0159en\u00ed v ordinaci. Na druhou stranu je pro l\u00e9\u010dbu tohoto onemocn\u011bn\u00ed nesm\u00edrn\u011b d\u016fle\u017eit\u00e1 spr\u00e1vn\u00e1 p\u00e9\u010de, kter\u00e1 zahrnuje o\u010di\u0161t\u011bn\u00ed k\u016f\u017ee od odum\u0159el\u00fdch ko\u017en\u00edch usazenin, co\u017e omezuje pole p\u016fsobnosti anaerobn\u00edch bakteri\u00ed. Steriln\u00ed n\u00e1sadce jsou pro tento \u00fa\u010del ide\u00e1ln\u00ed, proto\u017ee riziko kontaminace je b\u011bhem o\u0161et\u0159en\u00ed minimalizov\u00e1no a tvar n\u00e1sadce umo\u017e\u0148uje optimalizovat povrch epidermis, co\u017e \u00fa\u010dinn\u011b zabra\u0148uje vzniku hnisav\u00fdch l\u00e9z\u00ed. Dal\u0161\u00edm probl\u00e9mem je jizven\u00ed a zm\u011bna barvy, o\u0161et\u0159en\u00ed\u00a0<strong>Polyabraze<\/strong>\u00a0P\u0159i s\u00e9riov\u00e9m prov\u00e1d\u011bn\u00ed tak\u00e9 skv\u011ble vyhlazuj\u00ed a rozjas\u0148uj\u00ed poko\u017eku.<\/p>\t\t\t\t\t\t\t\t<\/div>\n\t\t\t\t<\/div>\n\t\t\t\t\t<\/div>\n\t\t<\/div>\n\t\t\t\t\t<\/div>\n\t\t<\/section>\n\t\t\t\t<\/div>","protected":false},"excerpt":{"rendered":"<p>O\u010distn\u00e9 o\u0161et\u0159en\u00ed - ide\u00e1ln\u00ed pro l\u00e9to i mimo n\u011bj... O\u0161et\u0159en\u00ed doporu\u010den\u00e9 pro klienty v\u0161ech v\u011bkov\u00fdch kategori\u00ed. D\u00edky speci\u00e1ln\u011b vyvinut\u00e9 technologii je o\u0161et\u0159en\u00ed bezpe\u010dn\u00e9 pro ka\u017edou ple\u0165. C\u00edlem o\u0161et\u0159en\u00ed je vy\u010distit a vy\u017eivit ple\u0165. O\u0161et\u0159en\u00ed se prov\u00e1d\u00ed v kombinaci s terapi\u00ed Arosha - na m\u00edru individu\u00e1ln\u00edm pot\u0159eb\u00e1m klienta. Jedn\u00e1 se o steriln\u00ed a inovativn\u00ed o\u0161et\u0159en\u00ed, p\u0159i kter\u00e9m se odstra\u0148uje [...].<\/p>","protected":false},"author":1,"featured_media":0,"parent":0,"menu_order":0,"comment_status":"closed","ping_status":"closed","template":"","meta":{"footnotes":""},"class_list":["post-2033","page","type-page","status-publish","hentry"],"_links":{"self":[{"href":"https:\/\/zabiegilaserowe.com\/cs\/wp-json\/wp\/v2\/pages\/2033","targetHints":{"allow":["GET"]}}],"collection":[{"href":"https:\/\/zabiegilaserowe.com\/cs\/wp-json\/wp\/v2\/pages"}],"about":[{"href":"https:\/\/zabiegilaserowe.com\/cs\/wp-json\/wp\/v2\/types\/page"}],"author":[{"embeddable":true,"href":"https:\/\/zabiegilaserowe.com\/cs\/wp-json\/wp\/v2\/users\/1"}],"replies":[{"embeddable":true,"href":"https:\/\/zabiegilaserowe.com\/cs\/wp-json\/wp\/v2\/comments?post=2033"}],"version-history":[{"count":4,"href":"https:\/\/zabiegilaserowe.com\/cs\/wp-json\/wp\/v2\/pages\/2033\/revisions"}],"predecessor-version":[{"id":2039,"href":"https:\/\/zabiegilaserowe.com\/cs\/wp-json\/wp\/v2\/pages\/2033\/revisions\/2039"}],"wp:attachment":[{"href":"https:\/\/zabiegilaserowe.com\/cs\/wp-json\/wp\/v2\/media?parent=2033"}],"curies":[{"name":"wp","href":"https:\/\/api.w.org\/{rel}","templated":true}]}}